{"id":140396,"date":"2023-03-20T11:58:48","date_gmt":"2023-03-20T10:58:48","guid":{"rendered":"https:\/\/secureus.se\/monteringsstolpe-sa602h-15\/"},"modified":"2026-01-12T13:19:36","modified_gmt":"2026-01-12T12:19:36","slug":"monteringsstolpe-sa602h-15","status":"publish","type":"product","link":"https:\/\/secureus.se\/fr\/monteringsstolpe-sa602h-15\/","title":{"rendered":"Poteau de montage Safetron SA602H-15"},"content":{"rendered":"<p>Poteau de montage coud\u00e9 en inox pour plaque d&#039;extr\u00e9mit\u00e9 \u00e9lectrique SAFETRON ES17 \/ ES19 adapt\u00e9e aux charpentes en bois et en m\u00e9tal. \u00c0 utiliser avec le verrou \u00e0 pression \u00e9lectrique SAFETRON SL620 ou ABLOY EL580.<\/p>\n<p>\u2022 \u00c0 utiliser avec les serrures \u00e0 pression \u00e9lectriques<br \/>\n<br \/>\n\u2022 Pour porte battante \u00e0 droite<br \/>\n<br \/>\n\u2022 Taille de la langue\u00a0: 15\u00a0mm<br \/>\n<br \/>\n\u2022 Dimensions\u00a0: (hxlxp) 245x40x15 mm<\/p>","protected":false},"excerpt":{"rendered":"<h5><a href=\"https:\/\/www.safetron.com\/stolpguide\/\" target=\"_blank\" rel=\"noopener\">Guide des poteaux de montage Safetrons<\/a><\/h5>","protected":false},"featured_media":140395,"template":"","meta":{"_acf_changed":false},"product_brand":[],"product_cat":[4735],"product_tag":[4440,4866],"class_list":{"0":"post-140396","1":"product","2":"type-product","3":"status-publish","4":"has-post-thumbnail","6":"product_cat-monteringsstolpe","7":"product_tag-safetron-montagestolpar-es17-es19-sa-modell","8":"product_tag-safetron-20","9":"product_shipping_class-tunga-paket","10":"pa_brands-7safetron","11":"tm-has-options","13":"first","14":"instock","15":"featured","16":"taxable","17":"shipping-taxable","18":"purchasable","19":"product-type-simple"},"acf":[],"_links":{"self":[{"href":"https:\/\/secureus.se\/fr\/wp-json\/wp\/v2\/product\/140396","targetHints":{"allow":["GET"]}}],"collection":[{"href":"https:\/\/secureus.se\/fr\/wp-json\/wp\/v2\/product"}],"about":[{"href":"https:\/\/secureus.se\/fr\/wp-json\/wp\/v2\/types\/product"}],"wp:featuredmedia":[{"embeddable":true,"href":"https:\/\/secureus.se\/fr\/wp-json\/wp\/v2\/media\/140395"}],"wp:attachment":[{"href":"https:\/\/secureus.se\/fr\/wp-json\/wp\/v2\/media?parent=140396"}],"wp:term":[{"taxonomy":"product_brand","embeddable":true,"href":"https:\/\/secureus.se\/fr\/wp-json\/wp\/v2\/product_brand?post=140396"},{"taxonomy":"product_cat","embeddable":true,"href":"https:\/\/secureus.se\/fr\/wp-json\/wp\/v2\/product_cat?post=140396"},{"taxonomy":"product_tag","embeddable":true,"href":"https:\/\/secureus.se\/fr\/wp-json\/wp\/v2\/product_tag?post=140396"}],"curies":[{"name":"wp","href":"https:\/\/api.w.org\/{rel}","templated":true}]}}