{"id":140447,"date":"2023-09-26T13:08:07","date_gmt":"2023-09-26T11:08:07","guid":{"rendered":"https:\/\/secureus.se\/elslutbleck-step-28e-hoger-rattvand-24v-12mm-regel\/"},"modified":"2026-04-08T16:06:16","modified_gmt":"2026-04-08T14:06:16","slug":"elslutbleck-step-28e-hoger-rattvand-24v-12mm-regel","status":"publish","type":"product","link":"https:\/\/secureus.se\/fr\/elslutbleck-step-28e-hoger-rattvand-24v-12mm-regel\/","title":{"rendered":"Plaque d&#039;extr\u00e9mit\u00e9 \u00e9lectrique STEP 28E Droite Face droite 24V R\u00e8gle 12mm"},"content":{"rendered":"<h1>Plaque d&#039;extr\u00e9mit\u00e9 \u00e9lectrique STEP 28E Droite Face droite 24V R\u00e8gle 12mm<\/h1>\n<p>STEP 28E Secure est une g\u00e2che \u00e9lectrique avec fonction droite pour portes \u00e0 ouverture \u00e0 droite. Pour boulon Modul 12 mm, classe de feu E\/EI60, contact \u00e0 piston et c\u00e2ble sans halog\u00e8ne de 5 m.<\/p>\n<p class=\"\" data-start=\"248\" data-end=\"635\">La g\u00e2che \u00e9lectrique STEP 28E Secure est une g\u00e2che \u00e9lectrique haute performance qui combine des fonctions class\u00e9es de s\u00e9curit\u00e9 avec une certification incendie et la possibilit\u00e9 d&#039;\u00e9vacuation.<\/p>\n<p class=\"\" data-start=\"248\" data-end=\"635\">D\u00e9velopp\u00e9e pour \u00eatre utilis\u00e9e avec des serrures \u00e0 tenon et mortaise ou des serrures \u00e0 mortaise de la s\u00e9rie Modul, cette g\u00e2che \u00e9lectrique offre un syst\u00e8me de verrouillage et d&#039;ouverture tr\u00e8s fiable o\u00f9 le loquet \u00e0 pousser garantit toujours la fermeture de la porte.<\/p>\n<p class=\"\" data-start=\"637\" data-end=\"1010\">Le mod\u00e8le est destin\u00e9 aux portes \u00e0 ouverture \u00e0 droite et dispose d&#039;une fonction \u00e0 droite, ce qui signifie qu&#039;il est verrouill\u00e9 en cas de panne de courant - une exigence dans de nombreux environnements de s\u00e9curit\u00e9.<\/p>\n<p class=\"\" data-start=\"637\" data-end=\"1010\">La g\u00e2che \u00e9lectrique est homologu\u00e9e selon la classe de r\u00e9sistance au feu E\/EI60 et est compatible avec les serrures d&#039;\u00e9vacuation d&#039;urgence selon SS-EN 179, ce qui la rend particuli\u00e8rement adapt\u00e9e aux environnements avec des exigences \u00e9lev\u00e9es en mati\u00e8re de s\u00e9curit\u00e9 d&#039;\u00e9vacuation et de fonctionnement fiable.<\/p>\n<p class=\"\" data-start=\"1012\" data-end=\"1285\">La g\u00e2che \u00e9lectrique STEP 28E est \u00e9quip\u00e9e d&#039;un contact \u00e0 piston et d&#039;un contact \u00e0 verrouillage pour fournir un retour fiable aux syst\u00e8mes d&#039;alarme et de contr\u00f4le d&#039;acc\u00e8s.<\/p>\n<p class=\"\" data-start=\"1012\" data-end=\"1285\">La r\u00e9sistance \u00e0 la rupture \u00e9lev\u00e9e de plus de 15 kN et la capacit\u00e9 d&#039;ouverture malgr\u00e9 une pression de bande allant jusqu&#039;\u00e0 500 kg en font un choix robuste et s\u00fbr.<\/p>\n<p class=\"\" data-start=\"1287\" data-end=\"1315\"><strong data-start=\"1287\" data-end=\"1313\">Caract\u00e9ristiques et avantages :<\/strong><\/p>\n<ul data-start=\"1316\" data-end=\"1630\">\n<li class=\"\" data-start=\"1316\" data-end=\"1349\">\n<p class=\"\" data-start=\"1318\" data-end=\"1349\">Pour piston de 12 mm de la s\u00e9rie Modul<\/p>\n<\/li>\n<li class=\"\" data-start=\"1350\" data-end=\"1389\">\n<p class=\"\" data-start=\"1352\" data-end=\"1389\">Fonctionnement correct \u2013 verrouill\u00e9 sans alimentation<\/p>\n<\/li>\n<li class=\"\" data-start=\"1390\" data-end=\"1412\">\n<p class=\"\" data-start=\"1392\" data-end=\"1412\">Portes \u00e0 charni\u00e8res \u00e0 droite<\/p>\n<\/li>\n<li class=\"\" data-start=\"1413\" data-end=\"1443\">\n<p class=\"\" data-start=\"1415\" data-end=\"1443\">R\u00e9sistance au feu selon la norme E\/EI60<\/p>\n<\/li>\n<li class=\"\" data-start=\"1444\" data-end=\"1495\">\n<p class=\"\" data-start=\"1446\" data-end=\"1495\">Contact de piston et de verrouillage pour indication d&#039;\u00e9tat<\/p>\n<\/li>\n<li class=\"\" data-start=\"1496\" data-end=\"1526\">\n<p class=\"\" data-start=\"1498\" data-end=\"1526\">R\u00e9sistance \u00e0 la rupture sup\u00e9rieure \u00e0 15 kN<\/p>\n<\/li>\n<li class=\"\" data-start=\"1527\" data-end=\"1551\">\n<p class=\"\" data-start=\"1529\" data-end=\"1551\">R\u00e9siste \u00e0 500 kg de pression de bande<\/p>\n<\/li>\n<li class=\"\" data-start=\"1552\" data-end=\"1591\">\n<p class=\"\" data-start=\"1554\" data-end=\"1591\">Protection anti-cliquetis et diode de protection int\u00e9gr\u00e9e<\/p>\n<\/li>\n<li class=\"\" data-start=\"1592\" data-end=\"1630\">\n<p class=\"\" data-start=\"1594\" data-end=\"1630\">C\u00e2ble sans halog\u00e8ne de 5 m\u00e8tres inclus<\/p>\n<\/li>\n<\/ul>\n<p class=\"\" data-start=\"1632\" data-end=\"1861\"><strong data-start=\"1632\" data-end=\"1655\">Domaines d&#039;utilisation :<\/strong><br data-start=\"1655\" data-end=\"1658\" \/>Convient aux portes de s\u00e9curit\u00e9, par exemple dans les palais de justice, les b\u00e2timents gouvernementaux, les \u00e9coles et les propri\u00e9t\u00e9s commerciales, o\u00f9 les exigences de s\u00e9curit\u00e9 incendie et l&#039;ouverture automatique des portes doivent \u00eatre combin\u00e9es \u00e0 une r\u00e9sistance \u00e9lev\u00e9e \u00e0 l&#039;effraction.<\/p>\n<p class=\"\" data-start=\"1863\" data-end=\"2270\"><strong data-start=\"1863\" data-end=\"1892\">Sp\u00e9cifications techniques\u00a0:<\/strong><br data-start=\"1892\" data-end=\"1895\" \/>Tension de fonctionnement : 24 V CC (21,6-27,6 V)<br data-start=\"1931\" data-end=\"1934\" \/>Consommation \u00e9lectrique : 500 mA d\u00e9verrouill\u00e9<br data-start=\"1964\" data-end=\"1967\" \/>Contact du piston : Microrupteur, max. 30 V CC \/ 1 A<br data-start=\"2012\" data-end=\"2015\" \/>Charni\u00e8re de porte : droite<br data-start=\"2034\" data-end=\"2037\" \/>Longueur du c\u00e2ble : 5 m\u00e8tres, sans halog\u00e8ne<br data-start=\"2068\" data-end=\"2071\" \/>R\u00e9sistance \u00e0 la rupture : 1500 kg<br data-start=\"2095\" data-end=\"2098\" \/>Pression nominale : 500 kg<br data-start=\"2115\" data-end=\"2118\" \/>Type de serrure : Serrure \u00e0 crochet, Serrure \u00e0 loquet<br data-start=\"2147\" data-end=\"2150\" \/>Chute \u00e0 double torsion : Oui<br data-start=\"2169\" data-end=\"2172\" \/>Dimensions (LxPxH) : 35 x 40 x 230 mm<br data-start=\"2202\" data-end=\"2205\" \/>Traitement de surface : Acier inoxydable<br data-start=\"2226\" data-end=\"2229\" \/>Produit de construction \u00e9valu\u00e9 : Oui<br data-start=\"2247\" data-end=\"2250\" \/>SundaHouse not\u00e9 : Oui<\/p>","protected":false},"excerpt":{"rendered":"<p>Vous pouvez voir ici quels poteaux et mod\u00e8les s&#039;adaptent ensemble \u00e0 partir de la gamme STEP de but\u00e9es de porte \u00e9lectriques.<\/p>\n<h5><strong><a href=\"https:\/\/steplock.com\/sv\/stolpguide\/#!?lang=sv&amp;blog_id=1&amp;paged=1&amp;number=50\" target=\"_blank\" rel=\"noopener\">Guide de publication STEP\u00a0<\/a><\/strong><\/h5>\n<h5><strong><a href=\"https:\/\/steplock.com\/sv\/projekteringsguide\/#!?lang=sv&amp;blog_id=1&amp;paged=1&amp;number=999\" target=\"_blank\" rel=\"noopener\">Guide de conception STEP<\/a><\/strong><\/h5>","protected":false},"featured_media":140445,"template":"","meta":{"_acf_changed":false},"product_brand":[],"product_cat":[3355],"product_tag":[4197,4200],"class_list":{"0":"post-140447","1":"product","2":"type-product","3":"status-publish","4":"has-post-thumbnail","6":"product_cat-elslutbleck","7":"product_tag-24v","8":"product_tag-rattvand","9":"product_shipping_class-tunga-paket","10":"pa_brands-step","11":"tm-no-options","13":"first","14":"onbackorder","15":"sale","16":"taxable","17":"shipping-taxable","18":"purchasable","19":"product-type-simple"},"acf":[],"_links":{"self":[{"href":"https:\/\/secureus.se\/fr\/wp-json\/wp\/v2\/product\/140447","targetHints":{"allow":["GET"]}}],"collection":[{"href":"https:\/\/secureus.se\/fr\/wp-json\/wp\/v2\/product"}],"about":[{"href":"https:\/\/secureus.se\/fr\/wp-json\/wp\/v2\/types\/product"}],"wp:featuredmedia":[{"embeddable":true,"href":"https:\/\/secureus.se\/fr\/wp-json\/wp\/v2\/media\/140445"}],"wp:attachment":[{"href":"https:\/\/secureus.se\/fr\/wp-json\/wp\/v2\/media?parent=140447"}],"wp:term":[{"taxonomy":"product_brand","embeddable":true,"href":"https:\/\/secureus.se\/fr\/wp-json\/wp\/v2\/product_brand?post=140447"},{"taxonomy":"product_cat","embeddable":true,"href":"https:\/\/secureus.se\/fr\/wp-json\/wp\/v2\/product_cat?post=140447"},{"taxonomy":"product_tag","embeddable":true,"href":"https:\/\/secureus.se\/fr\/wp-json\/wp\/v2\/product_tag?post=140447"}],"curies":[{"name":"wp","href":"https:\/\/api.w.org\/{rel}","templated":true}]}}