{"id":140463,"date":"2023-09-26T13:07:57","date_gmt":"2023-09-26T11:07:57","guid":{"rendered":"https:\/\/secureus.se\/elslutbleck-step-18-vanster-omvand-24v-7mm-regel-connect\/"},"modified":"2026-04-08T16:20:37","modified_gmt":"2026-04-08T14:20:37","slug":"elslutbleck-step-18-vanster-omvand-24v-7mm-regel-connect","status":"publish","type":"product","link":"https:\/\/secureus.se\/fr\/elslutbleck-step-18-vanster-omvand-24v-7mm-regel-connect\/","title":{"rendered":"Plaque d&#039;extr\u00e9mit\u00e9 \u00e9lectrique STEP 18 Gauche Inverse 24V 7mm Regel Connect"},"content":{"rendered":"<h1>Plaque d&#039;extr\u00e9mit\u00e9 \u00e9lectrique STEP 18 Gauche Inverse 24V 7mm Regel Connect<\/h1>\n<p>STEP 18 Secure est une g\u00e2che \u00e9lectrique robuste avec fonction inverse et la classe de s\u00e9curit\u00e9 la plus \u00e9lev\u00e9e. Convient aux portes suspendues \u00e0 gauche avec serrures \u00e0 p\u00eane (7 mm) de la s\u00e9rie Connect et comprend un poussoir et un contact de verrouillage.<\/p>\n<p class=\"\" data-start=\"286\" data-end=\"751\">La g\u00e2che \u00e9lectrique STEP 18 Secure est con\u00e7ue pour les environnements de porte avec des exigences tr\u00e8s \u00e9lev\u00e9es en mati\u00e8re de s\u00e9curit\u00e9, de fonctionnalit\u00e9 et de fiabilit\u00e9 op\u00e9rationnelle.<\/p>\n<p class=\"\" data-start=\"286\" data-end=\"751\">Cette g\u00e2che \u00e9lectrique est particuli\u00e8rement adapt\u00e9e \u00e0 l&#039;installation dans des portes avec de nombreuses entr\u00e9es et sorties quotidiennes - par exemple, les portes de s\u00e9curit\u00e9 dans les b\u00e2timents publics, les prisons, les autorit\u00e9s et les banques.<\/p>\n<p class=\"\" data-start=\"286\" data-end=\"751\">La fonction inverse signifie que la plaque est d\u00e9verrouill\u00e9e en position hors tension, ce qui est une exigence courante dans les environnements d&#039;\u00e9vacuation.<\/p>\n<p class=\"\" data-start=\"753\" data-end=\"1181\">STEP 18 est test\u00e9 et approuv\u00e9 selon RC4 et est class\u00e9 au feu jusqu&#039;\u00e0 E\/EI 60. Il est \u00e9quip\u00e9 de micro-interrupteurs qui fournissent \u00e0 la fois un contact \u00e0 piston et un contact \u00e0 loquet, permettant d&#039;indiquer l&#039;\u00e9tat de la porte et de la serrure.<\/p>\n<p class=\"\" data-start=\"753\" data-end=\"1181\">Cela rend la t\u00f4le enti\u00e8rement int\u00e9grable dans les syst\u00e8mes de contr\u00f4le d&#039;acc\u00e8s et les syst\u00e8mes d&#039;alarme. Avec une r\u00e9sistance \u00e0 la rupture de 15 kN (environ 1 500 kg) et une r\u00e9sistance \u00e0 la pression de la bande de 500 kg, STEP 18 offre une durabilit\u00e9 et une s\u00e9curit\u00e9 exceptionnelles.<\/p>\n<p class=\"\" data-start=\"1183\" data-end=\"1332\">Cette plaque est destin\u00e9e aux serrures \u00e0 p\u00eane avec piston de 7 mm de la s\u00e9rie Connect, est fournie avec un c\u00e2ble de connexion sans halog\u00e8ne de 5 m\u00e8tres et convient aux portes suspendues \u00e0 gauche.<\/p>\n<p class=\"\" data-start=\"1334\" data-end=\"1360\"><strong data-start=\"1334\" data-end=\"1360\">Caract\u00e9ristiques et avantages :<\/strong><\/p>\n<ul data-start=\"1361\" data-end=\"1581\">\n<li class=\"\" data-start=\"1361\" data-end=\"1404\">\n<p class=\"\" data-start=\"1363\" data-end=\"1404\">Fonction inverse \u2013 d\u00e9verrouillage en cas de panne de courant<\/p>\n<\/li>\n<li class=\"\" data-start=\"1405\" data-end=\"1441\">\n<p class=\"\" data-start=\"1407\" data-end=\"1441\">Pour serrures \u00e0 p\u00eane de 7 mm (s\u00e9rie Connect)<\/p>\n<\/li>\n<li class=\"\" data-start=\"1442\" data-end=\"1474\">\n<p class=\"\" data-start=\"1444\" data-end=\"1474\">Interrupteur \u00e0 piston et \u00e0 loquet int\u00e9gr\u00e9<\/p>\n<\/li>\n<li class=\"\" data-start=\"1475\" data-end=\"1495\">\n<p class=\"\" data-start=\"1477\" data-end=\"1495\">Classe de feu E\/EI 60<\/p>\n<\/li>\n<li class=\"\" data-start=\"1496\" data-end=\"1520\">\n<p class=\"\" data-start=\"1498\" data-end=\"1520\">R\u00e9sistance \u00e0 la rupture : 15 kN<\/p>\n<\/li>\n<li class=\"\" data-start=\"1521\" data-end=\"1544\">\n<p class=\"\" data-start=\"1523\" data-end=\"1544\">R\u00e9siste \u00e0 une pression de bande de 5 kN<\/p>\n<\/li>\n<li class=\"\" data-start=\"1545\" data-end=\"1581\">\n<p class=\"\" data-start=\"1547\" data-end=\"1581\">C\u00e2ble sans halog\u00e8ne de 5 m\u00e8tres inclus<\/p>\n<\/li>\n<\/ul>","protected":false},"excerpt":{"rendered":"<p>Vous pouvez voir ici quels poteaux et mod\u00e8les s&#039;adaptent ensemble \u00e0 partir de la gamme STEP de but\u00e9es de porte \u00e9lectriques.<\/p>\n<h5><strong><a href=\"https:\/\/steplock.com\/sv\/stolpguide\/#!?lang=sv&amp;blog_id=1&amp;paged=1&amp;number=50\" target=\"_blank\" rel=\"noopener\">Guide de publication STEP\u00a0<\/a><\/strong><\/h5>\n<h5><strong><a href=\"https:\/\/steplock.com\/sv\/projekteringsguide\/#!?lang=sv&amp;blog_id=1&amp;paged=1&amp;number=999\" target=\"_blank\" rel=\"noopener\">Guide de conception STEP<\/a><\/strong><\/h5>","protected":false},"featured_media":140461,"template":"","meta":{"_acf_changed":false},"product_brand":[],"product_cat":[3355],"product_tag":[4197,4201],"class_list":{"0":"post-140463","1":"product","2":"type-product","3":"status-publish","4":"has-post-thumbnail","6":"product_cat-elslutbleck","7":"product_tag-24v","8":"product_tag-omvand","9":"product_shipping_class-tunga-paket","10":"pa_brands-step","11":"tm-no-options","13":"first","14":"onbackorder","15":"sale","16":"taxable","17":"shipping-taxable","18":"purchasable","19":"product-type-simple"},"acf":[],"_links":{"self":[{"href":"https:\/\/secureus.se\/fr\/wp-json\/wp\/v2\/product\/140463","targetHints":{"allow":["GET"]}}],"collection":[{"href":"https:\/\/secureus.se\/fr\/wp-json\/wp\/v2\/product"}],"about":[{"href":"https:\/\/secureus.se\/fr\/wp-json\/wp\/v2\/types\/product"}],"wp:featuredmedia":[{"embeddable":true,"href":"https:\/\/secureus.se\/fr\/wp-json\/wp\/v2\/media\/140461"}],"wp:attachment":[{"href":"https:\/\/secureus.se\/fr\/wp-json\/wp\/v2\/media?parent=140463"}],"wp:term":[{"taxonomy":"product_brand","embeddable":true,"href":"https:\/\/secureus.se\/fr\/wp-json\/wp\/v2\/product_brand?post=140463"},{"taxonomy":"product_cat","embeddable":true,"href":"https:\/\/secureus.se\/fr\/wp-json\/wp\/v2\/product_cat?post=140463"},{"taxonomy":"product_tag","embeddable":true,"href":"https:\/\/secureus.se\/fr\/wp-json\/wp\/v2\/product_tag?post=140463"}],"curies":[{"name":"wp","href":"https:\/\/api.w.org\/{rel}","templated":true}]}}