{"id":140473,"date":"2023-09-26T13:07:54","date_gmt":"2023-09-26T11:07:54","guid":{"rendered":"https:\/\/secureus.se\/elslutbleck-step-15-vanster-rattvand\/"},"modified":"2026-04-23T12:41:12","modified_gmt":"2026-04-23T10:41:12","slug":"elslutbleck-step-15-vanster-rattvand","status":"publish","type":"product","link":"https:\/\/secureus.se\/fr\/elslutbleck-step-15-vanster-rattvand\/","title":{"rendered":"Plaque de terminaison \u00e9lectrique \u00c9TAPE 15 Gauche Face \u00e0 droite"},"content":{"rendered":"<div>\n<div>\n<div>\n<h1>Plaque de terminaison \u00e9lectrique \u00c9TAPE 15 Gauche Face \u00e0 droite<\/h1>\n<p>STEP 15 Secure est une g\u00e2che \u00e9lectrique haute s\u00e9curit\u00e9 avec fonction frontale, con\u00e7ue pour les environnements \u00e0 exigences extr\u00eames tels que les banques et les prisons. Adapt\u00e9 aux portes \u00e0 ouverture \u00e0 gauche avec serrures ASSA 7787\/9787.<\/p>\n<p class=\"\" data-start=\"277\" data-end=\"677\">STEP 15 Secure est une g\u00e2che \u00e9lectrique robuste et performante d\u00e9velopp\u00e9e pour \u00eatre utilis\u00e9e dans des environnements de porte o\u00f9 le niveau de s\u00e9curit\u00e9 est crucial, par exemple dans les banques, les installations de d\u00e9fense et les prisons.<\/p>\n<p class=\"\" data-start=\"277\" data-end=\"677\">La construction robuste est sp\u00e9cialement dimensionn\u00e9e pour r\u00e9sister \u00e0 des contraintes m\u00e9caniques \u00e9lev\u00e9es et en m\u00eame temps assurer un verrouillage et un d\u00e9verrouillage rapides m\u00eame en cas de trafic intense.<\/p>\n<p class=\"\" data-start=\"679\" data-end=\"1076\">Le produit est adapt\u00e9 aux serrures \u00e0 crochet telles que ASSA 7787 ou 9787 et est approuv\u00e9 pour une r\u00e9sistance au feu jusqu&#039;\u00e0 60 minutes.<\/p>\n<p class=\"\" data-start=\"679\" data-end=\"1076\">Gr\u00e2ce \u00e0 la fonction orient\u00e9e vers la droite, la t\u00f4le est verrouill\u00e9e en position hors tension, ce qui assure une protection efficace m\u00eame en cas de panne de courant. STEP 15 est \u00e9quip\u00e9 d&#039;un verrou tournant en acier tremp\u00e9 et d&#039;un bo\u00eetier de verrouillage et d&#039;un poteau de montage en acier inoxydable, ce qui le rend extr\u00eamement durable et r\u00e9sistant aux attaques.<\/p>\n<p class=\"\" data-start=\"1078\" data-end=\"1355\">Les contacts de piston et de loquet int\u00e9gr\u00e9s fournissent un retour clair sur l&#039;\u00e9tat de la porte et permettent la connexion aux syst\u00e8mes de contr\u00f4le d&#039;acc\u00e8s et aux alarmes.<\/p>\n<p class=\"\" data-start=\"1078\" data-end=\"1355\">Avec une r\u00e9sistance \u00e0 la rupture de plus de 16 kN (environ 1 600 kg), une protection contre les transitoires et une protection contre les chocs, STEP 15 est un choix \u00e9vident pour les installations critiques pour la s\u00e9curit\u00e9.<\/p>\n<p class=\"\" data-start=\"1357\" data-end=\"1385\"><strong data-start=\"1357\" data-end=\"1383\">Caract\u00e9ristiques et avantages :<\/strong><\/p>\n<ul data-start=\"1386\" data-end=\"1698\">\n<li class=\"\" data-start=\"1386\" data-end=\"1447\">\n<p class=\"\" data-start=\"1388\" data-end=\"1447\">Pour portes \u00e0 ouverture \u00e0 gauche avec serrure \u00e0 crochet (ASSA 7787\/9787)<\/p>\n<\/li>\n<li class=\"\" data-start=\"1448\" data-end=\"1493\">\n<p class=\"\" data-start=\"1450\" data-end=\"1493\">Fonctionnement correct \u2013 verrouill\u00e9 en position hors tension<\/p>\n<\/li>\n<li class=\"\" data-start=\"1494\" data-end=\"1522\">\n<p class=\"\" data-start=\"1496\" data-end=\"1522\">Test\u00e9 au feu pendant 60 minutes<\/p>\n<\/li>\n<li class=\"\" data-start=\"1523\" data-end=\"1563\">\n<p class=\"\" data-start=\"1525\" data-end=\"1563\">R\u00e9sistance \u00e0 la rupture sup\u00e9rieure \u00e0 16 kN (1600 kg)<\/p>\n<\/li>\n<li class=\"\" data-start=\"1564\" data-end=\"1590\">\n<p class=\"\" data-start=\"1566\" data-end=\"1590\">Bo\u00eetier de torsion en acier tremp\u00e9<\/p>\n<\/li>\n<li class=\"\" data-start=\"1591\" data-end=\"1625\">\n<p class=\"\" data-start=\"1593\" data-end=\"1625\">Interrupteur \u00e0 piston et \u00e0 loquet int\u00e9gr\u00e9<\/p>\n<\/li>\n<li class=\"\" data-start=\"1626\" data-end=\"1662\">\n<p class=\"\" data-start=\"1628\" data-end=\"1662\">Protection contre les transitoires et les chocs<\/p>\n<\/li>\n<li class=\"\" data-start=\"1663\" data-end=\"1698\">\n<p class=\"\" data-start=\"1665\" data-end=\"1698\">Mat\u00e9riaux de construction \u00e9valu\u00e9s et SundaHus \u00e9valu\u00e9s<\/p>\n<\/li>\n<\/ul>\n<p class=\"\" data-start=\"1700\" data-end=\"2045\"><strong data-start=\"1700\" data-end=\"1729\">Sp\u00e9cifications techniques\u00a0:<\/strong><br data-start=\"1729\" data-end=\"1732\" \/>Fonction : orient\u00e9 vers la droite<br data-start=\"1750\" data-end=\"1753\" \/>Charni\u00e8re de porte : gauche<br data-start=\"1774\" data-end=\"1777\" \/>R\u00e9sistance \u00e0 la rupture : &gt;16 kN (1600 kg)<br data-start=\"1810\" data-end=\"1813\" \/>Type de serrure : Serrure \u00e0 p\u00eane dormant (ASSA 7787, 9787)<br data-start=\"1850\" data-end=\"1853\" \/>Mat\u00e9riau : Acier inoxydable<br data-start=\"1877\" data-end=\"1880\" \/>Largeur : 40 mm<br data-start=\"1892\" data-end=\"1895\" \/>Profondeur : 45 mm<br data-start=\"1906\" data-end=\"1909\" \/>Tension : CC<br data-start=\"1921\" data-end=\"1924\" \/>Chute \u00e0 double torsion : Non<br data-start=\"1944\" data-end=\"1947\" \/>C\u00e2ble : Oui<br data-start=\"1956\" data-end=\"1959\" \/>Contact du piston : Oui<br data-start=\"1974\" data-end=\"1977\" \/>Couleur\/Finition : Acier inoxydable<br data-start=\"2003\" data-end=\"2006\" \/>Produit de construction \u00e9valu\u00e9 : Oui<br data-start=\"2024\" data-end=\"2027\" \/>SundaHouse not\u00e9 : Oui<\/p>\n<\/div>\n<\/div>\n<\/div>","protected":false},"excerpt":{"rendered":"<p>Vous pouvez voir ici quels poteaux et mod\u00e8les s&#039;adaptent ensemble \u00e0 partir de la gamme STEP de but\u00e9es de porte \u00e9lectriques.<\/p>\n<h5><strong><a href=\"https:\/\/steplock.com\/sv\/stolpguide\/#!?lang=sv&amp;blog_id=1&amp;paged=1&amp;number=50\" target=\"_blank\" rel=\"noopener\">Guide de publication STEP\u00a0<\/a><\/strong><\/h5>\n<h5><strong><a href=\"https:\/\/steplock.com\/sv\/projekteringsguide\/#!?lang=sv&amp;blog_id=1&amp;paged=1&amp;number=999\" target=\"_blank\" rel=\"noopener\">Guide de conception STEP<\/a><\/strong><\/h5>","protected":false},"featured_media":140468,"template":"","meta":{"_acf_changed":false},"product_brand":[],"product_cat":[3355],"product_tag":[4200],"class_list":{"0":"post-140473","1":"product","2":"type-product","3":"status-publish","4":"has-post-thumbnail","6":"product_cat-elslutbleck","7":"product_tag-rattvand","8":"product_shipping_class-tunga-paket","9":"pa_brands-step","10":"tm-no-options","12":"first","13":"instock","14":"sale","15":"taxable","16":"shipping-taxable","17":"purchasable","18":"product-type-simple"},"acf":[],"_links":{"self":[{"href":"https:\/\/secureus.se\/fr\/wp-json\/wp\/v2\/product\/140473","targetHints":{"allow":["GET"]}}],"collection":[{"href":"https:\/\/secureus.se\/fr\/wp-json\/wp\/v2\/product"}],"about":[{"href":"https:\/\/secureus.se\/fr\/wp-json\/wp\/v2\/types\/product"}],"wp:featuredmedia":[{"embeddable":true,"href":"https:\/\/secureus.se\/fr\/wp-json\/wp\/v2\/media\/140468"}],"wp:attachment":[{"href":"https:\/\/secureus.se\/fr\/wp-json\/wp\/v2\/media?parent=140473"}],"wp:term":[{"taxonomy":"product_brand","embeddable":true,"href":"https:\/\/secureus.se\/fr\/wp-json\/wp\/v2\/product_brand?post=140473"},{"taxonomy":"product_cat","embeddable":true,"href":"https:\/\/secureus.se\/fr\/wp-json\/wp\/v2\/product_cat?post=140473"},{"taxonomy":"product_tag","embeddable":true,"href":"https:\/\/secureus.se\/fr\/wp-json\/wp\/v2\/product_tag?post=140473"}],"curies":[{"name":"wp","href":"https:\/\/api.w.org\/{rel}","templated":true}]}}