{"id":140484,"date":"2023-09-26T13:07:52","date_gmt":"2023-09-26T11:07:52","guid":{"rendered":"https:\/\/secureus.se\/elslutbleck-step-29-rattvand-24v\/"},"modified":"2026-04-08T16:13:46","modified_gmt":"2026-04-08T14:13:46","slug":"elslutbleck-step-29-rattvand-24v","status":"publish","type":"product","link":"https:\/\/secureus.se\/fr\/elslutbleck-step-29-rattvand-24v\/","title":{"rendered":"Plaque \u00e0 bornes \u00e9lectriques \u00c9TAPE 29 C\u00f4t\u00e9 droit 24V"},"content":{"rendered":"<h1>Plaque \u00e0 bornes \u00e9lectriques \u00c9TAPE 29 C\u00f4t\u00e9 droit 24V<\/h1>\n<p>STEP 29 Silent est une g\u00e2che \u00e9lectrique haute s\u00e9curit\u00e9 avec un fonctionnement simple et silencieux gr\u00e2ce \u00e0 la technologie STEP Silent.<\/p>\n<p>R\u00e9sistant au feu jusqu&#039;\u00e0 E\/EI 60 avec contact \u00e0 piston et \u00e0 loquet et c\u00e2ble de 5 m.<\/p>\n<p class=\"\" data-start=\"257\" data-end=\"614\">La g\u00e2che \u00e9lectrique silencieuse STEP 29 est con\u00e7ue pour combiner une s\u00e9curit\u00e9 \u00e9lev\u00e9e avec un fonctionnement silencieux et fluide dans des environnements de porte \u00e0 exigences \u00e9lev\u00e9es.<\/p>\n<p class=\"\" data-start=\"257\" data-end=\"614\">Gr\u00e2ce \u00e0 la technologie Silent brevet\u00e9e de STEP, cette g\u00e2che \u00e9lectrique offre un fonctionnement pratiquement silencieux, parfait pour les environnements o\u00f9 un fonctionnement silencieux est crucial, comme les \u00e9tablissements de sant\u00e9, les bureaux ou les espaces publics.<\/p>\n<p class=\"\" data-start=\"616\" data-end=\"992\">STEP 29 est adapt\u00e9 aux serrures \u00e0 p\u00eane et dispose d&#039;une fonction inverse, ce qui signifie qu&#039;il est verrouill\u00e9 en cas de panne de courant.<\/p>\n<p class=\"\" data-start=\"616\" data-end=\"992\">Que la porte soit ouverte \u00e9lectriquement, manuellement avec un bouton ou une cl\u00e9, le reverrouillage est toujours assur\u00e9 lorsque la porte est ferm\u00e9e.<\/p>\n<p class=\"\" data-start=\"616\" data-end=\"992\">Cela se fait gr\u00e2ce \u00e0 un m\u00e9canisme unique o\u00f9 le p\u00eane passe d&#039;abord en position semi-verrouill\u00e9e puis s&#039;\u00e9tend sur toute sa longueur (20 mm) lorsque la porte est ferm\u00e9e.<\/p>\n<p class=\"\" data-start=\"994\" data-end=\"1296\">Avec une r\u00e9sistance \u00e0 la rupture de 12 kN et test\u00e9 pour r\u00e9sister \u00e0 une pression de bande allant jusqu&#039;\u00e0 5 kN, STEP 29 r\u00e9pond \u00e0 des exigences de s\u00e9curit\u00e9 strictes.<\/p>\n<p class=\"\" data-start=\"994\" data-end=\"1296\">Le produit est class\u00e9 au feu selon la norme E\/EI 60 et est fourni avec 5 m\u00e8tres de c\u00e2ble sans halog\u00e8ne. Le contact \u00e0 piston et \u00e0 loquet int\u00e9gr\u00e9 permet l&#039;int\u00e9gration avec les syst\u00e8mes de contr\u00f4le d&#039;acc\u00e8s et les solutions d&#039;alarme.<\/p>\n<p class=\"\" data-start=\"1298\" data-end=\"1324\"><strong data-start=\"1298\" data-end=\"1324\">Caract\u00e9ristiques et avantages :<\/strong><\/p>\n<ul data-start=\"1325\" data-end=\"1634\">\n<li class=\"\" data-start=\"1325\" data-end=\"1368\">\n<p class=\"\" data-start=\"1327\" data-end=\"1368\">Fonctionnement correct \u2013 verrouill\u00e9 en position hors tension<\/p>\n<\/li>\n<li class=\"\" data-start=\"1369\" data-end=\"1417\">\n<p class=\"\" data-start=\"1371\" data-end=\"1417\">Fonctionnement presque silencieux gr\u00e2ce \u00e0 la technologie STEP Silent<\/p>\n<\/li>\n<li class=\"\" data-start=\"1418\" data-end=\"1451\">\n<p class=\"\" data-start=\"1420\" data-end=\"1451\">Convient aux portes droite et gauche<\/p>\n<\/li>\n<li class=\"\" data-start=\"1452\" data-end=\"1474\">\n<p class=\"\" data-start=\"1454\" data-end=\"1474\">Homologu\u00e9 incendie E\/EI 60<\/p>\n<\/li>\n<li class=\"\" data-start=\"1475\" data-end=\"1514\">\n<p class=\"\" data-start=\"1477\" data-end=\"1514\">Contact de piston et de verrouillage pour indication<\/p>\n<\/li>\n<li class=\"\" data-start=\"1515\" data-end=\"1543\">\n<p class=\"\" data-start=\"1517\" data-end=\"1543\">C\u00e2ble sans halog\u00e8ne de 5 m inclus<\/p>\n<\/li>\n<li class=\"\" data-start=\"1544\" data-end=\"1567\">\n<p class=\"\" data-start=\"1546\" data-end=\"1567\">R\u00e9sistance \u00e0 la rupture 12 kN<\/p>\n<\/li>\n<li class=\"\" data-start=\"1568\" data-end=\"1591\">\n<p class=\"\" data-start=\"1570\" data-end=\"1591\">R\u00e9siste \u00e0 une pression de bande de 5 kN<\/p>\n<\/li>\n<li class=\"\" data-start=\"1592\" data-end=\"1634\">\n<p class=\"\" data-start=\"1594\" data-end=\"1634\">Construction en acier inoxydable avec pivot tremp\u00e9<\/p>\n<\/li>\n<\/ul>","protected":false},"excerpt":{"rendered":"<p>Vous pouvez voir ici quels poteaux et mod\u00e8les s&#039;adaptent ensemble \u00e0 partir de la gamme STEP de but\u00e9es de porte \u00e9lectriques.<\/p>\n<h5><strong><a href=\"https:\/\/steplock.com\/sv\/stolpguide\/#!?lang=sv&amp;blog_id=1&amp;paged=1&amp;number=50\" target=\"_blank\" rel=\"noopener\">Guide de publication STEP\u00a0<\/a><\/strong><\/h5>\n<h5><strong><a href=\"https:\/\/steplock.com\/sv\/projekteringsguide\/#!?lang=sv&amp;blog_id=1&amp;paged=1&amp;number=999\" target=\"_blank\" rel=\"noopener\">Guide de conception STEP<\/a><\/strong><\/h5>","protected":false},"featured_media":159505,"template":"","meta":{"_acf_changed":false},"product_brand":[],"product_cat":[3355],"product_tag":[4197,4200],"class_list":{"0":"post-140484","1":"product","2":"type-product","3":"status-publish","4":"has-post-thumbnail","6":"product_cat-elslutbleck","7":"product_tag-24v","8":"product_tag-rattvand","9":"product_shipping_class-tunga-paket","10":"pa_brands-step","11":"tm-no-options","13":"first","14":"outofstock","15":"sale","16":"taxable","17":"shipping-taxable","18":"purchasable","19":"product-type-simple"},"acf":[],"_links":{"self":[{"href":"https:\/\/secureus.se\/fr\/wp-json\/wp\/v2\/product\/140484","targetHints":{"allow":["GET"]}}],"collection":[{"href":"https:\/\/secureus.se\/fr\/wp-json\/wp\/v2\/product"}],"about":[{"href":"https:\/\/secureus.se\/fr\/wp-json\/wp\/v2\/types\/product"}],"wp:featuredmedia":[{"embeddable":true,"href":"https:\/\/secureus.se\/fr\/wp-json\/wp\/v2\/media\/159505"}],"wp:attachment":[{"href":"https:\/\/secureus.se\/fr\/wp-json\/wp\/v2\/media?parent=140484"}],"wp:term":[{"taxonomy":"product_brand","embeddable":true,"href":"https:\/\/secureus.se\/fr\/wp-json\/wp\/v2\/product_brand?post=140484"},{"taxonomy":"product_cat","embeddable":true,"href":"https:\/\/secureus.se\/fr\/wp-json\/wp\/v2\/product_cat?post=140484"},{"taxonomy":"product_tag","embeddable":true,"href":"https:\/\/secureus.se\/fr\/wp-json\/wp\/v2\/product_tag?post=140484"}],"curies":[{"name":"wp","href":"https:\/\/api.w.org\/{rel}","templated":true}]}}