{"id":140508,"date":"2023-09-26T13:07:44","date_gmt":"2023-09-26T11:07:44","guid":{"rendered":"https:\/\/secureus.se\/elslutbleck-step-90-omstallbar-12v-kolvkontakt\/"},"modified":"2026-03-26T09:49:47","modified_gmt":"2026-03-26T08:49:47","slug":"elslutbleck-step-90-omstallbar-12v-kolvkontakt","status":"publish","type":"product","link":"https:\/\/secureus.se\/fr\/elslutbleck-step-90-omstallbar-12v-kolvkontakt\/","title":{"rendered":"Plaque de terminaison \u00e9lectrique STEP 90 Contact piston r\u00e9glable 12V"},"content":{"rendered":"<h1>Plaque de terminaison \u00e9lectrique STEP 90 Contact piston r\u00e9glable 12V<\/h1>\n<p>STEP 90 Preload 12V est une g\u00e2che \u00e9lectrique compacte, homologu\u00e9e incendie, avec fonction r\u00e9glable et contact \u00e0 piston.<\/p>\n<p>Haute s\u00e9curit\u00e9 et fiabilit\u00e9 op\u00e9rationnelle avec prise en charge des serrures \u00e0 un ou deux vantaux.<\/p>\n<p class=\"\" data-start=\"254\" data-end=\"600\">La g\u00e2che \u00e9lectrique STEP 90 Preload HPR avec fonction r\u00e9glable offre une solution flexible pour les environnements de porte avec des exigences \u00e9lev\u00e9es en mati\u00e8re de s\u00e9curit\u00e9 et de fiabilit\u00e9.<\/p>\n<p class=\"\" data-start=\"254\" data-end=\"600\">Avec la possibilit\u00e9 d&#039;\u00eatre r\u00e9gl\u00e9 en marche avant ou arri\u00e8re, il peut \u00eatre adapt\u00e9 \u00e0 diff\u00e9rentes applications, o\u00f9 il doit \u00eatre verrouill\u00e9 ou d\u00e9verrouill\u00e9 en cas de panne de courant.<\/p>\n<p class=\"\" data-start=\"602\" data-end=\"875\">STEP 90 appartient \u00e0 la s\u00e9rie Preload et est \u00e9quip\u00e9 de la technologie brevet\u00e9e de pression de bande HPR\u00ae qui assure l&#039;ouverture m\u00eame si la porte est expos\u00e9e \u00e0 une pression de bande allant jusqu&#039;\u00e0 250 kg.<\/p>\n<p class=\"\" data-start=\"602\" data-end=\"875\">Cela rend la t\u00f4le id\u00e9ale pour une utilisation \u00e0 haute fr\u00e9quence ou dans des environnements o\u00f9 la porte est souvent expos\u00e9e \u00e0 la pression.<\/p>\n<p class=\"\" data-start=\"877\" data-end=\"1114\">Avec un contact \u00e0 piston, vous obtenez une indication fiable de l&#039;\u00e9tat de la porte - parfait pour la connexion \u00e0 un syst\u00e8me d&#039;alarme ou de contr\u00f4le d&#039;acc\u00e8s.<\/p>\n<p class=\"\" data-start=\"877\" data-end=\"1114\">STEP 90 est \u00e9galement homologu\u00e9 incendie jusqu&#039;\u00e0 la classe E\/EI120 selon SS-EN 14846:2008 et pr\u00e9sente une r\u00e9sistance \u00e0 la rupture \u00e9lev\u00e9e de 1 200 kg.<\/p>\n<p class=\"\" data-start=\"1116\" data-end=\"1320\">La conception r\u00e9versible le rend compatible avec les portes droites et gauches, ainsi qu&#039;avec les bo\u00eetiers de serrure des s\u00e9ries Connect, Modul et Narrow Profile.<\/p>\n<p class=\"\" data-start=\"1116\" data-end=\"1320\">Une solution compacte et efficace pour les installations de s\u00e9curit\u00e9 modernes.<\/p>\n<p class=\"\" data-start=\"1322\" data-end=\"1350\"><strong data-start=\"1322\" data-end=\"1348\">Caract\u00e9ristiques et avantages :<\/strong><\/p>\n<ul data-start=\"1351\" data-end=\"1653\">\n<li class=\"\" data-start=\"1351\" data-end=\"1397\">\n<p class=\"\" data-start=\"1353\" data-end=\"1397\">Fonction commutable : avant ou arri\u00e8re<\/p>\n<\/li>\n<li class=\"\" data-start=\"1398\" data-end=\"1433\">\n<p class=\"\" data-start=\"1400\" data-end=\"1433\">Contact de piston pour la d\u00e9tection d&#039;\u00e9tat<\/p>\n<\/li>\n<li class=\"\" data-start=\"1434\" data-end=\"1458\">\n<p class=\"\" data-start=\"1436\" data-end=\"1458\">Homologu\u00e9 incendie E\/EI120<\/p>\n<\/li>\n<li class=\"\" data-start=\"1459\" data-end=\"1501\">\n<p class=\"\" data-start=\"1461\" data-end=\"1501\">S&#039;ouvre malgr\u00e9 une pression de bande allant jusqu&#039;\u00e0 250 kg<\/p>\n<\/li>\n<li class=\"\" data-start=\"1502\" data-end=\"1535\">\n<p class=\"\" data-start=\"1504\" data-end=\"1535\">Haute r\u00e9sistance \u00e0 la rupture : 1 200 kg<\/p>\n<\/li>\n<li class=\"\" data-start=\"1536\" data-end=\"1567\">\n<p class=\"\" data-start=\"1538\" data-end=\"1567\">Diode de protection et parasurtenseur<\/p>\n<\/li>\n<li class=\"\" data-start=\"1568\" data-end=\"1602\">\n<p class=\"\" data-start=\"1570\" data-end=\"1602\">Convient aux serrures \u00e0 un ou deux vantaux<\/p>\n<\/li>\n<li class=\"\" data-start=\"1603\" data-end=\"1653\">\n<p class=\"\" data-start=\"1605\" data-end=\"1653\">Conception compacte et r\u00e9versible pour une installation facile<\/p>\n<\/li>\n<\/ul>","protected":false},"excerpt":{"rendered":"<p>Vous pouvez voir ici quels poteaux et mod\u00e8les s&#039;adaptent ensemble \u00e0 partir de la gamme STEP de but\u00e9es de porte \u00e9lectriques.<\/p>\n<h5><strong><a href=\"https:\/\/steplock.com\/sv\/stolpguide\/#!?lang=sv&amp;blog_id=1&amp;paged=1&amp;number=50\" target=\"_blank\" rel=\"noopener\">Guide de publication STEP\u00a0<\/a><\/strong><\/h5>\n<h5><strong><a href=\"https:\/\/steplock.com\/sv\/projekteringsguide\/#!?lang=sv&amp;blog_id=1&amp;paged=1&amp;number=999\" target=\"_blank\" rel=\"noopener\">Guide de conception STEP<\/a><\/strong><\/h5>","protected":false},"featured_media":140499,"template":"","meta":{"_acf_changed":false},"product_brand":[],"product_cat":[3355],"product_tag":[4198,4202],"class_list":{"0":"post-140508","1":"product","2":"type-product","3":"status-publish","4":"has-post-thumbnail","6":"product_cat-elslutbleck","7":"product_tag-12v","8":"product_tag-omstallbar-rattvand-omvand","9":"product_shipping_class-tunga-paket","10":"pa_brands-step","11":"tm-no-options","13":"first","14":"instock","15":"sale","16":"taxable","17":"shipping-taxable","18":"purchasable","19":"product-type-simple"},"acf":[],"_links":{"self":[{"href":"https:\/\/secureus.se\/fr\/wp-json\/wp\/v2\/product\/140508","targetHints":{"allow":["GET"]}}],"collection":[{"href":"https:\/\/secureus.se\/fr\/wp-json\/wp\/v2\/product"}],"about":[{"href":"https:\/\/secureus.se\/fr\/wp-json\/wp\/v2\/types\/product"}],"wp:featuredmedia":[{"embeddable":true,"href":"https:\/\/secureus.se\/fr\/wp-json\/wp\/v2\/media\/140499"}],"wp:attachment":[{"href":"https:\/\/secureus.se\/fr\/wp-json\/wp\/v2\/media?parent=140508"}],"wp:term":[{"taxonomy":"product_brand","embeddable":true,"href":"https:\/\/secureus.se\/fr\/wp-json\/wp\/v2\/product_brand?post=140508"},{"taxonomy":"product_cat","embeddable":true,"href":"https:\/\/secureus.se\/fr\/wp-json\/wp\/v2\/product_cat?post=140508"},{"taxonomy":"product_tag","embeddable":true,"href":"https:\/\/secureus.se\/fr\/wp-json\/wp\/v2\/product_tag?post=140508"}],"curies":[{"name":"wp","href":"https:\/\/api.w.org\/{rel}","templated":true}]}}