{"id":140518,"date":"2023-09-26T13:07:43","date_gmt":"2023-09-26T11:07:43","guid":{"rendered":"https:\/\/secureus.se\/elslutbleck-step-18-vanster-rattvand-12v-7mm-regel-connect\/"},"modified":"2026-03-26T09:49:54","modified_gmt":"2026-03-26T08:49:54","slug":"elslutbleck-step-18-vanster-rattvand-12v-7mm-regel-connect","status":"publish","type":"product","link":"https:\/\/secureus.se\/fr\/elslutbleck-step-18-vanster-rattvand-12v-7mm-regel-connect\/","title":{"rendered":"Plaque d&#039;extr\u00e9mit\u00e9 \u00e9lectrique STEP 18 Gauche Face Droite 12V 7mm Regel Connect"},"content":{"rendered":"<h1>Plaque d&#039;extr\u00e9mit\u00e9 \u00e9lectrique STEP 18 Gauche Face Droite 12V 7mm Regel Connect<\/h1>\n<p>STEP 18 Secure est une g\u00e2che \u00e9lectrique haute s\u00e9curit\u00e9 avec fonction droitier, adapt\u00e9e aux portes \u00e0 ouverture \u00e0 gauche avec un p\u00eane de 7 mm. Homologu\u00e9 incendie E\/EI60 et \u00e9quip\u00e9 d&#039;un piston et d&#039;un contact de verrouillage.<\/p>\n<p class=\"\" data-start=\"271\" data-end=\"613\">STEP 18 Secure est une g\u00e2che \u00e9lectrique robuste et fiable qui offre la plus haute protection contre les intrusions dans les environnements exigeant une fiabilit\u00e9 \u00e9lev\u00e9e, tels que les banques, les autorit\u00e9s et les installations n\u00e9cessitant une \u00e9vacuation.<\/p>\n<p class=\"\" data-start=\"271\" data-end=\"613\">Cette g\u00e2che \u00e9lectrique est sp\u00e9cialement con\u00e7ue pour les portes \u00e0 ouverture \u00e0 gauche avec un p\u00eane de 7 mm de la s\u00e9rie Connect.<\/p>\n<p class=\"\" data-start=\"615\" data-end=\"941\">La fonction orient\u00e9e vers la droite signifie que le panneau est verrouill\u00e9 en position hors tension, ce qui offre une s\u00e9curit\u00e9 accrue en cas de panne de courant.<\/p>\n<p class=\"\" data-start=\"615\" data-end=\"941\">Gr\u00e2ce \u00e0 l&#039;interrupteur \u00e0 piston et \u00e0 l&#039;interrupteur \u00e0 verrouillage int\u00e9gr\u00e9s, une surveillance s\u00fbre et fiable de l&#039;\u00e9tat de la position de la porte - ouverte\/ferm\u00e9e et verrouill\u00e9e\/d\u00e9verrouill\u00e9e - est offerte pour la connexion aux syst\u00e8mes de contr\u00f4le d&#039;acc\u00e8s et aux alarmes.<\/p>\n<p class=\"\" data-start=\"943\" data-end=\"1311\">STEP 18 est homologu\u00e9 incendie jusqu&#039;\u00e0 E\/EI60 et poss\u00e8de une r\u00e9sistance \u00e0 la rupture tr\u00e8s \u00e9lev\u00e9e de 15 kN.<\/p>\n<p class=\"\" data-start=\"943\" data-end=\"1311\">Il est \u00e9galement test\u00e9 pour r\u00e9sister \u00e0 une pression de bande allant jusqu&#039;\u00e0 5 kN en fonctionnement avant et arri\u00e8re, ce qui le rend id\u00e9al pour les portes expos\u00e9es \u00e0 la pression ou \u00e0 l&#039;automatisation des portes.<\/p>\n<p class=\"\" data-start=\"943\" data-end=\"1311\">Une diode de protection et un parasurtenseur sont fournis en standard et le produit est fourni avec un c\u00e2ble de connexion sans halog\u00e8ne de 5 m\u00e8tres.<\/p>\n<p class=\"\" data-start=\"1313\" data-end=\"1341\"><strong data-start=\"1313\" data-end=\"1339\">Caract\u00e9ristiques et avantages :<\/strong><\/p>\n<ul data-start=\"1342\" data-end=\"1642\">\n<li class=\"\" data-start=\"1342\" data-end=\"1381\">\n<p class=\"\" data-start=\"1344\" data-end=\"1381\">Fonctionnement correct (verrouill\u00e9 sans alimentation)<\/p>\n<\/li>\n<li class=\"\" data-start=\"1382\" data-end=\"1433\">\n<p class=\"\" data-start=\"1384\" data-end=\"1433\">Pour portes \u00e0 ouverture \u00e0 gauche avec p\u00eane Connect de 7 mm<\/p>\n<\/li>\n<li class=\"\" data-start=\"1434\" data-end=\"1476\">\n<p class=\"\" data-start=\"1436\" data-end=\"1476\">Contact de piston et de verrouillage pour la surveillance<\/p>\n<\/li>\n<li class=\"\" data-start=\"1477\" data-end=\"1509\">\n<p class=\"\" data-start=\"1479\" data-end=\"1509\">R\u00e9sistance au feu jusqu&#039;\u00e0 E\/EI60<\/p>\n<\/li>\n<li class=\"\" data-start=\"1510\" data-end=\"1536\">\n<p class=\"\" data-start=\"1512\" data-end=\"1536\">R\u00e9sistance \u00e0 la rupture : 15 kN<\/p>\n<\/li>\n<li class=\"\" data-start=\"1537\" data-end=\"1568\">\n<p class=\"\" data-start=\"1539\" data-end=\"1568\">R\u00e9siste \u00e0 une pression de moulage jusqu&#039;\u00e0 5 kN<\/p>\n<\/li>\n<li class=\"\" data-start=\"1569\" data-end=\"1607\">\n<p class=\"\" data-start=\"1571\" data-end=\"1607\">Diode de protection antichoc et int\u00e9gr\u00e9e<\/p>\n<\/li>\n<li class=\"\" data-start=\"1608\" data-end=\"1642\">\n<p class=\"\" data-start=\"1610\" data-end=\"1642\">C\u00e2ble sans halog\u00e8ne de 5 m\u00e8tres inclus<\/p>\n<\/li>\n<\/ul>","protected":false},"excerpt":{"rendered":"<p>Vous pouvez voir ici quels poteaux et mod\u00e8les s&#039;adaptent ensemble \u00e0 partir de la gamme STEP de but\u00e9es de porte \u00e9lectriques.<\/p>\n<h5><strong><a href=\"https:\/\/steplock.com\/sv\/stolpguide\/#!?lang=sv&amp;blog_id=1&amp;paged=1&amp;number=50\" target=\"_blank\" rel=\"noopener\">Guide de publication STEP\u00a0<\/a><\/strong><\/h5>\n<h5><strong><a href=\"https:\/\/steplock.com\/sv\/projekteringsguide\/#!?lang=sv&amp;blog_id=1&amp;paged=1&amp;number=999\" target=\"_blank\" rel=\"noopener\">Guide de conception STEP<\/a><\/strong><\/h5>","protected":false},"featured_media":140514,"template":"","meta":{"_acf_changed":false},"product_brand":[],"product_cat":[3355],"product_tag":[4198,4200],"class_list":{"0":"post-140518","1":"product","2":"type-product","3":"status-publish","4":"has-post-thumbnail","6":"product_cat-elslutbleck","7":"product_tag-12v","8":"product_tag-rattvand","9":"product_shipping_class-tunga-paket","10":"pa_brands-step","11":"tm-no-options","13":"first","14":"instock","15":"sale","16":"taxable","17":"shipping-taxable","18":"purchasable","19":"product-type-simple"},"acf":[],"_links":{"self":[{"href":"https:\/\/secureus.se\/fr\/wp-json\/wp\/v2\/product\/140518","targetHints":{"allow":["GET"]}}],"collection":[{"href":"https:\/\/secureus.se\/fr\/wp-json\/wp\/v2\/product"}],"about":[{"href":"https:\/\/secureus.se\/fr\/wp-json\/wp\/v2\/types\/product"}],"wp:featuredmedia":[{"embeddable":true,"href":"https:\/\/secureus.se\/fr\/wp-json\/wp\/v2\/media\/140514"}],"wp:attachment":[{"href":"https:\/\/secureus.se\/fr\/wp-json\/wp\/v2\/media?parent=140518"}],"wp:term":[{"taxonomy":"product_brand","embeddable":true,"href":"https:\/\/secureus.se\/fr\/wp-json\/wp\/v2\/product_brand?post=140518"},{"taxonomy":"product_cat","embeddable":true,"href":"https:\/\/secureus.se\/fr\/wp-json\/wp\/v2\/product_cat?post=140518"},{"taxonomy":"product_tag","embeddable":true,"href":"https:\/\/secureus.se\/fr\/wp-json\/wp\/v2\/product_tag?post=140518"}],"curies":[{"name":"wp","href":"https:\/\/api.w.org\/{rel}","templated":true}]}}