{"id":140531,"date":"2023-09-26T13:07:40","date_gmt":"2023-09-26T11:07:40","guid":{"rendered":"https:\/\/secureus.se\/elslutbleck-step-18-hoger-rattvand-12v-9mm-regel-connect\/"},"modified":"2026-04-08T16:13:48","modified_gmt":"2026-04-08T14:13:48","slug":"elslutbleck-step-18-hoger-rattvand-12v-9mm-regel-connect","status":"publish","type":"product","link":"https:\/\/secureus.se\/fr\/elslutbleck-step-18-hoger-rattvand-12v-9mm-regel-connect\/","title":{"rendered":"Plaque d&#039;extr\u00e9mit\u00e9 \u00e9lectrique STEP 18 Droite Face \u00e0 droite 12V 9mm Regel Connect"},"content":{"rendered":"<h1>Plaque d&#039;extr\u00e9mit\u00e9 \u00e9lectrique STEP 18 Droite Face \u00e0 droite 12V 9mm Regel Connect<\/h1>\n<p>STEP 18 Secure est une g\u00e2che \u00e9lectrique haute s\u00e9curit\u00e9 pour portes \u00e0 ouverture \u00e0 droite avec p\u00eane Connect de 9 mm. Avec fonction orient\u00e9e vers la droite, contact \u00e0 piston, classe de feu E\/EI60 et c\u00e2ble sans halog\u00e8ne de 5 m.<\/p>\n<p class=\"\" data-start=\"261\" data-end=\"685\">G\u00e2che \u00e9lectrique STEP 18 Secure est une g\u00e2che \u00e9lectrique d\u00e9velopp\u00e9e pour les environnements de portes avec des exigences \u00e9lev\u00e9es en mati\u00e8re de s\u00e9curit\u00e9 et de fiabilit\u00e9.<\/p>\n<p class=\"\" data-start=\"261\" data-end=\"685\">Cette version est adapt\u00e9e aux portes \u00e0 ouverture \u00e0 droite avec serrures \u00e0 p\u00eane de la s\u00e9rie Connect (piston de 9 mm) et offre une fonction orient\u00e9e vers la droite qui maintient la porte verrouill\u00e9e en cas de panne de courant.<\/p>\n<p class=\"\" data-start=\"261\" data-end=\"685\">Le produit est optimal pour les portes de s\u00e9curit\u00e9, par exemple dans les banques, les institutions et les b\u00e2timents publics.<\/p>\n<p class=\"\" data-start=\"687\" data-end=\"1042\">La t\u00f4le est test\u00e9e et approuv\u00e9e pour une r\u00e9sistance au feu jusqu&#039;\u00e0 E\/EI60 et poss\u00e8de une r\u00e9sistance \u00e0 la rupture impressionnante de 15 kN.<\/p>\n<p class=\"\" data-start=\"687\" data-end=\"1042\">Gr\u00e2ce \u00e0 la technologie STEP, il s&#039;ouvre en douceur malgr\u00e9 une pression de bande allant jusqu&#039;\u00e0 500 kg.<\/p>\n<p class=\"\" data-start=\"687\" data-end=\"1042\">STEP 18 est \u00e9quip\u00e9 d&#039;un interrupteur \u00e0 piston int\u00e9gr\u00e9 et d&#039;un interrupteur \u00e0 verrouillage pour assurer une surveillance compl\u00e8te de l&#039;\u00e9tat - parfait pour l&#039;int\u00e9gration dans des syst\u00e8mes de contr\u00f4le d&#039;acc\u00e8s avanc\u00e9s et des fonctions d&#039;alarme.<\/p>\n<p class=\"\" data-start=\"1044\" data-end=\"1289\">Le c\u00e2ble sans halog\u00e8ne de 5 m\u00e8tres inclus facilite l&#039;installation dans des environnements de porte avec des exigences techniques et de s\u00e9curit\u00e9 \u00e9lev\u00e9es.<\/p>\n<p class=\"\" data-start=\"1044\" data-end=\"1289\">Le produit est \u00e9galement \u00e9quip\u00e9 d&#039;une diode de protection et est inviolable pour une durabilit\u00e9 accrue et une protection contre les manipulations.<\/p>\n<p class=\"\" data-start=\"1291\" data-end=\"1319\"><strong data-start=\"1291\" data-end=\"1317\">Caract\u00e9ristiques et avantages :<\/strong><\/p>\n<ul data-start=\"1320\" data-end=\"1641\">\n<li class=\"\" data-start=\"1320\" data-end=\"1366\">\n<p class=\"\" data-start=\"1322\" data-end=\"1366\">Pour p\u00eane Connect de 9 mm, portes \u00e0 suspension \u00e0 droite<\/p>\n<\/li>\n<li class=\"\" data-start=\"1367\" data-end=\"1406\">\n<p class=\"\" data-start=\"1369\" data-end=\"1406\">Fonctionnement correct \u2013 verrouill\u00e9 sans alimentation<\/p>\n<\/li>\n<li class=\"\" data-start=\"1407\" data-end=\"1443\">\n<p class=\"\" data-start=\"1409\" data-end=\"1443\">Certifi\u00e9 incendie jusqu&#039;\u00e0 E\/EI60<\/p>\n<\/li>\n<li class=\"\" data-start=\"1444\" data-end=\"1492\">\n<p class=\"\" data-start=\"1446\" data-end=\"1492\">Contact de piston et de verrouillage pour la surveillance de l&#039;\u00e9tat<\/p>\n<\/li>\n<li class=\"\" data-start=\"1493\" data-end=\"1519\">\n<p class=\"\" data-start=\"1495\" data-end=\"1519\">R\u00e9sistance \u00e0 la rupture : 15 kN<\/p>\n<\/li>\n<li class=\"\" data-start=\"1520\" data-end=\"1556\">\n<p class=\"\" data-start=\"1522\" data-end=\"1556\">R\u00e9siste \u00e0 une pression de moulage jusqu&#039;\u00e0 500 kg<\/p>\n<\/li>\n<li class=\"\" data-start=\"1557\" data-end=\"1603\">\n<p class=\"\" data-start=\"1559\" data-end=\"1603\">Comprend un c\u00e2ble de connexion sans halog\u00e8ne de 5 m<\/p>\n<\/li>\n<li class=\"\" data-start=\"1604\" data-end=\"1641\">\n<p class=\"\" data-start=\"1606\" data-end=\"1641\">Diode de protection et fusible anti-d\u00e9tonation inclus<\/p>\n<\/li>\n<\/ul>","protected":false},"excerpt":{"rendered":"<p>Vous pouvez voir ici quels poteaux et mod\u00e8les s&#039;adaptent ensemble \u00e0 partir de la gamme STEP de but\u00e9es de porte \u00e9lectriques.<\/p>\n<h5><strong><a href=\"https:\/\/steplock.com\/sv\/stolpguide\/#!?lang=sv&amp;blog_id=1&amp;paged=1&amp;number=50\" target=\"_blank\" rel=\"noopener\">Guide de publication STEP\u00a0<\/a><\/strong><\/h5>\n<h5><strong><a href=\"https:\/\/steplock.com\/sv\/projekteringsguide\/#!?lang=sv&amp;blog_id=1&amp;paged=1&amp;number=999\" target=\"_blank\" rel=\"noopener\">Guide de conception STEP<\/a><\/strong><\/h5>","protected":false},"featured_media":140529,"template":"","meta":{"_acf_changed":false},"product_brand":[],"product_cat":[3355],"product_tag":[4198,4200],"class_list":{"0":"post-140531","1":"product","2":"type-product","3":"status-publish","4":"has-post-thumbnail","6":"product_cat-elslutbleck","7":"product_tag-12v","8":"product_tag-rattvand","9":"product_shipping_class-tunga-paket","10":"pa_brands-step","11":"tm-no-options","13":"first","14":"onbackorder","15":"sale","16":"taxable","17":"shipping-taxable","18":"purchasable","19":"product-type-simple"},"acf":[],"_links":{"self":[{"href":"https:\/\/secureus.se\/fr\/wp-json\/wp\/v2\/product\/140531","targetHints":{"allow":["GET"]}}],"collection":[{"href":"https:\/\/secureus.se\/fr\/wp-json\/wp\/v2\/product"}],"about":[{"href":"https:\/\/secureus.se\/fr\/wp-json\/wp\/v2\/types\/product"}],"wp:featuredmedia":[{"embeddable":true,"href":"https:\/\/secureus.se\/fr\/wp-json\/wp\/v2\/media\/140529"}],"wp:attachment":[{"href":"https:\/\/secureus.se\/fr\/wp-json\/wp\/v2\/media?parent=140531"}],"wp:term":[{"taxonomy":"product_brand","embeddable":true,"href":"https:\/\/secureus.se\/fr\/wp-json\/wp\/v2\/product_brand?post=140531"},{"taxonomy":"product_cat","embeddable":true,"href":"https:\/\/secureus.se\/fr\/wp-json\/wp\/v2\/product_cat?post=140531"},{"taxonomy":"product_tag","embeddable":true,"href":"https:\/\/secureus.se\/fr\/wp-json\/wp\/v2\/product_tag?post=140531"}],"curies":[{"name":"wp","href":"https:\/\/api.w.org\/{rel}","templated":true}]}}