{"id":140536,"date":"2023-03-20T13:15:47","date_gmt":"2023-03-20T12:15:47","guid":{"rendered":"https:\/\/secureus.se\/kabeloverforing-ct81\/"},"modified":"2026-01-12T13:23:38","modified_gmt":"2026-01-12T12:23:38","slug":"kabeloverforing-ct81","status":"publish","type":"product","link":"https:\/\/secureus.se\/fr\/kabeloverforing-ct81\/","title":{"rendered":"Transmission par c\u00e2ble Safetron CT81"},"content":{"rendered":"<p>CT81 est une transmission \u00e0 cadre encastr\u00e9 en acier chrom\u00e9 destin\u00e9e \u00e0 la transition prot\u00e9g\u00e9e des c\u00e2bles entre la porte et le cadre. <\/p>\n<p>\u2022 Diam\u00e8tre maximum du c\u00e2ble : \u00d8 11 mm<br \/>\n<br \/>\n\u2022 Coins arrondis<br \/>\n<br \/>\n\u2022 Peut \u00eatre utilis\u00e9 dans toutes les portes jusqu&#039;\u00e0 un angle d&#039;ouverture de 180\u00b0<br \/>\n<br \/>\n\u2022 Longueur\u00a0: 543\u00a0mm<br \/>\n<br \/>\n\u2022 Largeur : 24 mm<\/p>","protected":false},"excerpt":{"rendered":"<p>CT81 est une transition de cadre encastr\u00e9e en acier chrom\u00e9 destin\u00e9e \u00e0 la transition de c\u00e2ble prot\u00e9g\u00e9e entre la porte et le cadre. \u2022 Diam\u00e8tre max du c\u00e2ble : \u00d8 11 mm \u2022 Coins arrondis \u2022 Peut \u00eatre utilis\u00e9 dans tous les<\/p>","protected":false},"featured_media":140534,"template":"","meta":{"_acf_changed":false},"product_brand":[],"product_cat":[2834],"product_tag":[4866,4452],"class_list":{"0":"post-140536","1":"product","2":"type-product","3":"status-publish","4":"has-post-thumbnail","6":"product_cat-ellas-motorlastillbehor","7":"product_tag-safetron-20","8":"product_tag-safetron-tillbehor-motorlas-6000-serien","9":"product_shipping_class-tunga-paket","10":"pa_brands-7safetron","11":"tm-has-options","13":"first","14":"instock","15":"sale","16":"featured","17":"taxable","18":"shipping-taxable","19":"purchasable","20":"product-type-simple"},"acf":[],"_links":{"self":[{"href":"https:\/\/secureus.se\/fr\/wp-json\/wp\/v2\/product\/140536","targetHints":{"allow":["GET"]}}],"collection":[{"href":"https:\/\/secureus.se\/fr\/wp-json\/wp\/v2\/product"}],"about":[{"href":"https:\/\/secureus.se\/fr\/wp-json\/wp\/v2\/types\/product"}],"wp:featuredmedia":[{"embeddable":true,"href":"https:\/\/secureus.se\/fr\/wp-json\/wp\/v2\/media\/140534"}],"wp:attachment":[{"href":"https:\/\/secureus.se\/fr\/wp-json\/wp\/v2\/media?parent=140536"}],"wp:term":[{"taxonomy":"product_brand","embeddable":true,"href":"https:\/\/secureus.se\/fr\/wp-json\/wp\/v2\/product_brand?post=140536"},{"taxonomy":"product_cat","embeddable":true,"href":"https:\/\/secureus.se\/fr\/wp-json\/wp\/v2\/product_cat?post=140536"},{"taxonomy":"product_tag","embeddable":true,"href":"https:\/\/secureus.se\/fr\/wp-json\/wp\/v2\/product_tag?post=140536"}],"curies":[{"name":"wp","href":"https:\/\/api.w.org\/{rel}","templated":true}]}}