{"id":140542,"date":"2023-09-26T13:07:24","date_gmt":"2023-09-26T11:07:24","guid":{"rendered":"https:\/\/secureus.se\/elslutbleck-step-28e-vanster-omvand-12v-9mm-regel\/"},"modified":"2026-04-08T16:28:37","modified_gmt":"2026-04-08T14:28:37","slug":"elslutbleck-step-28e-vanster-omvand-12v-9mm-regel","status":"publish","type":"product","link":"https:\/\/secureus.se\/fr\/elslutbleck-step-28e-vanster-omvand-12v-9mm-regel\/","title":{"rendered":"Plaque d&#039;extr\u00e9mit\u00e9 \u00e9lectrique STEP 28E Gauche Inverse 12V R\u00e8gle 9mm"},"content":{"rendered":"<h1>Plaque d&#039;extr\u00e9mit\u00e9 \u00e9lectrique STEP 28E Gauche Inverse 12V R\u00e8gle 9mm<\/h1>\n<p>STEP 28E G\u00e2che \u00e9lectrique s\u00e9curis\u00e9e avec fonction d&#039;inversion pour portes \u00e0 ouverture \u00e0 gauche et piston de 9 mm de la s\u00e9rie Connect. Classe de feu E\/EI 60. Incl. C\u00e2ble de 5 m.<\/p>\n<p class=\"\" data-start=\"223\" data-end=\"636\">La g\u00e2che \u00e9lectrique STEP 28E Secure est con\u00e7ue pour r\u00e9pondre \u00e0 des exigences tr\u00e8s \u00e9lev\u00e9es en mati\u00e8re de s\u00e9curit\u00e9, d&#039;\u00e9vacuation et de classement au feu.<\/p>\n<p class=\"\" data-start=\"223\" data-end=\"636\">Gr\u00e2ce \u00e0 sa fonction inverse \u2013 ce qui signifie que le vantail est d\u00e9verrouill\u00e9 en cas de panne de courant \u2013 c&#039;est un choix id\u00e9al pour les portes de secours dans les environnements o\u00f9 la s\u00e9curit\u00e9 ne doit pas \u00eatre compromise.<\/p>\n<p class=\"\" data-start=\"223\" data-end=\"636\">La plaque est sp\u00e9cialement adapt\u00e9e aux portes \u00e0 ouverture \u00e0 gauche avec piston de 9 mm de la s\u00e9rie Connect.<\/p>\n<p class=\"\" data-start=\"638\" data-end=\"929\">Gr\u00e2ce \u00e0 la r\u00e9sistance \u00e0 la rupture \u00e9lev\u00e9e de plus de 15 kN et \u00e0 la technologie de pression de bande de STEP, un fonctionnement fiable est assur\u00e9 m\u00eame sous la pression de bandes de porte jusqu&#039;\u00e0 500 kg.<\/p>\n<p class=\"\" data-start=\"638\" data-end=\"929\">Cela rend STEP 28E adapt\u00e9 aux installations avec des syst\u00e8mes de portes automatiques, des poign\u00e9es de tirage et une combinaison avec des serrures de secours selon SS-EN 179.<\/p>\n<p class=\"\" data-start=\"931\" data-end=\"1211\">La g\u00e2che \u00e9lectrique est dot\u00e9e d&#039;un contact \u00e0 piston et \u00e0 loquet, ce qui permet une indication pr\u00e9cise de l&#039;\u00e9tat de la porte - parfaite pour l&#039;int\u00e9gration avec des syst\u00e8mes d&#039;alarme ou de contr\u00f4le d&#039;acc\u00e8s.<\/p>\n<p class=\"\" data-start=\"931\" data-end=\"1211\">Il est \u00e9galement homologu\u00e9 incendie selon la norme E\/EI 60, ce qui garantit qu&#039;il conserve sa fonction jusqu&#039;\u00e0 60 minutes en cas d&#039;incendie.<\/p>\n<p class=\"\" data-start=\"1213\" data-end=\"1322\">Livr\u00e9 avec 5 m\u00e8tres de c\u00e2ble de connexion sans halog\u00e8ne et est inviolable pour une r\u00e9sistance accrue aux falsifications.<\/p>\n<p class=\"\" data-start=\"1324\" data-end=\"1352\"><strong data-start=\"1324\" data-end=\"1350\">Caract\u00e9ristiques et avantages :<\/strong><\/p>\n<ul data-start=\"1353\" data-end=\"1616\">\n<li class=\"\" data-start=\"1353\" data-end=\"1387\">\n<p class=\"\" data-start=\"1355\" data-end=\"1387\">Pour piston de 9 mm de la s\u00e9rie Connect<\/p>\n<\/li>\n<li class=\"\" data-start=\"1388\" data-end=\"1433\">\n<p class=\"\" data-start=\"1390\" data-end=\"1433\">Fonction inverse \u2013 d\u00e9verrouillage en cas de panne de courant<\/p>\n<\/li>\n<li class=\"\" data-start=\"1434\" data-end=\"1462\">\n<p class=\"\" data-start=\"1436\" data-end=\"1462\">Pour portes battantes \u00e0 gauche<\/p>\n<\/li>\n<li class=\"\" data-start=\"1463\" data-end=\"1485\">\n<p class=\"\" data-start=\"1465\" data-end=\"1485\">Classe de feu E\/EI 60<\/p>\n<\/li>\n<li class=\"\" data-start=\"1486\" data-end=\"1527\">\n<p class=\"\" data-start=\"1488\" data-end=\"1527\">Contact de piston et de verrouillage pour indication<\/p>\n<\/li>\n<li class=\"\" data-start=\"1528\" data-end=\"1554\">\n<p class=\"\" data-start=\"1530\" data-end=\"1554\">R\u00e9sistance \u00e0 la rupture : 15 kN<\/p>\n<\/li>\n<li class=\"\" data-start=\"1555\" data-end=\"1585\">\n<p class=\"\" data-start=\"1557\" data-end=\"1585\">R\u00e9sistance \u00e0 la pression de la bande : 500 kg<\/p>\n<\/li>\n<li class=\"\" data-start=\"1586\" data-end=\"1616\">\n<p class=\"\" data-start=\"1588\" data-end=\"1616\">Incl. C\u00e2ble sans halog\u00e8ne de 5 m<\/p>\n<\/li>\n<\/ul>","protected":false},"excerpt":{"rendered":"<p>Vous pouvez voir ici quels poteaux et mod\u00e8les s&#039;adaptent ensemble \u00e0 partir de la gamme STEP de but\u00e9es de porte \u00e9lectriques.<\/p>\n<h5><strong><a href=\"https:\/\/steplock.com\/sv\/stolpguide\/#!?lang=sv&amp;blog_id=1&amp;paged=1&amp;number=50\" target=\"_blank\" rel=\"noopener\">Guide de publication STEP\u00a0<\/a><\/strong><\/h5>\n<h5><strong><a href=\"https:\/\/steplock.com\/sv\/projekteringsguide\/#!?lang=sv&amp;blog_id=1&amp;paged=1&amp;number=999\" target=\"_blank\" rel=\"noopener\">Guide de conception STEP<\/a><\/strong><\/h5>","protected":false},"featured_media":140539,"template":"","meta":{"_acf_changed":false},"product_brand":[],"product_cat":[3355],"product_tag":[4198,4201],"class_list":{"0":"post-140542","1":"product","2":"type-product","3":"status-publish","4":"has-post-thumbnail","6":"product_cat-elslutbleck","7":"product_tag-12v","8":"product_tag-omvand","9":"product_shipping_class-tunga-paket","10":"pa_brands-step","11":"tm-no-options","13":"first","14":"onbackorder","15":"sale","16":"taxable","17":"shipping-taxable","18":"purchasable","19":"product-type-simple"},"acf":[],"_links":{"self":[{"href":"https:\/\/secureus.se\/fr\/wp-json\/wp\/v2\/product\/140542","targetHints":{"allow":["GET"]}}],"collection":[{"href":"https:\/\/secureus.se\/fr\/wp-json\/wp\/v2\/product"}],"about":[{"href":"https:\/\/secureus.se\/fr\/wp-json\/wp\/v2\/types\/product"}],"wp:featuredmedia":[{"embeddable":true,"href":"https:\/\/secureus.se\/fr\/wp-json\/wp\/v2\/media\/140539"}],"wp:attachment":[{"href":"https:\/\/secureus.se\/fr\/wp-json\/wp\/v2\/media?parent=140542"}],"wp:term":[{"taxonomy":"product_brand","embeddable":true,"href":"https:\/\/secureus.se\/fr\/wp-json\/wp\/v2\/product_brand?post=140542"},{"taxonomy":"product_cat","embeddable":true,"href":"https:\/\/secureus.se\/fr\/wp-json\/wp\/v2\/product_cat?post=140542"},{"taxonomy":"product_tag","embeddable":true,"href":"https:\/\/secureus.se\/fr\/wp-json\/wp\/v2\/product_tag?post=140542"}],"curies":[{"name":"wp","href":"https:\/\/api.w.org\/{rel}","templated":true}]}}