{"id":140571,"date":"2023-09-26T13:07:19","date_gmt":"2023-09-26T11:07:19","guid":{"rendered":"https:\/\/secureus.se\/elslutbleck-step-28e-hoger-omvand-12v-9mm-regel\/"},"modified":"2026-04-08T16:22:28","modified_gmt":"2026-04-08T14:22:28","slug":"elslutbleck-step-28e-hoger-omvand-12v-9mm-regel","status":"publish","type":"product","link":"https:\/\/secureus.se\/fr\/elslutbleck-step-28e-hoger-omvand-12v-9mm-regel\/","title":{"rendered":"Plaque d&#039;extr\u00e9mit\u00e9 \u00e9lectrique STEP 28E Droite Invers\u00e9e 12V R\u00e8gle 9mm"},"content":{"rendered":"<h1>Plaque d&#039;extr\u00e9mit\u00e9 \u00e9lectrique STEP 28E Droite Invers\u00e9e 12V R\u00e8gle 9mm<\/h1>\n<p>STEP 28E Secure est une g\u00e2che \u00e9lectrique invers\u00e9e pour portes \u00e0 ouverture \u00e0 droite avec serrure \u00e0 p\u00eane de 9 mm.<\/p>\n<p>Classe feu E\/EI 60, inviolable et compatible avec les syst\u00e8mes de contr\u00f4le d&#039;acc\u00e8s. Comprend 5 m\u00e8tres de c\u00e2ble sans halog\u00e8ne.<\/p>\n<p class=\"\" data-start=\"385\" data-end=\"783\">La g\u00e2che \u00e9lectrique STEP 28E Secure est une g\u00e2che \u00e9lectrique haute performance d\u00e9velopp\u00e9e pour les installations class\u00e9es de s\u00e9curit\u00e9 o\u00f9 des exigences \u00e9lev\u00e9es sont plac\u00e9es en mati\u00e8re de protection contre les intrusions, de s\u00e9curit\u00e9 incendie et de possibilit\u00e9 d&#039;\u00e9vacuation.<\/p>\n<p class=\"\" data-start=\"385\" data-end=\"783\">La plaque est utilis\u00e9e avec les serrures \u00e0 p\u00eane avec un piston de 9 mm de la s\u00e9rie Connect et est destin\u00e9e aux portes \u00e0 suspension \u00e0 droite avec fonction inverse - ce qui signifie qu&#039;elle est verrouill\u00e9e en position hors tension.<\/p>\n<p class=\"\" data-start=\"785\" data-end=\"1145\">Le produit est class\u00e9 au feu jusqu&#039;\u00e0 E\/EI 60 et est donc id\u00e9al dans les environnements de porte avec fonctions d&#039;\u00e9vacuation d&#039;urgence selon SS-EN 179, o\u00f9 la combinaison des exigences d&#039;incendie, de l&#039;automatisation des portes et de la s\u00e9curit\u00e9 est cruciale.<\/p>\n<p class=\"\" data-start=\"785\" data-end=\"1145\">STEP 28E dispose de micro-interrupteurs int\u00e9gr\u00e9s pour d\u00e9tecter l&#039;\u00e9tat de la porte et du verrou.<\/p>\n<p class=\"\" data-start=\"785\" data-end=\"1145\">Ces signaux peuvent \u00eatre connect\u00e9s \u00e0 des syst\u00e8mes de contr\u00f4le d&#039;acc\u00e8s, des syst\u00e8mes d&#039;alarme ou d&#039;autres syst\u00e8mes de surveillance.<\/p>\n<p class=\"\" data-start=\"1147\" data-end=\"1475\">La g\u00e2che \u00e9lectrique pr\u00e9sente une r\u00e9sistance \u00e0 la rupture \u00e9lev\u00e9e de plus de 15 kN et fonctionne \u00e9galement sous une pression de bande allant jusqu&#039;\u00e0 500 kg.<\/p>\n<p class=\"\" data-start=\"1147\" data-end=\"1475\">La construction est inviolable, robuste et en acier inoxydable. Un c\u00e2ble sans halog\u00e8ne de 5 m\u00e8tres de long est inclus en standard.<\/p>\n<p class=\"\" data-start=\"1147\" data-end=\"1475\">Le produit est un produit de construction \u00e9valu\u00e9 et approuv\u00e9 par SundaHus \u2013 un choix solide pour les projets de construction durables.<\/p>","protected":false},"excerpt":{"rendered":"<p>Vous pouvez voir ici quels poteaux et mod\u00e8les s&#039;adaptent ensemble \u00e0 partir de la gamme STEP de but\u00e9es de porte \u00e9lectriques.<\/p>\n<h5><strong><a href=\"https:\/\/steplock.com\/sv\/stolpguide\/#!?lang=sv&amp;blog_id=1&amp;paged=1&amp;number=50\" target=\"_blank\" rel=\"noopener\">Guide de publication STEP\u00a0<\/a><\/strong><\/h5>\n<h5><strong><a href=\"https:\/\/steplock.com\/sv\/projekteringsguide\/#!?lang=sv&amp;blog_id=1&amp;paged=1&amp;number=999\" target=\"_blank\" rel=\"noopener\">Guide de conception STEP<\/a><\/strong><\/h5>","protected":false},"featured_media":140569,"template":"","meta":{"_acf_changed":false},"product_brand":[],"product_cat":[3355],"product_tag":[4198,4201],"class_list":{"0":"post-140571","1":"product","2":"type-product","3":"status-publish","4":"has-post-thumbnail","6":"product_cat-elslutbleck","7":"product_tag-12v","8":"product_tag-omvand","9":"product_shipping_class-tunga-paket","10":"pa_brands-step","11":"tm-no-options","13":"first","14":"onbackorder","15":"sale","16":"taxable","17":"shipping-taxable","18":"purchasable","19":"product-type-simple"},"acf":[],"_links":{"self":[{"href":"https:\/\/secureus.se\/fr\/wp-json\/wp\/v2\/product\/140571","targetHints":{"allow":["GET"]}}],"collection":[{"href":"https:\/\/secureus.se\/fr\/wp-json\/wp\/v2\/product"}],"about":[{"href":"https:\/\/secureus.se\/fr\/wp-json\/wp\/v2\/types\/product"}],"wp:featuredmedia":[{"embeddable":true,"href":"https:\/\/secureus.se\/fr\/wp-json\/wp\/v2\/media\/140569"}],"wp:attachment":[{"href":"https:\/\/secureus.se\/fr\/wp-json\/wp\/v2\/media?parent=140571"}],"wp:term":[{"taxonomy":"product_brand","embeddable":true,"href":"https:\/\/secureus.se\/fr\/wp-json\/wp\/v2\/product_brand?post=140571"},{"taxonomy":"product_cat","embeddable":true,"href":"https:\/\/secureus.se\/fr\/wp-json\/wp\/v2\/product_cat?post=140571"},{"taxonomy":"product_tag","embeddable":true,"href":"https:\/\/secureus.se\/fr\/wp-json\/wp\/v2\/product_tag?post=140571"}],"curies":[{"name":"wp","href":"https:\/\/api.w.org\/{rel}","templated":true}]}}