{"id":140578,"date":"2023-09-26T13:07:13","date_gmt":"2023-09-26T11:07:13","guid":{"rendered":"https:\/\/secureus.se\/elslutbleck-step-28e-vanster-omvand-12v-12mm-regel\/"},"modified":"2026-04-23T12:41:57","modified_gmt":"2026-04-23T10:41:57","slug":"elslutbleck-step-28e-vanster-omvand-12v-12mm-regel","status":"publish","type":"product","link":"https:\/\/secureus.se\/fr\/elslutbleck-step-28e-vanster-omvand-12v-12mm-regel\/","title":{"rendered":"Plaque d&#039;extr\u00e9mit\u00e9 \u00e9lectrique STEP 28E Gauche Inverse 12V R\u00e8gle 12mm"},"content":{"rendered":"<h1>Plaque d&#039;extr\u00e9mit\u00e9 \u00e9lectrique STEP 28E Gauche Inverse 12V R\u00e8gle 12mm<\/h1>\n<p>\u00c9TAPE 28E G\u00e2che \u00e9lectrique s\u00e9curis\u00e9e avec fonction d&#039;inversion pour portes \u00e0 ouverture \u00e0 gauche. Adapt\u00e9 pour piston 12 mm de la s\u00e9rie Modul, 12V DC.<\/p>\n<p>Class\u00e9 au feu E\/EI 60 et pr\u00eat \u00e0 \u00eatre int\u00e9gr\u00e9 aux syst\u00e8mes de contr\u00f4le d&#039;acc\u00e8s. Livr\u00e9 avec un c\u00e2ble sans halog\u00e8ne de 5 m.<\/p>\n<p class=\"\" data-start=\"413\" data-end=\"803\">La g\u00e2che \u00e9lectrique STEP 28E Secure est une g\u00e2che \u00e9lectrique de haute qualit\u00e9 con\u00e7ue pour les portes \u00e0 ouverture \u00e0 gauche o\u00f9 la s\u00e9curit\u00e9, la protection incendie et la possibilit\u00e9 d&#039;\u00e9vacuation doivent \u00eatre combin\u00e9es.<\/p>\n<p class=\"\" data-start=\"413\" data-end=\"803\">Il est utilis\u00e9 en conjonction avec les verrous \u00e0 p\u00eane de 12 mm de la s\u00e9rie Modul et dispose d&#039;une fonction d&#039;inversion qui maintient la plaque verrouill\u00e9e en position hors tension - une caract\u00e9ristique essentielle pour les installations de s\u00e9curit\u00e9.<\/p>\n<p class=\"\" data-start=\"805\" data-end=\"1138\">Gr\u00e2ce \u00e0 sa r\u00e9sistance au feu jusqu&#039;\u00e0 E\/EI 60, STEP 28E est souvent utilis\u00e9 dans les environnements de portes o\u00f9 des serrures d&#039;\u00e9vacuation d&#039;urgence conformes \u00e0 la norme SS-EN 179 sont requises, en combinaison avec un automatisme de porte ou des poign\u00e9es de tirage.<\/p>\n<p class=\"\" data-start=\"805\" data-end=\"1138\">La plaque est \u00e9quip\u00e9e d&#039;un micro-interrupteur et de doubles indicateurs (contact \u00e0 piston et \u00e0 loquet) pour la connexion \u00e0 un syst\u00e8me de contr\u00f4le d&#039;acc\u00e8s, un syst\u00e8me d&#039;alarme ou une autre surveillance.<\/p>\n<p class=\"\" data-start=\"1140\" data-end=\"1515\">Avec une r\u00e9sistance \u00e0 la rupture de plus de 15 kN et une r\u00e9sistance \u00e0 la pression de d\u00e9nudage jusqu&#039;\u00e0 500 kg, la g\u00e2che \u00e9lectrique r\u00e9siste m\u00eame aux environnements les plus exigeants.<\/p>\n<p class=\"\" data-start=\"1140\" data-end=\"1515\">La construction robuste en acier inoxydable r\u00e9sistant aux chocs garantit une longue dur\u00e9e de vie. Livr\u00e9 complet avec 5 m\u00e8tres de c\u00e2ble de connexion sans halog\u00e8ne.<\/p>\n<p class=\"\" data-start=\"1140\" data-end=\"1515\">Le produit est un produit de construction \u00e9valu\u00e9 et approuv\u00e9 par SundaHus et constitue un choix s\u00fbr pour les projets professionnels.<\/p>\n<p class=\"\" data-start=\"1517\" data-end=\"1667\">Le STEP 28E avec une tension de fonctionnement de 12 V CC est id\u00e9al pour les syst\u00e8mes de s\u00e9curit\u00e9 modernes o\u00f9 des performances \u00e9lev\u00e9es sont combin\u00e9es \u00e0 une fiabilit\u00e9 op\u00e9rationnelle et \u00e0 une surveillance claire de l&#039;\u00e9tat.<\/p>","protected":false},"excerpt":{"rendered":"<p>Vous pouvez voir ici quels poteaux et mod\u00e8les s&#039;adaptent ensemble \u00e0 partir de la gamme STEP de but\u00e9es de porte \u00e9lectriques.<\/p>\n<h5><strong><a href=\"https:\/\/steplock.com\/sv\/stolpguide\/#!?lang=sv&amp;blog_id=1&amp;paged=1&amp;number=50\" target=\"_blank\" rel=\"noopener\">Guide de publication STEP\u00a0<\/a><\/strong><\/h5>\n<h5><strong><a href=\"https:\/\/steplock.com\/sv\/projekteringsguide\/#!?lang=sv&amp;blog_id=1&amp;paged=1&amp;number=999\" target=\"_blank\" rel=\"noopener\">Guide de conception STEP<\/a><\/strong><\/h5>","protected":false},"featured_media":140575,"template":"","meta":{"_acf_changed":false},"product_brand":[],"product_cat":[3355],"product_tag":[4198,4201],"class_list":{"0":"post-140578","1":"product","2":"type-product","3":"status-publish","4":"has-post-thumbnail","6":"product_cat-elslutbleck","7":"product_tag-12v","8":"product_tag-omvand","9":"product_shipping_class-tunga-paket","10":"pa_brands-step","11":"tm-no-options","13":"first","14":"onbackorder","15":"sale","16":"taxable","17":"shipping-taxable","18":"purchasable","19":"product-type-simple"},"acf":[],"_links":{"self":[{"href":"https:\/\/secureus.se\/fr\/wp-json\/wp\/v2\/product\/140578","targetHints":{"allow":["GET"]}}],"collection":[{"href":"https:\/\/secureus.se\/fr\/wp-json\/wp\/v2\/product"}],"about":[{"href":"https:\/\/secureus.se\/fr\/wp-json\/wp\/v2\/types\/product"}],"wp:featuredmedia":[{"embeddable":true,"href":"https:\/\/secureus.se\/fr\/wp-json\/wp\/v2\/media\/140575"}],"wp:attachment":[{"href":"https:\/\/secureus.se\/fr\/wp-json\/wp\/v2\/media?parent=140578"}],"wp:term":[{"taxonomy":"product_brand","embeddable":true,"href":"https:\/\/secureus.se\/fr\/wp-json\/wp\/v2\/product_brand?post=140578"},{"taxonomy":"product_cat","embeddable":true,"href":"https:\/\/secureus.se\/fr\/wp-json\/wp\/v2\/product_cat?post=140578"},{"taxonomy":"product_tag","embeddable":true,"href":"https:\/\/secureus.se\/fr\/wp-json\/wp\/v2\/product_tag?post=140578"}],"curies":[{"name":"wp","href":"https:\/\/api.w.org\/{rel}","templated":true}]}}