{"id":140596,"date":"2023-09-26T13:07:08","date_gmt":"2023-09-26T11:07:08","guid":{"rendered":"https:\/\/secureus.se\/elslutbleck-step-48-omvand-24v-kolvkontakt\/"},"modified":"2026-04-23T12:32:57","modified_gmt":"2026-04-23T10:32:57","slug":"elslutbleck-step-48-omvand-24v-kolvkontakt","status":"publish","type":"product","link":"https:\/\/secureus.se\/fr\/elslutbleck-step-48-omvand-24v-kolvkontakt\/","title":{"rendered":"Plaque de terminaison \u00e9lectrique \u00c9TAPE 48 Contact piston 24 V invers\u00e9"},"content":{"rendered":"<h1>Plaque de terminaison \u00e9lectrique \u00c9TAPE 48 Contact piston 24 V invers\u00e9<\/h1>\n<p>STEP 48 Preload est une g\u00e2che \u00e9lectrique avec fonction inverse, con\u00e7ue pour assurer la s\u00e9curit\u00e9 dans les espaces verrouill\u00e9s avec un bouton ou une cl\u00e9.<\/p>\n<p>Equip\u00e9 d&#039;un contact \u00e0 piston et d&#039;une diode de protection, ainsi que d&#039;une r\u00e9sistance \u00e0 la rupture de 9 kN (environ 900 kg).<\/p>\n<p>La g\u00e2che \u00e9lectrique STEP 48 Preload est une g\u00e2che \u00e9lectrique haute s\u00e9curit\u00e9 id\u00e9ale pour les portes dans les espaces qui n\u00e9cessitent un verrouillage avec un bouton ou une cl\u00e9.<\/p>\n<p>Pour plus de s\u00e9curit\u00e9 et de fonctionnalit\u00e9, il est possible d&#039;installer un indicateur de p\u00eane (ST4880), qui peut \u00eatre utilis\u00e9 pour bloquer le syst\u00e8me d&#039;acc\u00e8s de la porte ou l&#039;automatisation de la porte lorsque le p\u00eane \u00e0 crochet ou le p\u00eane droit du bo\u00eetier de serrure a \u00e9t\u00e9 d\u00e9verrouill\u00e9 m\u00e9caniquement.<\/p>\n<p class=\"\" data-start=\"796\" data-end=\"1152\">Cette g\u00e2che \u00e9lectrique est \u00e9quip\u00e9e de la technologie brevet\u00e9e de pression \u00e0 bande de STEP, qui permet de d\u00e9verrouiller la porte m\u00eame si elle est soumise \u00e0 une pression allant jusqu&#039;\u00e0 40 kg.<\/p>\n<p class=\"\" data-start=\"796\" data-end=\"1152\">Avec une r\u00e9sistance \u00e0 la rupture de 9 kN (environ 900 kg) et une capacit\u00e9 d&#039;ouverture malgr\u00e9 une pression de bande de 0,4 kN (environ 40 kg) en marche avant et arri\u00e8re, STEP 48 Preload offre \u00e0 la fois s\u00e9curit\u00e9 et fiabilit\u00e9.<\/p>\n<p class=\"\" data-start=\"1154\" data-end=\"1309\">L&#039;interrupteur \u00e0 piston int\u00e9gr\u00e9 fournit une indication de l&#039;\u00e9tat de la porte (ferm\u00e9e\/ouverte), ce qui facilite son int\u00e9gration avec les syst\u00e8mes de contr\u00f4le d&#039;acc\u00e8s et autres solutions de s\u00e9curit\u00e9.<\/p>\n<p class=\"\" data-start=\"1311\" data-end=\"1326\"><strong data-start=\"1311\" data-end=\"1326\">Propri\u00e9t\u00e9s:<\/strong><\/p>\n<ul data-start=\"1327\" data-end=\"1745\">\n<li class=\"\" data-start=\"1327\" data-end=\"1369\">\n<p class=\"\" data-start=\"1329\" data-end=\"1369\">Fonction inverse (d\u00e9verrouill\u00e9e en mode hors tension)<\/p>\n<\/li>\n<li class=\"\" data-start=\"1370\" data-end=\"1428\">\n<p class=\"\" data-start=\"1372\" data-end=\"1428\">Contact \u00e0 piston avec indication de l&#039;\u00e9tat de la porte (ferm\u00e9e\/ouverte)<\/p>\n<\/li>\n<li class=\"\" data-start=\"1429\" data-end=\"1477\">\n<p class=\"\" data-start=\"1431\" data-end=\"1477\">Diode de protection int\u00e9gr\u00e9e pour une s\u00e9curit\u00e9 \u00e9lectrique accrue<\/p>\n<\/li>\n<li class=\"\" data-start=\"1478\" data-end=\"1515\">\n<p class=\"\" data-start=\"1480\" data-end=\"1515\">R\u00e9sistance \u00e0 la rupture de 9 kN (environ 900 kg)<\/p>\n<\/li>\n<li class=\"\" data-start=\"1516\" data-end=\"1603\">\n<p class=\"\" data-start=\"1518\" data-end=\"1603\">Garantit l&#039;ouverture malgr\u00e9 une pression de bande jusqu&#039;\u00e0 40 kg en marche avant et arri\u00e8re<\/p>\n<\/li>\n<li class=\"\" data-start=\"1604\" data-end=\"1663\">\n<p class=\"\" data-start=\"1606\" data-end=\"1663\">Antichoc et r\u00e9versible pour portes droites et gauches<\/p>\n<\/li>\n<li class=\"\" data-start=\"1664\" data-end=\"1710\">\n<p class=\"\" data-start=\"1666\" data-end=\"1710\">Capable de verrouiller les boulons \u00e0 crochet ou les boulons droits<\/p>\n<\/li>\n<li class=\"\" data-start=\"1711\" data-end=\"1745\">\n<p class=\"\" data-start=\"1713\" data-end=\"1745\">C\u00e2ble de 5 m\u00e8tres inclus (sans halog\u00e8ne)<\/p>\n<\/li>\n<\/ul>\n<p class=\"\" data-start=\"1747\" data-end=\"1776\"><strong data-start=\"1747\" data-end=\"1776\">Sp\u00e9cifications techniques :<\/strong><\/p>\n<ul data-start=\"1777\" data-end=\"2355\">\n<li class=\"\" data-start=\"1777\" data-end=\"1884\">\n<p class=\"\" data-start=\"1779\" data-end=\"1884\">Alimentation : 12 V DC (+15% -10%) 220 mAh \/ max 600 mA ou 24 V DC (+15% -10%) 110 mAh \/ max 300 mA<\/p>\n<\/li>\n<li class=\"\" data-start=\"1885\" data-end=\"1948\">\n<p class=\"\" data-start=\"1887\" data-end=\"1948\">Contact \u00e0 piston : Microrupteur unipolaire inverseur, max. 30 V CC, 1 A<\/p>\n<\/li>\n<li class=\"\" data-start=\"1949\" data-end=\"1989\">\n<p class=\"\" data-start=\"1951\" data-end=\"1989\">Durabilit\u00e9 : Grade X selon SS-EN 14846<\/p>\n<\/li>\n<li class=\"\" data-start=\"1990\" data-end=\"2029\">\n<p class=\"\" data-start=\"1992\" data-end=\"2029\">Corrosion : Grade M selon SS-EN 14846<\/p>\n<\/li>\n<li class=\"\" data-start=\"2030\" data-end=\"2068\">\n<p class=\"\" data-start=\"2032\" data-end=\"2068\">S\u00e9curit\u00e9 : Grade 3 selon SS-EN 14846<\/p>\n<\/li>\n<li class=\"\" data-start=\"2069\" data-end=\"2131\">\n<p class=\"\" data-start=\"2071\" data-end=\"2131\">Manipulation \u00e9lectrique de s\u00e9curit\u00e9 : Grade 1 selon SS-EN 14846<\/p>\n<\/li>\n<li class=\"\" data-start=\"2132\" data-end=\"2157\">\n<p class=\"\" data-start=\"2134\" data-end=\"2157\">R\u00e9sistance \u00e0 la rupture : 900 kg<\/p>\n<\/li>\n<li class=\"\" data-start=\"2158\" data-end=\"2188\">\n<p class=\"\" data-start=\"2160\" data-end=\"2188\">Charni\u00e8re de porte : droite, gauche<\/p>\n<\/li>\n<li class=\"\" data-start=\"2189\" data-end=\"2207\">\n<p class=\"\" data-start=\"2191\" data-end=\"2207\">C\u00e2ble inclus : Non<\/p>\n<\/li>\n<li class=\"\" data-start=\"2208\" data-end=\"2226\">\n<p class=\"\" data-start=\"2210\" data-end=\"2226\">Pression de la bande : 40 kg<\/p>\n<\/li>\n<li class=\"\" data-start=\"2227\" data-end=\"2262\">\n<p class=\"\" data-start=\"2229\" data-end=\"2262\">Type de serrure : Serrure \u00e0 p\u00eane simple, Serrure \u00e0 p\u00eane double<\/p>\n<\/li>\n<li class=\"\" data-start=\"2263\" data-end=\"2316\">\n<p class=\"\" data-start=\"2265\" data-end=\"2316\">Dimensions du produit : Largeur : 25 mm, Profondeur : 35 mm, Hauteur : 90 mm<\/p>\n<\/li>\n<li class=\"\" data-start=\"2317\" data-end=\"2334\">\n<p class=\"\" data-start=\"2319\" data-end=\"2334\">Contact du piston : Oui<\/p>\n<\/li>\n<li class=\"\" data-start=\"2335\" data-end=\"2355\">\n<p class=\"\" data-start=\"2337\" data-end=\"2355\">Tension AC\/DC : DC<\/p>\n<\/li>\n<\/ul>","protected":false},"excerpt":{"rendered":"<p>Vous pouvez voir ici quels poteaux et mod\u00e8les s&#039;adaptent ensemble \u00e0 partir de la gamme STEP de but\u00e9es de porte \u00e9lectriques.<\/p>\n<h5><strong><a href=\"https:\/\/steplock.com\/sv\/stolpguide\/#!?lang=sv&amp;blog_id=1&amp;paged=1&amp;number=50\" target=\"_blank\" rel=\"noopener\">Guide de publication STEP\u00a0<\/a><\/strong><\/h5>\n<h5><strong><a href=\"https:\/\/steplock.com\/sv\/projekteringsguide\/#!?lang=sv&amp;blog_id=1&amp;paged=1&amp;number=999\" target=\"_blank\" rel=\"noopener\">Guide de conception STEP<\/a><\/strong><\/h5>","protected":false},"featured_media":140594,"template":"","meta":{"_acf_changed":false},"product_brand":[],"product_cat":[3355],"product_tag":[4197,4201],"class_list":{"0":"post-140596","1":"product","2":"type-product","3":"status-publish","4":"has-post-thumbnail","6":"product_cat-elslutbleck","7":"product_tag-24v","8":"product_tag-omvand","9":"product_shipping_class-tunga-paket","10":"pa_brands-step","11":"tm-no-options","13":"first","14":"onbackorder","15":"sale","16":"taxable","17":"shipping-taxable","18":"purchasable","19":"product-type-simple"},"acf":[],"_links":{"self":[{"href":"https:\/\/secureus.se\/fr\/wp-json\/wp\/v2\/product\/140596","targetHints":{"allow":["GET"]}}],"collection":[{"href":"https:\/\/secureus.se\/fr\/wp-json\/wp\/v2\/product"}],"about":[{"href":"https:\/\/secureus.se\/fr\/wp-json\/wp\/v2\/types\/product"}],"wp:featuredmedia":[{"embeddable":true,"href":"https:\/\/secureus.se\/fr\/wp-json\/wp\/v2\/media\/140594"}],"wp:attachment":[{"href":"https:\/\/secureus.se\/fr\/wp-json\/wp\/v2\/media?parent=140596"}],"wp:term":[{"taxonomy":"product_brand","embeddable":true,"href":"https:\/\/secureus.se\/fr\/wp-json\/wp\/v2\/product_brand?post=140596"},{"taxonomy":"product_cat","embeddable":true,"href":"https:\/\/secureus.se\/fr\/wp-json\/wp\/v2\/product_cat?post=140596"},{"taxonomy":"product_tag","embeddable":true,"href":"https:\/\/secureus.se\/fr\/wp-json\/wp\/v2\/product_tag?post=140596"}],"curies":[{"name":"wp","href":"https:\/\/api.w.org\/{rel}","templated":true}]}}