{"id":140624,"date":"2023-09-26T13:06:58","date_gmt":"2023-09-26T11:06:58","guid":{"rendered":"https:\/\/secureus.se\/elslutbleck-step-18-vanster-omvand-24v-10mm-regel\/"},"modified":"2026-04-08T16:40:17","modified_gmt":"2026-04-08T14:40:17","slug":"elslutbleck-step-18-vanster-omvand-24v-10mm-regel","status":"publish","type":"product","link":"https:\/\/secureus.se\/fr\/elslutbleck-step-18-vanster-omvand-24v-10mm-regel\/","title":{"rendered":"Plaque d&#039;extr\u00e9mit\u00e9 \u00e9lectrique STEP 18 Gauche Inverse 24V R\u00e8gle 10mm"},"content":{"rendered":"<h1>Plaque d&#039;extr\u00e9mit\u00e9 \u00e9lectrique STEP 18 Gauche Inverse 24V R\u00e8gle 10mm<\/h1>\n<p>La g\u00e2che \u00e9lectrique STEP 18 Secure est une g\u00e2che \u00e9lectrique coupe-feu pour serrures \u00e0 p\u00eane avec piston de 10 mm de la s\u00e9rie Modul, con\u00e7ue pour les portes de s\u00e9curit\u00e9 \u00e0 haute r\u00e9sistance \u00e0 l&#039;intrusion et \u00e0 verrouillage rapide.<\/p>\n<p class=\"\" data-start=\"415\" data-end=\"758\">STEP 18 Secure offre la plus haute s\u00e9curit\u00e9 pour les portes expos\u00e9es \u00e0 un trafic \u00e9lev\u00e9 et \u00e0 des exigences de s\u00e9curit\u00e9 strictes.<\/p>\n<p class=\"\" data-start=\"415\" data-end=\"758\">Il est homologu\u00e9 pour le verrouillage des portes de s\u00e9curit\u00e9 jusqu&#039;\u00e0 RC4 et r\u00e9sistant au feu jusqu&#039;\u00e0 E\/EI 60, ce qui en fait une solution id\u00e9ale pour les environnements tels que les prisons, les banques ou autres installations de s\u00e9curit\u00e9.<\/p>\n<p class=\"\" data-start=\"760\" data-end=\"1212\">Avec une r\u00e9sistance \u00e0 la rupture de 15 kN (environ 1 500 kg) et une capacit\u00e9 d&#039;ouverture malgr\u00e9 une pression de bande de 5 kN (environ 500 kg), STEP 18 Secure offre \u00e0 la fois durabilit\u00e9 et s\u00e9curit\u00e9.<\/p>\n<p class=\"\" data-start=\"760\" data-end=\"1212\">La fonction inverse signifie que la porte est d\u00e9verrouill\u00e9e en position hors tension, ce qui permet d&#039;ouvrir la porte rapidement si n\u00e9cessaire.<\/p>\n<p class=\"\" data-start=\"760\" data-end=\"1212\">L&#039;interrupteur \u00e0 piston int\u00e9gr\u00e9 fournit une indication de l&#039;\u00e9tat ferm\u00e9\/ouvert de la porte et de l&#039;\u00e9tat de verrouillage (verrouill\u00e9\/d\u00e9verrouill\u00e9), ce qui facilite la connexion aux syst\u00e8mes de contr\u00f4le d&#039;acc\u00e8s et aux syst\u00e8mes d&#039;alarme.<\/p>\n<p class=\"\" data-start=\"1214\" data-end=\"1354\">STEP 18 Secure est \u00e9galement inviolable pour r\u00e9sister aux influences ext\u00e9rieures et dispose d&#039;un c\u00e2ble de connexion sans halog\u00e8ne de 5 m\u00e8tres pour une installation facile.<\/p>\n<p class=\"\" data-start=\"1356\" data-end=\"1371\"><strong data-start=\"1356\" data-end=\"1371\">Propri\u00e9t\u00e9s:<\/strong><\/p>\n<ul data-start=\"1372\" data-end=\"1907\">\n<li class=\"\" data-start=\"1372\" data-end=\"1416\">\n<p class=\"\" data-start=\"1374\" data-end=\"1416\">Pour serrure de r\u00e9gulation avec piston de 10 mm de la s\u00e9rie Modul<\/p>\n<\/li>\n<li class=\"\" data-start=\"1417\" data-end=\"1459\">\n<p class=\"\" data-start=\"1419\" data-end=\"1459\">Fonction inverse (d\u00e9verrouill\u00e9e en mode hors tension)<\/p>\n<\/li>\n<li class=\"\" data-start=\"1460\" data-end=\"1486\">\n<p class=\"\" data-start=\"1462\" data-end=\"1486\">Pour portes battantes \u00e0 gauche<\/p>\n<\/li>\n<li class=\"\" data-start=\"1487\" data-end=\"1518\">\n<p class=\"\" data-start=\"1489\" data-end=\"1518\">Homologu\u00e9 incendie jusqu&#039;\u00e0 E\/EI 60<\/p>\n<\/li>\n<li class=\"\" data-start=\"1519\" data-end=\"1596\">\n<p class=\"\" data-start=\"1521\" data-end=\"1596\">Indication int\u00e9gr\u00e9e de l&#039;\u00e9tat de la porte (ferm\u00e9e\/ouverte) et de l&#039;\u00e9tat du verrouillage (verrouill\u00e9\/d\u00e9verrouill\u00e9)<\/p>\n<\/li>\n<li class=\"\" data-start=\"1597\" data-end=\"1635\">\n<p class=\"\" data-start=\"1599\" data-end=\"1635\">Diode de protection int\u00e9gr\u00e9e pour une s\u00e9curit\u00e9 accrue<\/p>\n<\/li>\n<li class=\"\" data-start=\"1636\" data-end=\"1675\">\n<p class=\"\" data-start=\"1638\" data-end=\"1675\">R\u00e9sistance \u00e0 la rupture de 15 kN (environ 1500 kg)<\/p>\n<\/li>\n<li class=\"\" data-start=\"1676\" data-end=\"1756\">\n<p class=\"\" data-start=\"1678\" data-end=\"1756\">S&#039;ouvre malgr\u00e9 une pression de bande de 5 kN (environ 500 kg) en marche avant et arri\u00e8re<\/p>\n<\/li>\n<li class=\"\" data-start=\"1757\" data-end=\"1816\">\n<p class=\"\" data-start=\"1759\" data-end=\"1816\">Antichoc et r\u00e9versible pour portes droites et gauches<\/p>\n<\/li>\n<li class=\"\" data-start=\"1817\" data-end=\"1863\">\n<p class=\"\" data-start=\"1819\" data-end=\"1863\">Capable de verrouiller les boulons \u00e0 crochet ou les boulons droits<\/p>\n<\/li>\n<li class=\"\" data-start=\"1864\" data-end=\"1907\">\n<p class=\"\" data-start=\"1866\" data-end=\"1907\">C\u00e2ble de connexion sans halog\u00e8ne de 5 m\u00e8tres inclus<\/p>\n<\/li>\n<\/ul>\n<p class=\"\" data-start=\"1909\" data-end=\"1938\"><strong data-start=\"1909\" data-end=\"1938\">Sp\u00e9cifications techniques :<\/strong><\/p>\n<ul data-start=\"1939\" data-end=\"2755\">\n<li class=\"\" data-start=\"1939\" data-end=\"2030\">\n<p class=\"\" data-start=\"1941\" data-end=\"2030\">Alimentation : 12 V DC (+15% -10%) 639 mA d\u00e9verrouill\u00e9 ou 24 V DC (+15% -10%) 313 mA d\u00e9verrouill\u00e9<\/p>\n<\/li>\n<li class=\"\" data-start=\"2031\" data-end=\"2095\">\n<p class=\"\" data-start=\"2033\" data-end=\"2095\">Contact \u00e0 piston : Microrupteur unipolaire inverseur, max. 30 V CC, 1 A<\/p>\n<\/li>\n<li class=\"\" data-start=\"2096\" data-end=\"2136\">\n<p class=\"\" data-start=\"2098\" data-end=\"2136\">Durabilit\u00e9 : Grade Y selon SS-EN 14846<\/p>\n<\/li>\n<li class=\"\" data-start=\"2137\" data-end=\"2176\">\n<p class=\"\" data-start=\"2139\" data-end=\"2176\">Corrosion : Grade M selon SS-EN 14846<\/p>\n<\/li>\n<li class=\"\" data-start=\"2177\" data-end=\"2215\">\n<p class=\"\" data-start=\"2179\" data-end=\"2215\">S\u00e9curit\u00e9 : Grade 7 selon SS-EN 14846<\/p>\n<\/li>\n<li class=\"\" data-start=\"2216\" data-end=\"2306\">\n<p class=\"\" data-start=\"2218\" data-end=\"2306\">Manipulation \u00e9lectrique de s\u00e9curit\u00e9 : Grade 3 (face vers l&#039;avant) Grade 1 (face vers l&#039;arri\u00e8re) selon SS-EN 14846<\/p>\n<\/li>\n<li class=\"\" data-start=\"2307\" data-end=\"2328\">\n<p class=\"\" data-start=\"2309\" data-end=\"2328\">Test\u00e9 au feu : 60 min<\/p>\n<\/li>\n<li class=\"\" data-start=\"2329\" data-end=\"2355\">\n<p class=\"\" data-start=\"2331\" data-end=\"2355\">R\u00e9sistance \u00e0 la rupture : 1500 kg<\/p>\n<\/li>\n<li class=\"\" data-start=\"2356\" data-end=\"2379\">\n<p class=\"\" data-start=\"2358\" data-end=\"2379\">Charni\u00e8re de porte : gauche<\/p>\n<\/li>\n<li class=\"\" data-start=\"2380\" data-end=\"2434\">\n<p class=\"\" data-start=\"2382\" data-end=\"2434\">C\u00e2ble inclus : Oui, c\u00e2ble de connexion sans halog\u00e8ne de 5 m\u00e8tres<\/p>\n<\/li>\n<li class=\"\" data-start=\"2435\" data-end=\"2454\">\n<p class=\"\" data-start=\"2437\" data-end=\"2454\">Pression nominale : 500 kg<\/p>\n<\/li>\n<li class=\"\" data-start=\"2455\" data-end=\"2486\">\n<p class=\"\" data-start=\"2457\" data-end=\"2486\">Type de serrure : Serrure \u00e0 crochet, Serrure \u00e0 loquet<\/p>\n<\/li>\n<li class=\"\" data-start=\"2487\" data-end=\"2541\">\n<p class=\"\" data-start=\"2489\" data-end=\"2541\">Dimensions du produit : Largeur : 35 mm, Profondeur : 40 mm, Hauteur : 230 mm<\/p>\n<\/li>\n<li class=\"\" data-start=\"2542\" data-end=\"2559\">\n<p class=\"\" data-start=\"2544\" data-end=\"2559\">Contact du piston : Oui<\/p>\n<\/li>\n<li class=\"\" data-start=\"2560\" data-end=\"2580\">\n<p class=\"\" data-start=\"2562\" data-end=\"2580\">Tension AC\/DC : DC<\/p>\n<\/li>\n<li class=\"\" data-start=\"2581\" data-end=\"2603\">\n<p class=\"\" data-start=\"2583\" data-end=\"2603\">Tension maximale : 27,6 V<\/p>\n<\/li>\n<li class=\"\" data-start=\"2604\" data-end=\"2626\">\n<p class=\"\" data-start=\"2606\" data-end=\"2626\">Tension minimale : 21,6 V<\/p>\n<\/li>\n<li class=\"\" data-start=\"2627\" data-end=\"2649\">\n<p class=\"\" data-start=\"2629\" data-end=\"2649\">Chute \u00e0 double torsion : Non<\/p>\n<\/li>\n<li class=\"\" data-start=\"2650\" data-end=\"2678\">\n<p class=\"\" data-start=\"2652\" data-end=\"2678\">Couleur\/Finition : Acier inoxydable<\/p>\n<\/li>\n<li class=\"\" data-start=\"2679\" data-end=\"2699\">\n<p class=\"\" data-start=\"2681\" data-end=\"2699\">Produit de construction \u00e9valu\u00e9 : Oui<\/p>\n<\/li>\n<li class=\"\" data-start=\"2700\" data-end=\"2721\">\n<p class=\"\" data-start=\"2702\" data-end=\"2721\">V\u00e9rifi\u00e9 EPD : Non<\/p>\n<\/li>\n<li class=\"\" data-start=\"2722\" data-end=\"2734\">\n<p class=\"\" data-start=\"2724\" data-end=\"2734\">FINFO : Non<\/p>\n<\/li>\n<li class=\"\" data-start=\"2735\" data-end=\"2755\">\n<p class=\"\" data-start=\"2737\" data-end=\"2755\">SundaHouse not\u00e9 : Oui<\/p>\n<\/li>\n<\/ul>","protected":false},"excerpt":{"rendered":"<p>Vous pouvez voir ici quels poteaux et mod\u00e8les s&#039;adaptent ensemble \u00e0 partir de la gamme STEP de but\u00e9es de porte \u00e9lectriques.<\/p>\n<h5><strong><a href=\"https:\/\/steplock.com\/sv\/stolpguide\/#!?lang=sv&amp;blog_id=1&amp;paged=1&amp;number=50\" target=\"_blank\" rel=\"noopener\">Guide de publication STEP\u00a0<\/a><\/strong><\/h5>\n<h5><strong><a href=\"https:\/\/steplock.com\/sv\/projekteringsguide\/#!?lang=sv&amp;blog_id=1&amp;paged=1&amp;number=999\" target=\"_blank\" rel=\"noopener\">Guide de conception STEP<\/a><\/strong><\/h5>","protected":false},"featured_media":140622,"template":"","meta":{"_acf_changed":false},"product_brand":[],"product_cat":[3355],"product_tag":[4197,4201],"class_list":{"0":"post-140624","1":"product","2":"type-product","3":"status-publish","4":"has-post-thumbnail","6":"product_cat-elslutbleck","7":"product_tag-24v","8":"product_tag-omvand","9":"product_shipping_class-tunga-paket","10":"pa_brands-step","11":"tm-no-options","13":"first","14":"onbackorder","15":"sale","16":"taxable","17":"shipping-taxable","18":"purchasable","19":"product-type-simple"},"acf":[],"_links":{"self":[{"href":"https:\/\/secureus.se\/fr\/wp-json\/wp\/v2\/product\/140624","targetHints":{"allow":["GET"]}}],"collection":[{"href":"https:\/\/secureus.se\/fr\/wp-json\/wp\/v2\/product"}],"about":[{"href":"https:\/\/secureus.se\/fr\/wp-json\/wp\/v2\/types\/product"}],"wp:featuredmedia":[{"embeddable":true,"href":"https:\/\/secureus.se\/fr\/wp-json\/wp\/v2\/media\/140622"}],"wp:attachment":[{"href":"https:\/\/secureus.se\/fr\/wp-json\/wp\/v2\/media?parent=140624"}],"wp:term":[{"taxonomy":"product_brand","embeddable":true,"href":"https:\/\/secureus.se\/fr\/wp-json\/wp\/v2\/product_brand?post=140624"},{"taxonomy":"product_cat","embeddable":true,"href":"https:\/\/secureus.se\/fr\/wp-json\/wp\/v2\/product_cat?post=140624"},{"taxonomy":"product_tag","embeddable":true,"href":"https:\/\/secureus.se\/fr\/wp-json\/wp\/v2\/product_tag?post=140624"}],"curies":[{"name":"wp","href":"https:\/\/api.w.org\/{rel}","templated":true}]}}