{"id":140648,"date":"2023-09-26T13:06:51","date_gmt":"2023-09-26T11:06:51","guid":{"rendered":"https:\/\/secureus.se\/elslutbleck-step-30-omvand-12v-kolvkontakt\/"},"modified":"2026-04-08T16:20:48","modified_gmt":"2026-04-08T14:20:48","slug":"elslutbleck-step-30-omvand-12v-kolvkontakt","status":"publish","type":"product","link":"https:\/\/secureus.se\/fr\/elslutbleck-step-30-omvand-12v-kolvkontakt\/","title":{"rendered":"Plaque d&#039;extr\u00e9mit\u00e9 \u00e9lectrique \u00c9TAPE 30 Contact piston invers\u00e9 12V"},"content":{"rendered":"<h1>Plaque d&#039;extr\u00e9mit\u00e9 \u00e9lectrique \u00c9TAPE 30 Contact piston invers\u00e9 12V<\/h1>\n<p>La g\u00e2che \u00e9lectrique STEP 30 Preload est une g\u00e2che \u00e9lectrique compacte con\u00e7ue pour remplacer les anciennes g\u00e2ches \u00e9lectriques simples et cr\u00e9er un environnement de porte fiable, m\u00eame dans les sections de porte plus anciennes.<\/p>\n<p>Equip\u00e9 de la technologie HPR\u00ae et d&#039;une r\u00e9sistance \u00e0 la rupture de 500 kg.<\/p>\n<p class=\"\" data-start=\"401\" data-end=\"896\">La g\u00e2che \u00e9lectrique pr\u00e9charg\u00e9e STEP 30 est le choix optimal pour remplacer les g\u00e2ches \u00e9lectriques simples existantes et garantir un environnement de porte fiable, m\u00eame dans les sections de porte et les \u00e9videments plus anciens.<\/p>\n<p class=\"\" data-start=\"401\" data-end=\"896\">STEP 30 fait partie de la s\u00e9rie Preload de STEP, qui combine des dimensions minimales avec une qualit\u00e9 et une flexibilit\u00e9 \u00e9lev\u00e9es.<\/p>\n<p class=\"\" data-start=\"401\" data-end=\"896\">Cette g\u00e2che \u00e9lectrique est con\u00e7ue pour r\u00e9sister \u00e0 une fr\u00e9quence d&#039;ouverture \u00e9lev\u00e9e et est \u00e9quip\u00e9e de la technologie brevet\u00e9e de pression de bande de STEP, ce qui signifie que la porte peut toujours \u00eatre ouverte m\u00eame si elle est expos\u00e9e \u00e0 une pression.<\/p>\n<p class=\"\" data-start=\"898\" data-end=\"1302\">La fonction inverse signifie que la porte est d\u00e9verrouill\u00e9e en position hors tension, permettant une ouverture rapide et facile.<\/p>\n<p class=\"\" data-start=\"898\" data-end=\"1302\">L&#039;interrupteur \u00e0 piston fournit une indication de l&#039;\u00e9tat de la porte (ferm\u00e9e\/ouverte), ce qui facilite son int\u00e9gration avec les syst\u00e8mes de contr\u00f4le d&#039;acc\u00e8s et les syst\u00e8mes d&#039;alarme.<\/p>\n<p class=\"\" data-start=\"898\" data-end=\"1302\">Avec une r\u00e9sistance \u00e0 la rupture de 5 kN (environ 500 kg) et une capacit\u00e9 d&#039;ouverture malgr\u00e9 une pression de bande allant jusqu&#039;\u00e0 40 kg, STEP 30 Preload offre \u00e0 la fois s\u00e9curit\u00e9 et fiabilit\u00e9.<\/p>\n<p class=\"\" data-start=\"1304\" data-end=\"1319\"><strong data-start=\"1304\" data-end=\"1319\">Propri\u00e9t\u00e9s:<\/strong><\/p>\n<ul data-start=\"1320\" data-end=\"1717\">\n<li class=\"\" data-start=\"1320\" data-end=\"1361\">\n<p class=\"\" data-start=\"1322\" data-end=\"1361\">Fonction inverse (verrouill\u00e9e en mode hors tension)<\/p>\n<\/li>\n<li class=\"\" data-start=\"1362\" data-end=\"1417\">\n<p class=\"\" data-start=\"1364\" data-end=\"1417\">Contact du piston. Indication de l&#039;\u00e9tat de la porte (ferm\u00e9e\/ouverte)<\/p>\n<\/li>\n<li class=\"\" data-start=\"1418\" data-end=\"1456\">\n<p class=\"\" data-start=\"1420\" data-end=\"1456\">Diode de protection int\u00e9gr\u00e9e pour une s\u00e9curit\u00e9 accrue<\/p>\n<\/li>\n<li class=\"\" data-start=\"1457\" data-end=\"1494\">\n<p class=\"\" data-start=\"1459\" data-end=\"1494\">R\u00e9sistance \u00e0 la rupture de 5 kN (environ 500 kg)<\/p>\n<\/li>\n<li class=\"\" data-start=\"1495\" data-end=\"1597\">\n<p class=\"\" data-start=\"1497\" data-end=\"1597\">Garantit l&#039;ouverture malgr\u00e9 une pression de bande jusqu&#039;\u00e0 0,4 kN (environ 40 kg) en marche avant comme en marche arri\u00e8re<\/p>\n<\/li>\n<li class=\"\" data-start=\"1598\" data-end=\"1657\">\n<p class=\"\" data-start=\"1600\" data-end=\"1657\">Antichoc et r\u00e9versible pour portes droites et gauches<\/p>\n<\/li>\n<li class=\"\" data-start=\"1658\" data-end=\"1700\">\n<p class=\"\" data-start=\"1660\" data-end=\"1700\">Convient aux serrures \u00e0 un ou deux battants<\/p>\n<\/li>\n<li class=\"\" data-start=\"1701\" data-end=\"1717\">\n<p class=\"\" data-start=\"1703\" data-end=\"1717\">C\u00e2ble non inclus<\/p>\n<\/li>\n<\/ul>\n<p class=\"\" data-start=\"1719\" data-end=\"1748\"><strong data-start=\"1719\" data-end=\"1748\">Sp\u00e9cifications techniques :<\/strong><\/p>\n<ul data-start=\"1749\" data-end=\"2399\">\n<li class=\"\" data-start=\"1749\" data-end=\"1856\">\n<p class=\"\" data-start=\"1751\" data-end=\"1856\">Alimentation : 24 V DC (+15% -10%) 110 mAh \/ max 300 mA ou 12 V DC (+15% -10%) 220 mAh \/ max 600 mA<\/p>\n<\/li>\n<li class=\"\" data-start=\"1857\" data-end=\"1920\">\n<p class=\"\" data-start=\"1859\" data-end=\"1920\">Contact \u00e0 piston : Microrupteur unipolaire inverseur, max. 30 V CC, 1 A<\/p>\n<\/li>\n<li class=\"\" data-start=\"1921\" data-end=\"1961\">\n<p class=\"\" data-start=\"1923\" data-end=\"1961\">Durabilit\u00e9 : Grade X selon SS-EN 14846<\/p>\n<\/li>\n<li class=\"\" data-start=\"1962\" data-end=\"2001\">\n<p class=\"\" data-start=\"1964\" data-end=\"2001\">Corrosion : Grade M selon SS-EN 14846<\/p>\n<\/li>\n<li class=\"\" data-start=\"2002\" data-end=\"2040\">\n<p class=\"\" data-start=\"2004\" data-end=\"2040\">S\u00e9curit\u00e9 : Grade 3 selon SS-EN 14846<\/p>\n<\/li>\n<li class=\"\" data-start=\"2041\" data-end=\"2066\">\n<p class=\"\" data-start=\"2043\" data-end=\"2066\">R\u00e9sistance \u00e0 la rupture : 500 kg<\/p>\n<\/li>\n<li class=\"\" data-start=\"2067\" data-end=\"2097\">\n<p class=\"\" data-start=\"2069\" data-end=\"2097\">Charni\u00e8re de porte : droite, gauche<\/p>\n<\/li>\n<li class=\"\" data-start=\"2098\" data-end=\"2116\">\n<p class=\"\" data-start=\"2100\" data-end=\"2116\">Pression de la bande : 40 kg<\/p>\n<\/li>\n<li class=\"\" data-start=\"2117\" data-end=\"2152\">\n<p class=\"\" data-start=\"2119\" data-end=\"2152\">Type de serrure : Serrure \u00e0 p\u00eane simple, Serrure \u00e0 p\u00eane double<\/p>\n<\/li>\n<li class=\"\" data-start=\"2153\" data-end=\"2208\">\n<p class=\"\" data-start=\"2155\" data-end=\"2208\">Dimensions du produit : Largeur : 20,5 mm, Profondeur : 28 mm, Hauteur : 99 mm<\/p>\n<\/li>\n<li class=\"\" data-start=\"2209\" data-end=\"2226\">\n<p class=\"\" data-start=\"2211\" data-end=\"2226\">Contact du piston : Oui<\/p>\n<\/li>\n<li class=\"\" data-start=\"2227\" data-end=\"2247\">\n<p class=\"\" data-start=\"2229\" data-end=\"2247\">Tension AC\/DC : DC<\/p>\n<\/li>\n<li class=\"\" data-start=\"2248\" data-end=\"2270\">\n<p class=\"\" data-start=\"2250\" data-end=\"2270\">Tension maximale : 13,8 V<\/p>\n<\/li>\n<li class=\"\" data-start=\"2271\" data-end=\"2293\">\n<p class=\"\" data-start=\"2273\" data-end=\"2293\">Tension minimale : 10,8 V<\/p>\n<\/li>\n<li class=\"\" data-start=\"2294\" data-end=\"2322\">\n<p class=\"\" data-start=\"2296\" data-end=\"2322\">Couleur\/Finition : Acier inoxydable<\/p>\n<\/li>\n<li class=\"\" data-start=\"2323\" data-end=\"2343\">\n<p class=\"\" data-start=\"2325\" data-end=\"2343\">Produit de construction \u00e9valu\u00e9 : Oui<\/p>\n<\/li>\n<li class=\"\" data-start=\"2344\" data-end=\"2365\">\n<p class=\"\" data-start=\"2346\" data-end=\"2365\">V\u00e9rifi\u00e9 EPD : Non<\/p>\n<\/li>\n<li class=\"\" data-start=\"2366\" data-end=\"2378\">\n<p class=\"\" data-start=\"2368\" data-end=\"2378\">FINFO : Non<\/p>\n<\/li>\n<li class=\"\" data-start=\"2379\" data-end=\"2399\">\n<p class=\"\" data-start=\"2381\" data-end=\"2399\">SundaHouse not\u00e9 : Oui<\/p>\n<\/li>\n<\/ul>","protected":false},"excerpt":{"rendered":"<p>Vous pouvez voir ici quels poteaux et mod\u00e8les s&#039;adaptent ensemble \u00e0 partir de la gamme STEP de but\u00e9es de porte \u00e9lectriques.<\/p>\n<h5><strong><a href=\"https:\/\/steplock.com\/sv\/stolpguide\/#!?lang=sv&amp;blog_id=1&amp;paged=1&amp;number=50\" target=\"_blank\" rel=\"noopener\">Guide de publication STEP\u00a0<\/a><\/strong><\/h5>\n<h5><strong><a href=\"https:\/\/steplock.com\/sv\/projekteringsguide\/#!?lang=sv&amp;blog_id=1&amp;paged=1&amp;number=999\" target=\"_blank\" rel=\"noopener\">Guide de conception STEP<\/a><\/strong><\/h5>","protected":false},"featured_media":140647,"template":"","meta":{"_acf_changed":false},"product_brand":[],"product_cat":[3355],"product_tag":[4198,4201],"class_list":{"0":"post-140648","1":"product","2":"type-product","3":"status-publish","4":"has-post-thumbnail","6":"product_cat-elslutbleck","7":"product_tag-12v","8":"product_tag-omvand","9":"product_shipping_class-tunga-paket","10":"pa_brands-step","11":"tm-no-options","13":"first","14":"onbackorder","15":"sale","16":"taxable","17":"shipping-taxable","18":"purchasable","19":"product-type-simple"},"acf":[],"_links":{"self":[{"href":"https:\/\/secureus.se\/fr\/wp-json\/wp\/v2\/product\/140648","targetHints":{"allow":["GET"]}}],"collection":[{"href":"https:\/\/secureus.se\/fr\/wp-json\/wp\/v2\/product"}],"about":[{"href":"https:\/\/secureus.se\/fr\/wp-json\/wp\/v2\/types\/product"}],"wp:featuredmedia":[{"embeddable":true,"href":"https:\/\/secureus.se\/fr\/wp-json\/wp\/v2\/media\/140647"}],"wp:attachment":[{"href":"https:\/\/secureus.se\/fr\/wp-json\/wp\/v2\/media?parent=140648"}],"wp:term":[{"taxonomy":"product_brand","embeddable":true,"href":"https:\/\/secureus.se\/fr\/wp-json\/wp\/v2\/product_brand?post=140648"},{"taxonomy":"product_cat","embeddable":true,"href":"https:\/\/secureus.se\/fr\/wp-json\/wp\/v2\/product_cat?post=140648"},{"taxonomy":"product_tag","embeddable":true,"href":"https:\/\/secureus.se\/fr\/wp-json\/wp\/v2\/product_tag?post=140648"}],"curies":[{"name":"wp","href":"https:\/\/api.w.org\/{rel}","templated":true}]}}