{"id":140684,"date":"2023-09-26T13:06:33","date_gmt":"2023-09-26T11:06:33","guid":{"rendered":"https:\/\/secureus.se\/elslutbleck-step-48-omvand-12v\/"},"modified":"2026-03-26T09:56:24","modified_gmt":"2026-03-26T08:56:24","slug":"elslutbleck-step-48-omvand-12v","status":"publish","type":"product","link":"https:\/\/secureus.se\/fr\/elslutbleck-step-48-omvand-12v\/","title":{"rendered":"Plaque de terminaison \u00e9lectrique STEP 48 Reverse 12V"},"content":{"rendered":"<h1>Plaque de terminaison \u00e9lectrique STEP 48 Reverse 12V<\/h1>\n<p>La g\u00e2che \u00e9lectrique pr\u00e9charg\u00e9e STEP 48 est con\u00e7ue pour assurer une ouverture fiable dans les environnements n\u00e9cessitant une s\u00e9curit\u00e9 \u00e9lev\u00e9e.<\/p>\n<p>Equip\u00e9 de la technologie brevet\u00e9e de pression de bande de STEP et d&#039;une r\u00e9sistance \u00e0 la rupture allant jusqu&#039;\u00e0 900 kg, il offre un fonctionnement fiable m\u00eame \u00e0 des pressions allant jusqu&#039;\u00e0 40 kg.<\/p>\n<p class=\"\" data-start=\"415\" data-end=\"705\">La g\u00e2che \u00e9lectrique pr\u00e9charg\u00e9e STEP 48 est la solution id\u00e9ale pour les espaces qui doivent \u00eatre verrouill\u00e9s avec un bouton ou une cl\u00e9.<\/p>\n<p class=\"\" data-start=\"415\" data-end=\"705\">Il peut \u00eatre install\u00e9 avec l&#039;indicateur de p\u00eane ST4880 pour bloquer automatiquement les syst\u00e8mes d&#039;acc\u00e8s ou les serrures \u00e0 code lorsque le p\u00eane \u00e0 crochet ou le p\u00eane droit du bo\u00eetier de serrure a \u00e9t\u00e9 d\u00e9verrouill\u00e9.<\/p>\n<p class=\"\" data-start=\"707\" data-end=\"1100\">Gr\u00e2ce \u00e0 la technologie brevet\u00e9e de pression de bande de STEP, la porte peut \u00eatre ouverte m\u00eame lorsqu&#039;elle est soumise \u00e0 une pression allant jusqu&#039;\u00e0 40 kg, ce qui en fait une alternative durable pour les syst\u00e8mes de portes avec des exigences \u00e9lev\u00e9es en mati\u00e8re de s\u00e9curit\u00e9 et une utilisation fr\u00e9quente.<\/p>\n<p class=\"\" data-start=\"707\" data-end=\"1100\">Le STEP 48 a une r\u00e9sistance \u00e0 la rupture de 9 kN (environ 900 kg) et est con\u00e7u pour fonctionner en marche avant et arri\u00e8re, ainsi que pour les portes suspendues \u00e0 droite et \u00e0 gauche.<\/p>\n<p class=\"\" data-start=\"1102\" data-end=\"1117\"><strong data-start=\"1102\" data-end=\"1117\">Propri\u00e9t\u00e9s:<\/strong><\/p>\n<ul data-start=\"1118\" data-end=\"1543\">\n<li class=\"\" data-start=\"1118\" data-end=\"1160\">\n<p class=\"\" data-start=\"1120\" data-end=\"1160\">Fonction inverse (d\u00e9verrouill\u00e9e en mode hors tension)<\/p>\n<\/li>\n<li class=\"\" data-start=\"1161\" data-end=\"1256\">\n<p class=\"\" data-start=\"1163\" data-end=\"1256\">Indication de d\u00e9tection de la fermeture\/ouverture de la porte (s&#039;applique aux produits avec contact \u00e0 piston)<\/p>\n<\/li>\n<li class=\"\" data-start=\"1257\" data-end=\"1295\">\n<p class=\"\" data-start=\"1259\" data-end=\"1295\">Diode de protection int\u00e9gr\u00e9e pour une s\u00e9curit\u00e9 accrue<\/p>\n<\/li>\n<li class=\"\" data-start=\"1296\" data-end=\"1333\">\n<p class=\"\" data-start=\"1298\" data-end=\"1333\">R\u00e9sistance \u00e0 la rupture de 9 kN (environ 900 kg)<\/p>\n<\/li>\n<li class=\"\" data-start=\"1334\" data-end=\"1436\">\n<p class=\"\" data-start=\"1336\" data-end=\"1436\">Garantit l&#039;ouverture malgr\u00e9 une pression de bande jusqu&#039;\u00e0 0,4 kN (environ 40 kg) en marche avant comme en marche arri\u00e8re<\/p>\n<\/li>\n<li class=\"\" data-start=\"1437\" data-end=\"1496\">\n<p class=\"\" data-start=\"1439\" data-end=\"1496\">Antichoc et r\u00e9versible pour portes droites et gauches<\/p>\n<\/li>\n<li class=\"\" data-start=\"1497\" data-end=\"1543\">\n<p class=\"\" data-start=\"1499\" data-end=\"1543\">Capable de verrouiller les boulons \u00e0 crochet ou les boulons droits<\/p>\n<\/li>\n<\/ul>\n<p class=\"\" data-start=\"1545\" data-end=\"1574\"><strong data-start=\"1545\" data-end=\"1574\">Sp\u00e9cifications techniques :<\/strong><\/p>\n<ul data-start=\"1575\" data-end=\"2046\">\n<li class=\"\" data-start=\"1575\" data-end=\"1604\">\n<p class=\"\" data-start=\"1577\" data-end=\"1604\">R\u00e9sistance \u00e0 la rupture max : 900 kg<\/p>\n<\/li>\n<li class=\"\" data-start=\"1605\" data-end=\"1635\">\n<p class=\"\" data-start=\"1607\" data-end=\"1635\">Charni\u00e8re de porte : droite, gauche<\/p>\n<\/li>\n<li class=\"\" data-start=\"1636\" data-end=\"1654\">\n<p class=\"\" data-start=\"1638\" data-end=\"1654\">C\u00e2ble inclus : Non<\/p>\n<\/li>\n<li class=\"\" data-start=\"1655\" data-end=\"1673\">\n<p class=\"\" data-start=\"1657\" data-end=\"1673\">Pression de la bande : 40 kg<\/p>\n<\/li>\n<li class=\"\" data-start=\"1674\" data-end=\"1709\">\n<p class=\"\" data-start=\"1676\" data-end=\"1709\">Type de serrure : Serrure \u00e0 p\u00eane simple, Serrure \u00e0 p\u00eane double<\/p>\n<\/li>\n<li class=\"\" data-start=\"1710\" data-end=\"1732\">\n<p class=\"\" data-start=\"1712\" data-end=\"1732\">Largeur du produit : 25 mm<\/p>\n<\/li>\n<li class=\"\" data-start=\"1733\" data-end=\"1753\">\n<p class=\"\" data-start=\"1735\" data-end=\"1753\">Produit de construction \u00e9valu\u00e9 : Oui<\/p>\n<\/li>\n<li class=\"\" data-start=\"1754\" data-end=\"1775\">\n<p class=\"\" data-start=\"1756\" data-end=\"1775\">Profondeur du produit : 35 mm<\/p>\n<\/li>\n<li class=\"\" data-start=\"1776\" data-end=\"1804\">\n<p class=\"\" data-start=\"1778\" data-end=\"1804\">Tension de fonctionnement 12V\/24V : 12V<\/p>\n<\/li>\n<li class=\"\" data-start=\"1805\" data-end=\"1827\">\n<p class=\"\" data-start=\"1807\" data-end=\"1827\">Chute \u00e0 double torsion : Non<\/p>\n<\/li>\n<li class=\"\" data-start=\"1828\" data-end=\"1849\">\n<p class=\"\" data-start=\"1830\" data-end=\"1849\">V\u00e9rifi\u00e9 EPD : Non<\/p>\n<\/li>\n<li class=\"\" data-start=\"1850\" data-end=\"1862\">\n<p class=\"\" data-start=\"1852\" data-end=\"1862\">FINFO : Non<\/p>\n<\/li>\n<li class=\"\" data-start=\"1863\" data-end=\"1891\">\n<p class=\"\" data-start=\"1865\" data-end=\"1891\">Couleur\/Finition : Acier inoxydable<\/p>\n<\/li>\n<li class=\"\" data-start=\"1892\" data-end=\"1913\">\n<p class=\"\" data-start=\"1894\" data-end=\"1913\">Hauteur du produit : 90 mm<\/p>\n<\/li>\n<li class=\"\" data-start=\"1914\" data-end=\"1932\">\n<p class=\"\" data-start=\"1916\" data-end=\"1932\">Contact piston : Non<\/p>\n<\/li>\n<li class=\"\" data-start=\"1933\" data-end=\"1958\">\n<p class=\"\" data-start=\"1935\" data-end=\"1958\">Droite\/Invers\u00e9 : Inverser<\/p>\n<\/li>\n<li class=\"\" data-start=\"1959\" data-end=\"1979\">\n<p class=\"\" data-start=\"1961\" data-end=\"1979\">Tension AC\/DC : DC<\/p>\n<\/li>\n<li class=\"\" data-start=\"1980\" data-end=\"2002\">\n<p class=\"\" data-start=\"1982\" data-end=\"2002\">Tension maximale : 27,6 V<\/p>\n<\/li>\n<li class=\"\" data-start=\"2003\" data-end=\"2025\">\n<p class=\"\" data-start=\"2005\" data-end=\"2025\">Tension minimale : 21,6 V<\/p>\n<\/li>\n<li class=\"\" data-start=\"2026\" data-end=\"2046\">\n<p class=\"\" data-start=\"2028\" data-end=\"2046\">SundaHouse not\u00e9 : Oui<\/p>\n<\/li>\n<\/ul>","protected":false},"excerpt":{"rendered":"<p>Vous pouvez voir ici quels poteaux et mod\u00e8les s&#039;adaptent ensemble \u00e0 partir de la gamme STEP de but\u00e9es de porte \u00e9lectriques.<\/p>\n<h5><strong><a href=\"https:\/\/steplock.com\/sv\/stolpguide\/#!?lang=sv&amp;blog_id=1&amp;paged=1&amp;number=50\" target=\"_blank\" rel=\"noopener\">Guide de publication STEP\u00a0<\/a><\/strong><\/h5>\n<h5><strong><a href=\"https:\/\/steplock.com\/sv\/projekteringsguide\/#!?lang=sv&amp;blog_id=1&amp;paged=1&amp;number=999\" target=\"_blank\" rel=\"noopener\">Guide de conception STEP<\/a><\/strong><\/h5>","protected":false},"featured_media":140682,"template":"","meta":{"_acf_changed":false},"product_brand":[],"product_cat":[3355],"product_tag":[4198,4201],"class_list":{"0":"post-140684","1":"product","2":"type-product","3":"status-publish","4":"has-post-thumbnail","6":"product_cat-elslutbleck","7":"product_tag-12v","8":"product_tag-omvand","9":"product_shipping_class-tunga-paket","10":"pa_brands-step","11":"tm-no-options","13":"first","14":"onbackorder","15":"sale","16":"taxable","17":"shipping-taxable","18":"purchasable","19":"product-type-simple"},"acf":[],"_links":{"self":[{"href":"https:\/\/secureus.se\/fr\/wp-json\/wp\/v2\/product\/140684","targetHints":{"allow":["GET"]}}],"collection":[{"href":"https:\/\/secureus.se\/fr\/wp-json\/wp\/v2\/product"}],"about":[{"href":"https:\/\/secureus.se\/fr\/wp-json\/wp\/v2\/types\/product"}],"wp:featuredmedia":[{"embeddable":true,"href":"https:\/\/secureus.se\/fr\/wp-json\/wp\/v2\/media\/140682"}],"wp:attachment":[{"href":"https:\/\/secureus.se\/fr\/wp-json\/wp\/v2\/media?parent=140684"}],"wp:term":[{"taxonomy":"product_brand","embeddable":true,"href":"https:\/\/secureus.se\/fr\/wp-json\/wp\/v2\/product_brand?post=140684"},{"taxonomy":"product_cat","embeddable":true,"href":"https:\/\/secureus.se\/fr\/wp-json\/wp\/v2\/product_cat?post=140684"},{"taxonomy":"product_tag","embeddable":true,"href":"https:\/\/secureus.se\/fr\/wp-json\/wp\/v2\/product_tag?post=140684"}],"curies":[{"name":"wp","href":"https:\/\/api.w.org\/{rel}","templated":true}]}}