{"id":140693,"date":"2023-09-26T13:06:30","date_gmt":"2023-09-26T11:06:30","guid":{"rendered":"https:\/\/secureus.se\/elslutbleck-step-48-omstallbar-12v-kolvkontakt\/"},"modified":"2026-02-20T11:27:56","modified_gmt":"2026-02-20T10:27:56","slug":"elslutbleck-step-48-omstallbar-12v-kolvkontakt","status":"publish","type":"product","link":"https:\/\/secureus.se\/fr\/elslutbleck-step-48-omstallbar-12v-kolvkontakt\/","title":{"rendered":"Plaque de terminaison \u00e9lectrique STEP 48 Contact \u00e0 piston r\u00e9glable 12V"},"content":{"rendered":"<h1>Plaque de terminaison \u00e9lectrique STEP 48 Contact \u00e0 piston r\u00e9glable 12V<\/h1>\n<p>La g\u00e2che \u00e9lectrique pr\u00e9contrainte STEP 48 offre une s\u00e9curit\u00e9 \u00e9lev\u00e9e avec une ouverture fiable m\u00eame sous une pression allant jusqu&#039;\u00e0 40 kg.<\/p>\n<p>Avec une fonction r\u00e9glable et un contact \u00e0 piston, il est parfait pour les syst\u00e8mes de portes neufs et anciens.<\/p>\n<p class=\"\" data-start=\"386\" data-end=\"915\">La g\u00e2che \u00e9lectrique pr\u00e9charg\u00e9e STEP 48 est la solution id\u00e9ale pour les syst\u00e8mes de portes qui n\u00e9cessitent une s\u00e9curit\u00e9 et une fiabilit\u00e9 \u00e9lev\u00e9es.<\/p>\n<p class=\"\" data-start=\"386\" data-end=\"915\">Con\u00e7ue pour les espaces devant \u00eatre verrouill\u00e9s avec un bouton ou une cl\u00e9, cette g\u00e2che \u00e9lectrique offre une installation flexible et un fonctionnement fiable m\u00eame sous contrainte.<\/p>\n<p class=\"\" data-start=\"386\" data-end=\"915\">La technologie brevet\u00e9e de pression de bande signifie que la porte peut toujours \u00eatre ouverte m\u00eame lorsqu&#039;elle est soumise \u00e0 une pression allant jusqu&#039;\u00e0 40 kg.<\/p>\n<p class=\"\" data-start=\"386\" data-end=\"915\">STEP 48 fait partie de la s\u00e9rie Preload de STEP et offre la derni\u00e8re technologie pour des exigences \u00e9lev\u00e9es en mati\u00e8re de s\u00e9curit\u00e9 et de durabilit\u00e9.<\/p>\n<p class=\"\" data-start=\"917\" data-end=\"1326\">Avec une r\u00e9sistance \u00e0 la rupture de 9 kN (environ 900 kg) et la possibilit\u00e9 d&#039;installer l&#039;indicateur de p\u00eane ST4880, cette g\u00e2che \u00e9lectrique peut offrir une s\u00e9curit\u00e9 suppl\u00e9mentaire en bloquant le syst\u00e8me d&#039;acc\u00e8s de la porte ou le verrouillage \u00e0 code lorsque le p\u00eane \u00e0 crochet ou le p\u00eane droit est d\u00e9verrouill\u00e9 m\u00e9caniquement.<\/p>\n<p class=\"\" data-start=\"917\" data-end=\"1326\">Il est \u00e9galement r\u00e9sistant aux chocs et r\u00e9versible pour s&#039;adapter aux portes droites et gauches, ce qui en fait une solution flexible pour de nombreux besoins d&#039;installation diff\u00e9rents.<\/p>\n<p class=\"\" data-start=\"1328\" data-end=\"1343\"><strong data-start=\"1328\" data-end=\"1343\">Propri\u00e9t\u00e9s:<\/strong><\/p>\n<ul data-start=\"1344\" data-end=\"1778\">\n<li class=\"\" data-start=\"1344\" data-end=\"1421\">\n<p class=\"\" data-start=\"1346\" data-end=\"1421\">Fonction marche avant et arri\u00e8re commutable (verrouill\u00e9e ou d\u00e9verrouill\u00e9e en mode hors tension)<\/p>\n<\/li>\n<li class=\"\" data-start=\"1422\" data-end=\"1488\">\n<p class=\"\" data-start=\"1424\" data-end=\"1488\">Connecteur \u00e0 piston. Indication pour d\u00e9tecter que la porte est ferm\u00e9e\/ouverte<\/p>\n<\/li>\n<li class=\"\" data-start=\"1489\" data-end=\"1527\">\n<p class=\"\" data-start=\"1491\" data-end=\"1527\">Diode de protection int\u00e9gr\u00e9e pour une s\u00e9curit\u00e9 accrue<\/p>\n<\/li>\n<li class=\"\" data-start=\"1528\" data-end=\"1565\">\n<p class=\"\" data-start=\"1530\" data-end=\"1565\">R\u00e9sistance \u00e0 la rupture de 9 kN (environ 900 kg)<\/p>\n<\/li>\n<li class=\"\" data-start=\"1566\" data-end=\"1668\">\n<p class=\"\" data-start=\"1568\" data-end=\"1668\">Garantit l&#039;ouverture malgr\u00e9 une pression de bande jusqu&#039;\u00e0 0,4 kN (environ 40 kg) en marche avant comme en marche arri\u00e8re<\/p>\n<\/li>\n<li class=\"\" data-start=\"1669\" data-end=\"1682\">\n<p class=\"\" data-start=\"1671\" data-end=\"1682\">Antid\u00e9tonant<\/p>\n<\/li>\n<li class=\"\" data-start=\"1683\" data-end=\"1731\">\n<p class=\"\" data-start=\"1685\" data-end=\"1731\">R\u00e9versible pour s&#039;adapter aux portes droite et gauche<\/p>\n<\/li>\n<li class=\"\" data-start=\"1732\" data-end=\"1778\">\n<p class=\"\" data-start=\"1734\" data-end=\"1778\">Capable de verrouiller les boulons \u00e0 crochet ou les boulons droits<\/p>\n<\/li>\n<\/ul>\n<p class=\"\" data-start=\"1780\" data-end=\"1809\"><strong data-start=\"1780\" data-end=\"1809\">Sp\u00e9cifications techniques :<\/strong><\/p>\n<ul data-start=\"1810\" data-end=\"2300\">\n<li class=\"\" data-start=\"1810\" data-end=\"1839\">\n<p class=\"\" data-start=\"1812\" data-end=\"1839\">R\u00e9sistance \u00e0 la rupture max : 900 kg<\/p>\n<\/li>\n<li class=\"\" data-start=\"1840\" data-end=\"1870\">\n<p class=\"\" data-start=\"1842\" data-end=\"1870\">Charni\u00e8re de porte : droite, gauche<\/p>\n<\/li>\n<li class=\"\" data-start=\"1871\" data-end=\"1889\">\n<p class=\"\" data-start=\"1873\" data-end=\"1889\">C\u00e2ble inclus : Non<\/p>\n<\/li>\n<li class=\"\" data-start=\"1890\" data-end=\"1908\">\n<p class=\"\" data-start=\"1892\" data-end=\"1908\">Pression de la bande : 40 kg<\/p>\n<\/li>\n<li class=\"\" data-start=\"1909\" data-end=\"1944\">\n<p class=\"\" data-start=\"1911\" data-end=\"1944\">Type de serrure : Serrure \u00e0 p\u00eane simple, Serrure \u00e0 p\u00eane double<\/p>\n<\/li>\n<li class=\"\" data-start=\"1945\" data-end=\"1967\">\n<p class=\"\" data-start=\"1947\" data-end=\"1967\">Largeur du produit : 25 mm<\/p>\n<\/li>\n<li class=\"\" data-start=\"1968\" data-end=\"1988\">\n<p class=\"\" data-start=\"1970\" data-end=\"1988\">Produit de construction \u00e9valu\u00e9 : Oui<\/p>\n<\/li>\n<li class=\"\" data-start=\"1989\" data-end=\"2010\">\n<p class=\"\" data-start=\"1991\" data-end=\"2010\">Profondeur du produit : 35 mm<\/p>\n<\/li>\n<li class=\"\" data-start=\"2011\" data-end=\"2039\">\n<p class=\"\" data-start=\"2013\" data-end=\"2039\">Tension de fonctionnement 12V\/24V : 12V<\/p>\n<\/li>\n<li class=\"\" data-start=\"2040\" data-end=\"2062\">\n<p class=\"\" data-start=\"2042\" data-end=\"2062\">Chute \u00e0 double torsion : Non<\/p>\n<\/li>\n<li class=\"\" data-start=\"2063\" data-end=\"2084\">\n<p class=\"\" data-start=\"2065\" data-end=\"2084\">V\u00e9rifi\u00e9 EPD : Non<\/p>\n<\/li>\n<li class=\"\" data-start=\"2085\" data-end=\"2097\">\n<p class=\"\" data-start=\"2087\" data-end=\"2097\">FINFO : Non<\/p>\n<\/li>\n<li class=\"\" data-start=\"2098\" data-end=\"2126\">\n<p class=\"\" data-start=\"2100\" data-end=\"2126\">Couleur\/Finition : Acier inoxydable<\/p>\n<\/li>\n<li class=\"\" data-start=\"2127\" data-end=\"2148\">\n<p class=\"\" data-start=\"2129\" data-end=\"2148\">Hauteur du produit : 90 mm<\/p>\n<\/li>\n<li class=\"\" data-start=\"2149\" data-end=\"2166\">\n<p class=\"\" data-start=\"2151\" data-end=\"2166\">Contact du piston : Oui<\/p>\n<\/li>\n<li class=\"\" data-start=\"2167\" data-end=\"2212\">\n<p class=\"\" data-start=\"2169\" data-end=\"2212\">Avant\/Arri\u00e8re : Commutable avant\/arri\u00e8re<\/p>\n<\/li>\n<li class=\"\" data-start=\"2213\" data-end=\"2233\">\n<p class=\"\" data-start=\"2215\" data-end=\"2233\">Tension AC\/DC : DC<\/p>\n<\/li>\n<li class=\"\" data-start=\"2234\" data-end=\"2256\">\n<p class=\"\" data-start=\"2236\" data-end=\"2256\">Tension maximale : 27,6 V<\/p>\n<\/li>\n<li class=\"\" data-start=\"2257\" data-end=\"2279\">\n<p class=\"\" data-start=\"2259\" data-end=\"2279\">Tension minimale : 21,6 V<\/p>\n<\/li>\n<li class=\"\" data-start=\"2280\" data-end=\"2300\">\n<p class=\"\" data-start=\"2282\" data-end=\"2300\">SundaHouse not\u00e9 : Oui<\/p>\n<\/li>\n<\/ul>","protected":false},"excerpt":{"rendered":"<p>Vous pouvez voir ici quels poteaux et mod\u00e8les s&#039;adaptent ensemble \u00e0 partir de la gamme STEP de but\u00e9es de porte \u00e9lectriques.<\/p>\n<h5><strong><a href=\"https:\/\/steplock.com\/sv\/stolpguide\/#!?lang=sv&amp;blog_id=1&amp;paged=1&amp;number=50\" target=\"_blank\" rel=\"noopener\">Guide de publication STEP\u00a0<\/a><\/strong><\/h5>\n<h5><strong><a href=\"https:\/\/steplock.com\/sv\/projekteringsguide\/#!?lang=sv&amp;blog_id=1&amp;paged=1&amp;number=999\" target=\"_blank\" rel=\"noopener\">Guide de conception STEP<\/a><\/strong><\/h5>","protected":false},"featured_media":140692,"template":"","meta":{"_acf_changed":false},"product_brand":[],"product_cat":[3355],"product_tag":[4198,4202],"class_list":{"0":"post-140693","1":"product","2":"type-product","3":"status-publish","4":"has-post-thumbnail","6":"product_cat-elslutbleck","7":"product_tag-12v","8":"product_tag-omstallbar-rattvand-omvand","9":"product_shipping_class-tunga-paket","10":"pa_brands-step","11":"tm-no-options","13":"first","14":"onbackorder","15":"sale","16":"taxable","17":"shipping-taxable","18":"purchasable","19":"product-type-simple"},"acf":[],"_links":{"self":[{"href":"https:\/\/secureus.se\/fr\/wp-json\/wp\/v2\/product\/140693","targetHints":{"allow":["GET"]}}],"collection":[{"href":"https:\/\/secureus.se\/fr\/wp-json\/wp\/v2\/product"}],"about":[{"href":"https:\/\/secureus.se\/fr\/wp-json\/wp\/v2\/types\/product"}],"wp:featuredmedia":[{"embeddable":true,"href":"https:\/\/secureus.se\/fr\/wp-json\/wp\/v2\/media\/140692"}],"wp:attachment":[{"href":"https:\/\/secureus.se\/fr\/wp-json\/wp\/v2\/media?parent=140693"}],"wp:term":[{"taxonomy":"product_brand","embeddable":true,"href":"https:\/\/secureus.se\/fr\/wp-json\/wp\/v2\/product_brand?post=140693"},{"taxonomy":"product_cat","embeddable":true,"href":"https:\/\/secureus.se\/fr\/wp-json\/wp\/v2\/product_cat?post=140693"},{"taxonomy":"product_tag","embeddable":true,"href":"https:\/\/secureus.se\/fr\/wp-json\/wp\/v2\/product_tag?post=140693"}],"curies":[{"name":"wp","href":"https:\/\/api.w.org\/{rel}","templated":true}]}}