{"id":140705,"date":"2023-09-26T13:06:22","date_gmt":"2023-09-26T11:06:22","guid":{"rendered":"https:\/\/secureus.se\/elslutbleck-step-98-omvand-12v-kolvkontakt\/"},"modified":"2026-03-26T10:05:42","modified_gmt":"2026-03-26T09:05:42","slug":"elslutbleck-step-98-omvand-12v-kolvkontakt","status":"publish","type":"product","link":"https:\/\/secureus.se\/fr\/elslutbleck-step-98-omvand-12v-kolvkontakt\/","title":{"rendered":"Fiche de raccordement \u00e9lectrique \u00c9TAPE 98 Contact piston 12 V invers\u00e9"},"content":{"rendered":"<div>\n<h1>Fiche de raccordement \u00e9lectrique \u00c9TAPE 98 Contact piston 12 V invers\u00e9<\/h1>\n<p>La g\u00e2che \u00e9lectrique STEP 98 Preload HPR est une g\u00e2che \u00e9lectrique homologu\u00e9e coupe-feu avec une haute s\u00e9curit\u00e9 et un fonctionnement fiable pour les portes qui n\u00e9cessitent une r\u00e9sistance \u00e9lev\u00e9e \u00e0 l&#039;intrusion.<\/p>\n<p class=\"\" data-start=\"316\" data-end=\"845\">STEP 98 Preload HPR est une g\u00e2che \u00e9lectrique homologu\u00e9e incendie con\u00e7ue pour les espaces qui doivent \u00eatre verrouill\u00e9s avec un bouton ou une cl\u00e9.<\/p>\n<p class=\"\" data-start=\"316\" data-end=\"845\">Il fait partie de la s\u00e9rie Preload de STEP et est particuli\u00e8rement adapt\u00e9 aux portes qui n\u00e9cessitent une grande fiabilit\u00e9 op\u00e9rationnelle et une longue dur\u00e9e de vie.<\/p>\n<p class=\"\" data-start=\"316\" data-end=\"845\">STEP 98 Preload utilise la technologie brevet\u00e9e de pression de bande qui permet \u00e0 la porte de toujours s&#039;ouvrir, m\u00eame avec une pression allant jusqu&#039;\u00e0 40 kg.<\/p>\n<p class=\"\" data-start=\"316\" data-end=\"845\">De plus, la g\u00e2che \u00e9lectrique est certifi\u00e9e pour une r\u00e9sistance au feu jusqu&#039;\u00e0 E\/EI 120 selon la norme SS-EN 14846:2008, ce qui offre une s\u00e9curit\u00e9 suppl\u00e9mentaire.<\/p>\n<p class=\"\" data-start=\"847\" data-end=\"1186\">Le produit dispose d&#039;une fonction inverse, o\u00f9 la porte est d\u00e9verrouill\u00e9e en position hors tension, et est \u00e9quip\u00e9 d&#039;un interrupteur \u00e0 piston pour indiquer si la porte est ferm\u00e9e\/ouverte.<\/p>\n<p class=\"\" data-start=\"847\" data-end=\"1186\">Il est \u00e9galement r\u00e9versible pour s&#039;adapter aux portes suspendues \u00e0 droite et \u00e0 gauche.<\/p>\n<p class=\"\" data-start=\"847\" data-end=\"1186\">La pr\u00e9charge STEP 98 peut g\u00e9rer les boulons \u00e0 crochet de verrouillage ou les boulons droits et peut \u00eatre utilis\u00e9e avec des serrures \u00e0 simple et double loquet.<\/p>\n<div>\n<div>\n<p class=\"\" data-start=\"1188\" data-end=\"1205\"><strong data-start=\"1188\" data-end=\"1202\">Caract\u00e9ristiques<\/strong>:<\/p>\n<ul data-start=\"1206\" data-end=\"1615\">\n<li class=\"\" data-start=\"1206\" data-end=\"1250\">\n<p class=\"\" data-start=\"1208\" data-end=\"1250\">Fonction inverse (d\u00e9verrouill\u00e9e en mode hors tension)<\/p>\n<\/li>\n<li class=\"\" data-start=\"1251\" data-end=\"1321\">\n<p class=\"\" data-start=\"1253\" data-end=\"1321\">Contact de piston : indication de d\u00e9tection de l&#039;\u00e9tat de la porte (ferm\u00e9e\/ouverte)<\/p>\n<\/li>\n<li class=\"\" data-start=\"1322\" data-end=\"1390\">\n<p class=\"\" data-start=\"1324\" data-end=\"1390\">Homologu\u00e9 au feu jusqu&#039;\u00e0 E\/EI 120 (120 min) selon SS-EN 14846:2008<\/p>\n<\/li>\n<li class=\"\" data-start=\"1391\" data-end=\"1427\">\n<p class=\"\" data-start=\"1393\" data-end=\"1427\">R\u00e9sistance \u00e0 la rupture 9 kN (environ 900 kg)<\/p>\n<\/li>\n<li class=\"\" data-start=\"1428\" data-end=\"1509\">\n<p class=\"\" data-start=\"1430\" data-end=\"1509\">La pression de la bande jusqu&#039;\u00e0 40 kg garantit l&#039;ouverture en marche avant et arri\u00e8re<\/p>\n<\/li>\n<li class=\"\" data-start=\"1510\" data-end=\"1525\">\n<p class=\"\" data-start=\"1512\" data-end=\"1525\">Antid\u00e9tonant<\/p>\n<\/li>\n<li class=\"\" data-start=\"1526\" data-end=\"1566\">\n<p class=\"\" data-start=\"1528\" data-end=\"1566\">R\u00e9versible pour portes droite et gauche<\/p>\n<\/li>\n<li class=\"\" data-start=\"1567\" data-end=\"1615\">\n<p class=\"\" data-start=\"1569\" data-end=\"1615\">Capable de verrouiller les boulons \u00e0 crochet ou les boulons droits<\/p>\n<\/li>\n<\/ul>\n<p class=\"\" data-start=\"1617\" data-end=\"1648\"><strong data-start=\"1617\" data-end=\"1645\">Sp\u00e9cifications techniques<\/strong>:<\/p>\n<ul data-start=\"1649\" data-end=\"2239\">\n<li class=\"\" data-start=\"1649\" data-end=\"1684\">\n<p class=\"\" data-start=\"1651\" data-end=\"1684\"><strong data-start=\"1651\" data-end=\"1674\">R\u00e9sistance \u00e0 la rupture maximale<\/strong>: 900 kg<\/p>\n<\/li>\n<li class=\"\" data-start=\"1685\" data-end=\"1721\">\n<p class=\"\" data-start=\"1687\" data-end=\"1721\"><strong data-start=\"1687\" data-end=\"1703\">Porte suspendue<\/strong>:Droite, Gauche<\/p>\n<\/li>\n<li class=\"\" data-start=\"1722\" data-end=\"1746\">\n<p class=\"\" data-start=\"1724\" data-end=\"1746\"><strong data-start=\"1724\" data-end=\"1739\">C\u00e2ble inclus<\/strong>: Non<\/p>\n<\/li>\n<li class=\"\" data-start=\"1747\" data-end=\"1771\">\n<p class=\"\" data-start=\"1749\" data-end=\"1771\"><strong data-start=\"1749\" data-end=\"1762\">Impression de liste<\/strong>: 40 kg<\/p>\n<\/li>\n<li class=\"\" data-start=\"1772\" data-end=\"1813\">\n<p class=\"\" data-start=\"1774\" data-end=\"1813\"><strong data-start=\"1774\" data-end=\"1784\">Type de serrure<\/strong>: Serrure \u00e0 loquet simple, Serrure \u00e0 loquet double<\/p>\n<\/li>\n<li class=\"\" data-start=\"1814\" data-end=\"1842\">\n<p class=\"\" data-start=\"1816\" data-end=\"1842\"><strong data-start=\"1816\" data-end=\"1833\">Produit large<\/strong>: 25 mm<\/p>\n<\/li>\n<li class=\"\" data-start=\"1843\" data-end=\"1869\">\n<p class=\"\" data-start=\"1845\" data-end=\"1869\"><strong data-start=\"1845\" data-end=\"1863\">Mat\u00e9riaux de construction \u00e9valu\u00e9s<\/strong>: Oui<\/p>\n<\/li>\n<li class=\"\" data-start=\"1870\" data-end=\"1897\">\n<p class=\"\" data-start=\"1872\" data-end=\"1897\"><strong data-start=\"1872\" data-end=\"1888\">Produit profond<\/strong>: 35 mm<\/p>\n<\/li>\n<li class=\"\" data-start=\"1898\" data-end=\"1932\">\n<p class=\"\" data-start=\"1900\" data-end=\"1932\"><strong data-start=\"1900\" data-end=\"1925\">Tension de fonctionnement 12V\/24V<\/strong>: 12V<\/p>\n<\/li>\n<li class=\"\" data-start=\"1933\" data-end=\"1961\">\n<p class=\"\" data-start=\"1935\" data-end=\"1961\"><strong data-start=\"1935\" data-end=\"1954\">Bo\u00eetier double torsion<\/strong>: Non<\/p>\n<\/li>\n<li class=\"\" data-start=\"1962\" data-end=\"1989\">\n<p class=\"\" data-start=\"1964\" data-end=\"1989\"><strong data-start=\"1964\" data-end=\"1982\">V\u00e9rifi\u00e9 EPD<\/strong>: Non<\/p>\n<\/li>\n<li class=\"\" data-start=\"1990\" data-end=\"2008\">\n<p class=\"\" data-start=\"1992\" data-end=\"2008\"><strong data-start=\"1992\" data-end=\"2001\">BONNES INFOS<\/strong>: Non<\/p>\n<\/li>\n<li class=\"\" data-start=\"2009\" data-end=\"2043\">\n<p class=\"\" data-start=\"2011\" data-end=\"2043\"><strong data-start=\"2011\" data-end=\"2032\">Couleur\/Traitement de surface<\/strong>: Acier inoxydable<\/p>\n<\/li>\n<li class=\"\" data-start=\"2044\" data-end=\"2071\">\n<p class=\"\" data-start=\"2046\" data-end=\"2071\"><strong data-start=\"2046\" data-end=\"2062\">Produit sur\u00e9lev\u00e9<\/strong>: 90 mm<\/p>\n<\/li>\n<li class=\"\" data-start=\"2072\" data-end=\"2095\">\n<p class=\"\" data-start=\"2074\" data-end=\"2095\"><strong data-start=\"2074\" data-end=\"2089\">Connecteur \u00e0 piston<\/strong>: Oui<\/p>\n<\/li>\n<li class=\"\" data-start=\"2096\" data-end=\"2127\">\n<p class=\"\" data-start=\"2098\" data-end=\"2127\"><strong data-start=\"2098\" data-end=\"2117\">Droite\/Recul<\/strong>: Inverse<\/p>\n<\/li>\n<li class=\"\" data-start=\"2128\" data-end=\"2154\">\n<p class=\"\" data-start=\"2130\" data-end=\"2154\"><strong data-start=\"2130\" data-end=\"2148\">Tension AC\/DC<\/strong>: DC<\/p>\n<\/li>\n<li class=\"\" data-start=\"2155\" data-end=\"2183\">\n<p class=\"\" data-start=\"2157\" data-end=\"2183\"><strong data-start=\"2157\" data-end=\"2173\">Tension maximale<\/strong>: 13,8 V<\/p>\n<\/li>\n<li class=\"\" data-start=\"2184\" data-end=\"2212\">\n<p class=\"\" data-start=\"2186\" data-end=\"2212\"><strong data-start=\"2186\" data-end=\"2202\">Tension minimale<\/strong>: 10,8 V<\/p>\n<\/li>\n<li class=\"\" data-start=\"2213\" data-end=\"2239\">\n<p class=\"\" data-start=\"2215\" data-end=\"2239\"><strong data-start=\"2215\" data-end=\"2233\">SundaMaison not\u00e9e<\/strong>: Oui<\/p>\n<\/li>\n<\/ul>\n<\/div>\n<\/div>\n<\/div>","protected":false},"excerpt":{"rendered":"<p>Vous pouvez voir ici quels poteaux et mod\u00e8les s&#039;adaptent ensemble \u00e0 partir de la gamme STEP de but\u00e9es de porte \u00e9lectriques.<\/p>\n<h5><strong><a href=\"https:\/\/steplock.com\/sv\/stolpguide\/#!?lang=sv&amp;blog_id=1&amp;paged=1&amp;number=50\" target=\"_blank\" rel=\"noopener\">Guide de publication STEP\u00a0<\/a><\/strong><\/h5>\n<h5><strong><a href=\"https:\/\/steplock.com\/sv\/projekteringsguide\/#!?lang=sv&amp;blog_id=1&amp;paged=1&amp;number=999\" target=\"_blank\" rel=\"noopener\">Guide de conception STEP<\/a><\/strong><\/h5>","protected":false},"featured_media":140704,"template":"","meta":{"_acf_changed":false},"product_brand":[],"product_cat":[3355],"product_tag":[4198,4201],"class_list":{"0":"post-140705","1":"product","2":"type-product","3":"status-publish","4":"has-post-thumbnail","6":"product_cat-elslutbleck","7":"product_tag-12v","8":"product_tag-omvand","9":"product_shipping_class-tunga-paket","10":"pa_brands-step","11":"tm-no-options","13":"first","14":"onbackorder","15":"sale","16":"taxable","17":"shipping-taxable","18":"purchasable","19":"product-type-simple"},"acf":[],"_links":{"self":[{"href":"https:\/\/secureus.se\/fr\/wp-json\/wp\/v2\/product\/140705","targetHints":{"allow":["GET"]}}],"collection":[{"href":"https:\/\/secureus.se\/fr\/wp-json\/wp\/v2\/product"}],"about":[{"href":"https:\/\/secureus.se\/fr\/wp-json\/wp\/v2\/types\/product"}],"wp:featuredmedia":[{"embeddable":true,"href":"https:\/\/secureus.se\/fr\/wp-json\/wp\/v2\/media\/140704"}],"wp:attachment":[{"href":"https:\/\/secureus.se\/fr\/wp-json\/wp\/v2\/media?parent=140705"}],"wp:term":[{"taxonomy":"product_brand","embeddable":true,"href":"https:\/\/secureus.se\/fr\/wp-json\/wp\/v2\/product_brand?post=140705"},{"taxonomy":"product_cat","embeddable":true,"href":"https:\/\/secureus.se\/fr\/wp-json\/wp\/v2\/product_cat?post=140705"},{"taxonomy":"product_tag","embeddable":true,"href":"https:\/\/secureus.se\/fr\/wp-json\/wp\/v2\/product_tag?post=140705"}],"curies":[{"name":"wp","href":"https:\/\/api.w.org\/{rel}","templated":true}]}}