{"id":140726,"date":"2023-03-20T14:14:35","date_gmt":"2023-03-20T13:14:35","guid":{"rendered":"https:\/\/secureus.se\/safetron-monteringsstolpe-sc87-15\/"},"modified":"2026-01-12T13:13:03","modified_gmt":"2026-01-12T12:13:03","slug":"safetron-monteringsstolpe-sc87-15","status":"publish","type":"product","link":"https:\/\/secureus.se\/fr\/safetron-monteringsstolpe-sc87-15\/","title":{"rendered":"Poteau de montage Safetron SC87-15"},"content":{"rendered":"<p>Poteau de montage plat en inox pour plaque d&#039;extr\u00e9mit\u00e9 \u00e9lectrique SAFETRON ES22. Adapt\u00e9 aux cadres en bois et en m\u00e9tal, utilis\u00e9 avec des serrures \u00e0 double chute de type connect\/evolution ou module.<\/p>\n<p>\u2022 \u00c9quivalent au ST9508<\/p>\n<p>\u2022 Taille de la langue\u00a0: 15\u00a0mm<\/p>\n<p>\u2022 Dimensions\u00a0: (hxl) 200\u00d740 mm<\/p>","protected":false},"excerpt":{"rendered":"<p>Poteau de montage plat en acier inoxydable pour g\u00e2che \u00e9lectrique SAFETRON ES22. Adapt\u00e9 aux cadres en bois et en m\u00e9tal, utilis\u00e9 avec des serrures \u00e0 double p\u00eane de type connect\/evolution ou module. \u2022 \u00c9quivalent \u00e0 ST9508 \u2022 Taille de la languette : 15 mm<\/p>","protected":false},"featured_media":140725,"template":"","meta":{"_acf_changed":false},"product_brand":[],"product_cat":[4735],"product_tag":[4447,4866],"class_list":{"0":"post-140726","1":"product","2":"type-product","3":"status-publish","4":"has-post-thumbnail","6":"product_cat-monteringsstolpe","7":"product_tag-safetron-montagestolpar-es22-sc","8":"product_tag-safetron-20","9":"product_shipping_class-tunga-paket","10":"pa_brands-7safetron","11":"tm-has-options","13":"first","14":"instock","15":"sale","16":"featured","17":"taxable","18":"shipping-taxable","19":"purchasable","20":"product-type-simple"},"acf":[],"_links":{"self":[{"href":"https:\/\/secureus.se\/fr\/wp-json\/wp\/v2\/product\/140726","targetHints":{"allow":["GET"]}}],"collection":[{"href":"https:\/\/secureus.se\/fr\/wp-json\/wp\/v2\/product"}],"about":[{"href":"https:\/\/secureus.se\/fr\/wp-json\/wp\/v2\/types\/product"}],"wp:featuredmedia":[{"embeddable":true,"href":"https:\/\/secureus.se\/fr\/wp-json\/wp\/v2\/media\/140725"}],"wp:attachment":[{"href":"https:\/\/secureus.se\/fr\/wp-json\/wp\/v2\/media?parent=140726"}],"wp:term":[{"taxonomy":"product_brand","embeddable":true,"href":"https:\/\/secureus.se\/fr\/wp-json\/wp\/v2\/product_brand?post=140726"},{"taxonomy":"product_cat","embeddable":true,"href":"https:\/\/secureus.se\/fr\/wp-json\/wp\/v2\/product_cat?post=140726"},{"taxonomy":"product_tag","embeddable":true,"href":"https:\/\/secureus.se\/fr\/wp-json\/wp\/v2\/product_tag?post=140726"}],"curies":[{"name":"wp","href":"https:\/\/api.w.org\/{rel}","templated":true}]}}