{"id":140729,"date":"2023-09-26T13:06:08","date_gmt":"2023-09-26T11:06:08","guid":{"rendered":"https:\/\/secureus.se\/elslutbleck-step-18-hoger-omvand-12v-for-assa-511\/"},"modified":"2026-04-08T16:46:35","modified_gmt":"2026-04-08T14:46:35","slug":"elslutbleck-step-18-hoger-omvand-12v-for-assa-511","status":"publish","type":"product","link":"https:\/\/secureus.se\/fr\/elslutbleck-step-18-hoger-omvand-12v-for-assa-511\/","title":{"rendered":"Plaque d&#039;extr\u00e9mit\u00e9 \u00e9lectrique STEP 18 Droite Invers\u00e9e 12V pour Assa 511"},"content":{"rendered":"<h1>Plaque d&#039;extr\u00e9mit\u00e9 \u00e9lectrique STEP 18 Droite Invers\u00e9e 12V pour Assa 511<\/h1>\n<p>La g\u00e2che \u00e9lectrique STEP 18 Secure pour Assa 511 offre une haute s\u00e9curit\u00e9 et une homologation incendie jusqu&#039;\u00e0 E\/EI 60. Parfaite pour les portes avec des exigences \u00e9lev\u00e9es en mati\u00e8re de protection contre l&#039;intrusion et une fr\u00e9quence d&#039;ouverture \u00e9lev\u00e9e.<\/p>\n<p class=\"\" data-start=\"407\" data-end=\"826\">STEP 18 Secure est une serrure \u00e9lectrique haute s\u00e9curit\u00e9 adapt\u00e9e aux portes ayant des exigences de s\u00e9curit\u00e9 \u00e9lev\u00e9es, telles que les prisons et les banques.<\/p>\n<p class=\"\" data-start=\"407\" data-end=\"826\">Avec une r\u00e9sistance \u00e0 la rupture de 15 kN (environ 1 500 kg) et une homologation incendie jusqu&#039;\u00e0 E\/EI 60, STEP 18 Secure est con\u00e7u pour offrir la plus grande s\u00e9curit\u00e9 dans des conditions exigeantes.<\/p>\n<p class=\"\" data-start=\"407\" data-end=\"826\">Cette g\u00e2che \u00e9lectrique convient aux portes de s\u00e9curit\u00e9 ou aux portes n\u00e9cessitant une \u00e9vacuation et peut \u00eatre ouverte rapidement et fr\u00e9quemment.<\/p>\n<p class=\"\" data-start=\"828\" data-end=\"1203\">Il est sp\u00e9cialement con\u00e7u pour la serrure \u00e0 crochet Assa 511 avec piston de 10 mm et dispose d&#039;une fonction inverse (d\u00e9verrouillage en position hors tension), ce qui en fait un choix id\u00e9al pour les portes \u00e0 haute fr\u00e9quence.<\/p>\n<p class=\"\" data-start=\"828\" data-end=\"1203\">L&#039;interrupteur \u00e0 piston int\u00e9gr\u00e9 permet de se connecter facilement aux syst\u00e8mes de contr\u00f4le d&#039;acc\u00e8s et aux syst\u00e8mes d&#039;alarme pour plus de s\u00e9curit\u00e9.<\/p>\n<p class=\"\" data-start=\"828\" data-end=\"1203\">Comprend un c\u00e2ble de connexion sans halog\u00e8ne de 5 m\u00e8tres pour une installation facile.<\/p>\n<p class=\"\" data-start=\"1205\" data-end=\"1222\"><strong data-start=\"1205\" data-end=\"1219\">Caract\u00e9ristiques<\/strong>:<\/p>\n<ul data-start=\"1223\" data-end=\"1659\">\n<li class=\"\" data-start=\"1223\" data-end=\"1266\">\n<p class=\"\" data-start=\"1225\" data-end=\"1266\">Pour serrure \u00e0 r\u00e8gle \u00e0 crochet Assa 511 avec piston de 10 mm<\/p>\n<\/li>\n<li class=\"\" data-start=\"1267\" data-end=\"1311\">\n<p class=\"\" data-start=\"1269\" data-end=\"1311\">Fonction inverse (d\u00e9verrouill\u00e9e en mode non aliment\u00e9)<\/p>\n<\/li>\n<li class=\"\" data-start=\"1312\" data-end=\"1338\">\n<p class=\"\" data-start=\"1314\" data-end=\"1338\">Pour portes battantes \u00e0 droite<\/p>\n<\/li>\n<li class=\"\" data-start=\"1339\" data-end=\"1372\">\n<p class=\"\" data-start=\"1341\" data-end=\"1372\">Homologu\u00e9 incendie jusqu&#039;\u00e0 E\/EI 60<\/p>\n<\/li>\n<li class=\"\" data-start=\"1373\" data-end=\"1457\">\n<p class=\"\" data-start=\"1375\" data-end=\"1457\">Interrupteur \u00e0 piston int\u00e9gr\u00e9 pour indiquer l&#039;\u00e9tat ferm\u00e9\/ouvert et verrouill\u00e9\/d\u00e9verrouill\u00e9 de la porte<\/p>\n<\/li>\n<li class=\"\" data-start=\"1458\" data-end=\"1480\">\n<p class=\"\" data-start=\"1460\" data-end=\"1480\">Diode de protection int\u00e9gr\u00e9e<\/p>\n<\/li>\n<li class=\"\" data-start=\"1481\" data-end=\"1519\">\n<p class=\"\" data-start=\"1483\" data-end=\"1519\">R\u00e9sistance \u00e0 la rupture 15 kN (environ 1500 kg)<\/p>\n<\/li>\n<li class=\"\" data-start=\"1520\" data-end=\"1597\">\n<p class=\"\" data-start=\"1522\" data-end=\"1597\">S&#039;ouvre malgr\u00e9 une pression de bande de 5 kN (environ 500 kg) en marche avant et arri\u00e8re<\/p>\n<\/li>\n<li class=\"\" data-start=\"1598\" data-end=\"1613\">\n<p class=\"\" data-start=\"1600\" data-end=\"1613\">Antid\u00e9tonant<\/p>\n<\/li>\n<li class=\"\" data-start=\"1614\" data-end=\"1659\">\n<p class=\"\" data-start=\"1616\" data-end=\"1659\">C\u00e2ble de connexion sans halog\u00e8ne de 5 m\u00e8tres inclus<\/p>\n<\/li>\n<\/ul>\n<p class=\"\" data-start=\"1661\" data-end=\"1692\"><strong data-start=\"1661\" data-end=\"1689\">Sp\u00e9cifications techniques<\/strong>:<\/p>\n<ul data-start=\"1693\" data-end=\"2300\">\n<li class=\"\" data-start=\"1693\" data-end=\"1729\">\n<p class=\"\" data-start=\"1695\" data-end=\"1729\"><strong data-start=\"1695\" data-end=\"1718\">R\u00e9sistance \u00e0 la rupture maximale<\/strong>: 1500 kg<\/p>\n<\/li>\n<li class=\"\" data-start=\"1730\" data-end=\"1757\">\n<p class=\"\" data-start=\"1732\" data-end=\"1757\"><strong data-start=\"1732\" data-end=\"1748\">Porte suspendue<\/strong>: Droite<\/p>\n<\/li>\n<li class=\"\" data-start=\"1758\" data-end=\"1781\">\n<p class=\"\" data-start=\"1760\" data-end=\"1781\"><strong data-start=\"1760\" data-end=\"1775\">C\u00e2ble inclus<\/strong>: Oui<\/p>\n<\/li>\n<li class=\"\" data-start=\"1782\" data-end=\"1807\">\n<p class=\"\" data-start=\"1784\" data-end=\"1807\"><strong data-start=\"1784\" data-end=\"1797\">Impression de liste<\/strong>: 500 kg<\/p>\n<\/li>\n<li class=\"\" data-start=\"1808\" data-end=\"1845\">\n<p class=\"\" data-start=\"1810\" data-end=\"1845\"><strong data-start=\"1810\" data-end=\"1820\">Type de serrure<\/strong>: Serrure \u00e0 crochet, Loquets<\/p>\n<\/li>\n<li class=\"\" data-start=\"1846\" data-end=\"1874\">\n<p class=\"\" data-start=\"1848\" data-end=\"1874\"><strong data-start=\"1848\" data-end=\"1865\">Produit large<\/strong>: 35 mm<\/p>\n<\/li>\n<li class=\"\" data-start=\"1875\" data-end=\"1901\">\n<p class=\"\" data-start=\"1877\" data-end=\"1901\"><strong data-start=\"1877\" data-end=\"1895\">Mat\u00e9riaux de construction \u00e9valu\u00e9s<\/strong>: Oui<\/p>\n<\/li>\n<li class=\"\" data-start=\"1902\" data-end=\"1929\">\n<p class=\"\" data-start=\"1904\" data-end=\"1929\"><strong data-start=\"1904\" data-end=\"1920\">Produit profond<\/strong>: 40 mm<\/p>\n<\/li>\n<li class=\"\" data-start=\"1930\" data-end=\"1964\">\n<p class=\"\" data-start=\"1932\" data-end=\"1964\"><strong data-start=\"1932\" data-end=\"1957\">Tension de fonctionnement 12V\/24V<\/strong>: 12V<\/p>\n<\/li>\n<li class=\"\" data-start=\"1965\" data-end=\"1993\">\n<p class=\"\" data-start=\"1967\" data-end=\"1993\"><strong data-start=\"1967\" data-end=\"1986\">Bo\u00eetier double torsion<\/strong>: Non<\/p>\n<\/li>\n<li class=\"\" data-start=\"1994\" data-end=\"2021\">\n<p class=\"\" data-start=\"1996\" data-end=\"2021\"><strong data-start=\"1996\" data-end=\"2014\">V\u00e9rifi\u00e9 EPD<\/strong>: Non<\/p>\n<\/li>\n<li class=\"\" data-start=\"2022\" data-end=\"2040\">\n<p class=\"\" data-start=\"2024\" data-end=\"2040\"><strong data-start=\"2024\" data-end=\"2033\">BONNES INFOS<\/strong>: Non<\/p>\n<\/li>\n<li class=\"\" data-start=\"2041\" data-end=\"2075\">\n<p class=\"\" data-start=\"2043\" data-end=\"2075\"><strong data-start=\"2043\" data-end=\"2064\">Couleur\/Traitement de surface<\/strong>: Acier inoxydable<\/p>\n<\/li>\n<li class=\"\" data-start=\"2076\" data-end=\"2104\">\n<p class=\"\" data-start=\"2078\" data-end=\"2104\"><strong data-start=\"2078\" data-end=\"2094\">Produit sur\u00e9lev\u00e9<\/strong>: 230 mm<\/p>\n<\/li>\n<li class=\"\" data-start=\"2105\" data-end=\"2132\">\n<p class=\"\" data-start=\"2107\" data-end=\"2132\"><strong data-start=\"2107\" data-end=\"2121\">Longueur du c\u00e2ble<\/strong>: 5 m\u00e8tres<\/p>\n<\/li>\n<li class=\"\" data-start=\"2133\" data-end=\"2156\">\n<p class=\"\" data-start=\"2135\" data-end=\"2156\"><strong data-start=\"2135\" data-end=\"2150\">Connecteur \u00e0 piston<\/strong>: Oui<\/p>\n<\/li>\n<li class=\"\" data-start=\"2157\" data-end=\"2188\">\n<p class=\"\" data-start=\"2159\" data-end=\"2188\"><strong data-start=\"2159\" data-end=\"2178\">Droite\/Recul<\/strong>: Inverse<\/p>\n<\/li>\n<li class=\"\" data-start=\"2189\" data-end=\"2215\">\n<p class=\"\" data-start=\"2191\" data-end=\"2215\"><strong data-start=\"2191\" data-end=\"2209\">Tension AC\/DC<\/strong>: DC<\/p>\n<\/li>\n<li class=\"\" data-start=\"2216\" data-end=\"2244\">\n<p class=\"\" data-start=\"2218\" data-end=\"2244\"><strong data-start=\"2218\" data-end=\"2234\">Tension maximale<\/strong>: 13,8 V<\/p>\n<\/li>\n<li class=\"\" data-start=\"2245\" data-end=\"2273\">\n<p class=\"\" data-start=\"2247\" data-end=\"2273\"><strong data-start=\"2247\" data-end=\"2263\">Tension minimale<\/strong>: 10,8 V<\/p>\n<\/li>\n<li class=\"\" data-start=\"2274\" data-end=\"2300\">\n<p class=\"\" data-start=\"2276\" data-end=\"2300\"><strong data-start=\"2276\" data-end=\"2294\">SundaMaison not\u00e9e<\/strong>: Oui<\/p>\n<\/li>\n<\/ul>","protected":false},"excerpt":{"rendered":"<p>Vous pouvez voir ici quels poteaux et mod\u00e8les s&#039;adaptent ensemble \u00e0 partir de la gamme STEP de but\u00e9es de porte \u00e9lectriques.<\/p>\n<h5><strong><a href=\"https:\/\/steplock.com\/sv\/stolpguide\/#!?lang=sv&amp;blog_id=1&amp;paged=1&amp;number=50\" target=\"_blank\" rel=\"noopener\">Guide de publication STEP\u00a0<\/a><\/strong><\/h5>\n<h5><strong><a href=\"https:\/\/steplock.com\/sv\/projekteringsguide\/#!?lang=sv&amp;blog_id=1&amp;paged=1&amp;number=999\" target=\"_blank\" rel=\"noopener\">Guide de conception STEP<\/a><\/strong><\/h5>","protected":false},"featured_media":140727,"template":"","meta":{"_acf_changed":false},"product_brand":[],"product_cat":[3355],"product_tag":[4198,4201],"class_list":{"0":"post-140729","1":"product","2":"type-product","3":"status-publish","4":"has-post-thumbnail","6":"product_cat-elslutbleck","7":"product_tag-12v","8":"product_tag-omvand","9":"product_shipping_class-tunga-paket","10":"pa_brands-step","11":"tm-no-options","13":"first","14":"onbackorder","15":"sale","16":"taxable","17":"shipping-taxable","18":"purchasable","19":"product-type-simple"},"acf":[],"_links":{"self":[{"href":"https:\/\/secureus.se\/fr\/wp-json\/wp\/v2\/product\/140729","targetHints":{"allow":["GET"]}}],"collection":[{"href":"https:\/\/secureus.se\/fr\/wp-json\/wp\/v2\/product"}],"about":[{"href":"https:\/\/secureus.se\/fr\/wp-json\/wp\/v2\/types\/product"}],"wp:featuredmedia":[{"embeddable":true,"href":"https:\/\/secureus.se\/fr\/wp-json\/wp\/v2\/media\/140727"}],"wp:attachment":[{"href":"https:\/\/secureus.se\/fr\/wp-json\/wp\/v2\/media?parent=140729"}],"wp:term":[{"taxonomy":"product_brand","embeddable":true,"href":"https:\/\/secureus.se\/fr\/wp-json\/wp\/v2\/product_brand?post=140729"},{"taxonomy":"product_cat","embeddable":true,"href":"https:\/\/secureus.se\/fr\/wp-json\/wp\/v2\/product_cat?post=140729"},{"taxonomy":"product_tag","embeddable":true,"href":"https:\/\/secureus.se\/fr\/wp-json\/wp\/v2\/product_tag?post=140729"}],"curies":[{"name":"wp","href":"https:\/\/api.w.org\/{rel}","templated":true}]}}