{"id":140825,"date":"2023-05-10T09:53:18","date_gmt":"2023-05-10T07:53:18","guid":{"rendered":"https:\/\/secureus.se\/elqrb-pure-2x10-vit-t500\/"},"modified":"2026-04-08T16:49:27","modified_gmt":"2026-04-08T14:49:27","slug":"elqrb-pure-2x10-vit-t500","status":"publish","type":"product","link":"https:\/\/secureus.se\/fr\/elqrb-pure-2x10-vit-t500\/","title":{"rendered":"ELQRB PURE 2X1.0 BLANC T500"},"content":{"rendered":"<p>C\u00e2ble de signal de t\u00e9l\u00e9communication sans halog\u00e8ne. N&#039;\u00e9met pas de gaz corrosifs et pr\u00e9sente une faible densit\u00e9 de fum\u00e9e en cas d&#039;incendie. Dans les syst\u00e8mes de t\u00e9l\u00e9communication pour installation fixe \u00e0 l&#039;int\u00e9rieur et \u00e0 l&#039;ext\u00e9rieur, sur une ligne porteuse ou dans le sol si le c\u00e2ble est prot\u00e9g\u00e9 contre les dommages m\u00e9caniques. Le c\u00e2ble rouge est utilis\u00e9 comme ligne de section dans les syst\u00e8mes d&#039;alarme incendie.<\/p>","protected":false},"excerpt":{"rendered":"<p>C\u00e2ble de t\u00e9l\u00e9communication sans halog\u00e8ne. N&#039;\u00e9met aucun gaz corrosif et pr\u00e9sente une faible densit\u00e9 de fum\u00e9e en cas d&#039;incendie. Dans les syst\u00e8mes de t\u00e9l\u00e9communications pour installation fixe \u00e0 l&#039;int\u00e9rieur et \u00e0 l&#039;ext\u00e9rieur, sur une ligne de transmission ou dans le sol si le c\u00e2ble est prot\u00e9g\u00e9 contre les chocs m\u00e9caniques.<\/p>","protected":false},"featured_media":140824,"template":"","meta":{"_acf_changed":false},"product_brand":[],"product_cat":[2678],"product_tag":[2487],"class_list":{"0":"post-140825","1":"product","2":"type-product","3":"status-publish","4":"has-post-thumbnail","6":"product_cat-telekabel-oskarmad","7":"product_tag-kabel-oskarmad","8":"product_shipping_class-tunga-paket","9":"tm-no-options","11":"first","12":"instock","13":"taxable","14":"shipping-taxable","15":"purchasable","16":"product-type-simple"},"acf":[],"_links":{"self":[{"href":"https:\/\/secureus.se\/fr\/wp-json\/wp\/v2\/product\/140825","targetHints":{"allow":["GET"]}}],"collection":[{"href":"https:\/\/secureus.se\/fr\/wp-json\/wp\/v2\/product"}],"about":[{"href":"https:\/\/secureus.se\/fr\/wp-json\/wp\/v2\/types\/product"}],"wp:featuredmedia":[{"embeddable":true,"href":"https:\/\/secureus.se\/fr\/wp-json\/wp\/v2\/media\/140824"}],"wp:attachment":[{"href":"https:\/\/secureus.se\/fr\/wp-json\/wp\/v2\/media?parent=140825"}],"wp:term":[{"taxonomy":"product_brand","embeddable":true,"href":"https:\/\/secureus.se\/fr\/wp-json\/wp\/v2\/product_brand?post=140825"},{"taxonomy":"product_cat","embeddable":true,"href":"https:\/\/secureus.se\/fr\/wp-json\/wp\/v2\/product_cat?post=140825"},{"taxonomy":"product_tag","embeddable":true,"href":"https:\/\/secureus.se\/fr\/wp-json\/wp\/v2\/product_tag?post=140825"}],"curies":[{"name":"wp","href":"https:\/\/api.w.org\/{rel}","templated":true}]}}