{"id":140852,"date":"2023-05-10T09:49:31","date_gmt":"2023-05-10T07:49:31","guid":{"rendered":"https:\/\/secureus.se\/eqqrb-easy-4x10-vit-b100\/"},"modified":"2026-04-08T16:41:48","modified_gmt":"2026-04-08T14:41:48","slug":"eqqrb-easy-4x10-vit-b100","status":"publish","type":"product","link":"https:\/\/secureus.se\/fr\/eqqrb-easy-4x10-vit-b100\/","title":{"rendered":"EQQRB FACILE 4X1.0 BLANC B100"},"content":{"rendered":"","protected":false},"excerpt":{"rendered":"<p>C\u00e2ble de signal sans halog\u00e8ne, prot\u00e9g\u00e9 contre les flammes. L&#039;EQQRB est utilis\u00e9 comme c\u00e2ble de signal dans diverses installations techniques de contr\u00f4le et de r\u00e9gulation, y compris les installations d&#039;alarme incendie. Il est plac\u00e9 \u00e0 l&#039;int\u00e9rieur et \u00e0 l&#039;ext\u00e9rieur. R\u00e9pond aux exigences incendie selon la classe CPR Dcas2d2a2.<\/p>","protected":false},"featured_media":140851,"template":"","meta":{"_acf_changed":false},"product_brand":[],"product_cat":[2678],"product_tag":[2487],"class_list":{"0":"post-140852","1":"product","2":"type-product","3":"status-publish","4":"has-post-thumbnail","6":"product_cat-telekabel-oskarmad","7":"product_tag-kabel-oskarmad","8":"product_shipping_class-tunga-paket","9":"tm-no-options","11":"first","12":"instock","13":"taxable","14":"shipping-taxable","15":"purchasable","16":"product-type-simple"},"acf":[],"_links":{"self":[{"href":"https:\/\/secureus.se\/fr\/wp-json\/wp\/v2\/product\/140852","targetHints":{"allow":["GET"]}}],"collection":[{"href":"https:\/\/secureus.se\/fr\/wp-json\/wp\/v2\/product"}],"about":[{"href":"https:\/\/secureus.se\/fr\/wp-json\/wp\/v2\/types\/product"}],"wp:featuredmedia":[{"embeddable":true,"href":"https:\/\/secureus.se\/fr\/wp-json\/wp\/v2\/media\/140851"}],"wp:attachment":[{"href":"https:\/\/secureus.se\/fr\/wp-json\/wp\/v2\/media?parent=140852"}],"wp:term":[{"taxonomy":"product_brand","embeddable":true,"href":"https:\/\/secureus.se\/fr\/wp-json\/wp\/v2\/product_brand?post=140852"},{"taxonomy":"product_cat","embeddable":true,"href":"https:\/\/secureus.se\/fr\/wp-json\/wp\/v2\/product_cat?post=140852"},{"taxonomy":"product_tag","embeddable":true,"href":"https:\/\/secureus.se\/fr\/wp-json\/wp\/v2\/product_tag?post=140852"}],"curies":[{"name":"wp","href":"https:\/\/api.w.org\/{rel}","templated":true}]}}