{"id":141296,"date":"2023-01-04T16:39:52","date_gmt":"2023-01-04T15:39:52","guid":{"rendered":"https:\/\/secureus.se\/kombinationsdetektor-ir-mv-tritech-15x15-m-for-utomhusbruk\/"},"modified":"2026-04-01T14:39:04","modified_gmt":"2026-04-01T12:39:04","slug":"bosch-kombinationsdetektor-ir-mv-tritech-15x15-m-for-utomhusbruk","status":"publish","type":"product","link":"https:\/\/secureus.se\/fr\/bosch-kombinationsdetektor-ir-mv-tritech-15x15-m-for-utomhusbruk\/","title":{"rendered":"D\u00e9tecteur combin\u00e9 Bosch IR\/MV Tritech 15\u00d715 m pour utilisation en ext\u00e9rieur"},"content":{"rendered":"<h1>D\u00e9tecteur combin\u00e9 Bosch IR\/MV Tritech 15\u00d715 m pour utilisation en ext\u00e9rieur<\/h1>\n<p data-start=\"377\" data-end=\"1362\">Le d\u00e9tecteur combin\u00e9 Bosch IR\/MV Tritech OD850E est un d\u00e9tecteur robuste et fiable con\u00e7u pour une utilisation en ext\u00e9rieur et d&#039;autres environnements exigeants.<\/p>\n<p data-start=\"377\" data-end=\"1362\">Il combine la technologie infrarouge passive (PIR) et micro-ondes pour fournir une d\u00e9tection pr\u00e9cise.<\/p>\n<p data-start=\"377\" data-end=\"1362\">L&#039;OD850E est \u00e9quip\u00e9 d&#039;un traitement de signal LTD (Linear Travel Distance) avanc\u00e9, qui lui permet d&#039;ignorer les petits mouvements de l&#039;environnement, minimisant ainsi les fausses alarmes.<br data-start=\"792\" data-end=\"795\" \/>Avec des relais doubles pour micro-ondes et IR, la sortie d&#039;alarme peut \u00eatre s\u00e9lectionn\u00e9e pour diff\u00e9rentes m\u00e9thodes de d\u00e9tection : IR et micro-ondes pour l&#039;alarme, ou IR ou micro-ondes.<\/p>\n<p data-start=\"377\" data-end=\"1362\">Le d\u00e9tecteur a une couverture de 15 x 15 m et fonctionne dans une large plage de temp\u00e9ratures allant de -35 \u00e0 +60 degr\u00e9s Celsius.<br data-start=\"1066\" data-end=\"1069\" \/>L&#039;OD850E dispose \u00e9galement de deux niveaux de sensibilit\u00e9 r\u00e9glables en fonction de l&#039;environnement : une sensibilit\u00e9 standard pour minimiser les fausses alarmes et un niveau interm\u00e9diaire pour une d\u00e9tection plus rapide des intrus.<\/p>\n<p data-start=\"377\" data-end=\"1362\">Pour assurer une personnalisation suppl\u00e9mentaire, il offre une sortie relais temporis\u00e9e r\u00e9glable pour une gestion flexible des alarmes.<\/p>\n<p data-start=\"1364\" data-end=\"1394\"><strong data-start=\"1364\" data-end=\"1392\">Caract\u00e9ristiques et avantages\u00a0:<\/strong><\/p>\n<ul data-start=\"1395\" data-end=\"1804\">\n<li data-start=\"1395\" data-end=\"1454\">\n<p data-start=\"1397\" data-end=\"1454\">Combinaison de la technologie PIR et micro-ondes pour une s\u00e9curit\u00e9 \u00e9lev\u00e9e<\/p>\n<\/li>\n<li data-start=\"1455\" data-end=\"1503\">\n<p data-start=\"1457\" data-end=\"1503\">Couverture : 15 x 15 m pour les grandes surfaces ext\u00e9rieures<\/p>\n<\/li>\n<li data-start=\"1504\" data-end=\"1559\">\n<p data-start=\"1506\" data-end=\"1559\">Traitement du signal LTD pour \u00e9liminer les petits mouvements<\/p>\n<\/li>\n<li data-start=\"1560\" data-end=\"1618\">\n<p data-start=\"1562\" data-end=\"1618\">Niveaux de sensibilit\u00e9 r\u00e9glables (mode standard et interm\u00e9diaire)<\/p>\n<\/li>\n<li data-start=\"1619\" data-end=\"1697\">\n<p data-start=\"1621\" data-end=\"1697\">Relais doubles pour sorties d&#039;alarme personnalis\u00e9es : IR + MV ou IR ou MV uniquement<\/p>\n<\/li>\n<li data-start=\"1698\" data-end=\"1747\">\n<p data-start=\"1700\" data-end=\"1747\">Plage de temp\u00e9rature : -35 \u00e0 +60 degr\u00e9s Celsius<\/p>\n<\/li>\n<li data-start=\"1748\" data-end=\"1804\">\n<p data-start=\"1750\" data-end=\"1804\">Sortie relais temporis\u00e9e r\u00e9glable pour une gestion d&#039;alarme personnalis\u00e9e<\/p>\n<\/li>\n<\/ul>\n<p data-start=\"1806\" data-end=\"1837\"><strong data-start=\"1806\" data-end=\"1835\">Sp\u00e9cifications techniques :<\/strong><\/p>\n<ul data-start=\"1838\" data-end=\"2231\">\n<li data-start=\"1838\" data-end=\"1876\">\n<p data-start=\"1840\" data-end=\"1876\">Type de d\u00e9tection : PIR et micro-ondes<\/p>\n<\/li>\n<li data-start=\"1877\" data-end=\"1900\">\n<p data-start=\"1879\" data-end=\"1900\">Couverture : 15 x 15 m<\/p>\n<\/li>\n<li data-start=\"1901\" data-end=\"1939\">\n<p data-start=\"1903\" data-end=\"1939\">Relais : Double pour micro-ondes et IR<\/p>\n<\/li>\n<li data-start=\"1940\" data-end=\"1977\">\n<p data-start=\"1942\" data-end=\"1977\">Plage de temp\u00e9rature : -35 \u00e0 +60 \u00b0C<\/p>\n<\/li>\n<li data-start=\"1978\" data-end=\"2012\">\n<p data-start=\"1980\" data-end=\"2012\">Dimensions (HxLxP) : 165 x 82 x 63 mm<\/p>\n<\/li>\n<li data-start=\"2013\" data-end=\"2046\">\n<p data-start=\"2015\" data-end=\"2046\">Alimentation : 9 \u2013 15 V CC<\/p>\n<\/li>\n<li data-start=\"2047\" data-end=\"2125\">\n<p data-start=\"2049\" data-end=\"2125\">Caract\u00e9ristiques\u00a0: Traitement Motion Analyzer II, traitement du signal micro-ondes LTD<\/p>\n<\/li>\n<li data-start=\"2126\" data-end=\"2183\">\n<p data-start=\"2128\" data-end=\"2183\">Niveaux de sensibilit\u00e9 r\u00e9glables : Mode standard et interm\u00e9diaire<\/p>\n<\/li>\n<li data-start=\"2184\" data-end=\"2231\">\n<p data-start=\"2186\" data-end=\"2231\">Sortie relais temporis\u00e9e r\u00e9glable pour la gestion des alarmes<\/p>\n<\/li>\n<\/ul>","protected":false},"excerpt":{"rendered":"<p>D\u00e9tecteur combin\u00e9 ext\u00e9rieur avec technologie IR et micro-ondes. Couverture 15 x 15 m, traitement du signal LTD et niveaux de sensibilit\u00e9 r\u00e9glables pour une d\u00e9tection optimale.<\/p>","protected":false},"featured_media":141295,"template":"","meta":{"_acf_changed":false},"product_brand":[],"product_cat":[1325,4756],"product_tag":[2418],"class_list":{"0":"post-141296","1":"product","2":"type-product","3":"status-publish","4":"has-post-thumbnail","6":"product_cat-larmgivare-skalskydd","7":"product_cat-utomhussakerhet-tradade-larmenheter","8":"product_tag-rel-larmgivare","9":"product_shipping_class-postnord-varubrev","10":"pa_brands-bosch","11":"tm-no-options","13":"first","14":"instock","15":"sale","16":"featured","17":"taxable","18":"shipping-taxable","19":"purchasable","20":"product-type-simple"},"acf":[],"_links":{"self":[{"href":"https:\/\/secureus.se\/fr\/wp-json\/wp\/v2\/product\/141296","targetHints":{"allow":["GET"]}}],"collection":[{"href":"https:\/\/secureus.se\/fr\/wp-json\/wp\/v2\/product"}],"about":[{"href":"https:\/\/secureus.se\/fr\/wp-json\/wp\/v2\/types\/product"}],"wp:featuredmedia":[{"embeddable":true,"href":"https:\/\/secureus.se\/fr\/wp-json\/wp\/v2\/media\/141295"}],"wp:attachment":[{"href":"https:\/\/secureus.se\/fr\/wp-json\/wp\/v2\/media?parent=141296"}],"wp:term":[{"taxonomy":"product_brand","embeddable":true,"href":"https:\/\/secureus.se\/fr\/wp-json\/wp\/v2\/product_brand?post=141296"},{"taxonomy":"product_cat","embeddable":true,"href":"https:\/\/secureus.se\/fr\/wp-json\/wp\/v2\/product_cat?post=141296"},{"taxonomy":"product_tag","embeddable":true,"href":"https:\/\/secureus.se\/fr\/wp-json\/wp\/v2\/product_tag?post=141296"}],"curies":[{"name":"wp","href":"https:\/\/api.w.org\/{rel}","templated":true}]}}