{"id":141537,"date":"2023-03-17T09:35:23","date_gmt":"2023-03-17T08:35:23","guid":{"rendered":"https:\/\/secureus.se\/elslutbleck-es22-vanster\/"},"modified":"2026-01-12T13:13:59","modified_gmt":"2026-01-12T12:13:59","slug":"elslutbleck-es22-vanster","status":"publish","type":"product","link":"https:\/\/secureus.se\/fr\/elslutbleck-es22-vanster\/","title":{"rendered":"G\u00e2che \u00e9lectrique ES22 gauche"},"content":{"rendered":"<h1>G\u00e2che \u00e9lectrique ES22 gauche<\/h1>\n<p>Convient aux portes n\u00e9cessitant un fonctionnement automatique, un confinement des incendies et une \u00e9vacuation d&#039;urgence. Comprend un contact de piston et une technologie d&#039;impression de bande unique.<\/p>\n<p class=\"\" data-start=\"396\" data-end=\"991\">La g\u00e2che \u00e9lectrique ES22 V est une g\u00e2che \u00e9lectrique de haute qualit\u00e9 pour portes \u00e0 ouverture \u00e0 gauche, con\u00e7ue pour r\u00e9pondre aux exigences des environnements de portes complexes o\u00f9 les exigences de s\u00e9curit\u00e9 et d&#039;incendie sont cruciales.<\/p>\n<p class=\"\" data-start=\"396\" data-end=\"991\">Les loquets \u00e0 double rotation permettent un verrouillage s\u00e9par\u00e9 du loquet \u00e0 poussoir et du loquet \u00e0 cylindre dans les bo\u00eetiers de serrure \u00e0 double loquet. Cette g\u00e2che \u00e9lectrique est particuli\u00e8rement utile lorsqu&#039;il existe des exigences en mati\u00e8re d&#039;automatisation des portes, de confinement des incendies, d&#039;urgence et de rentr\u00e9e.<\/p>\n<p class=\"\" data-start=\"396\" data-end=\"991\">En combinant la fonction avant et arri\u00e8re dans les doubles pivots, la porte peut g\u00e9rer efficacement \u00e0 la fois le confinement des incendies et la rentr\u00e9e via une alarme incendie.<\/p>\n<p class=\"\" data-start=\"993\" data-end=\"1213\">L&#039;ES22 dispose d&#039;une technologie de moulage par pression exclusive qui permet \u00e0 la porte de s&#039;ouvrir m\u00eame lorsqu&#039;une pression est appliqu\u00e9e sur la porte, ce qui se produit souvent dans des environnements avec une pression excessive, de la neige ou de la salet\u00e9 dans l&#039;espace de la porte.<\/p>\n<p class=\"\" data-start=\"993\" data-end=\"1213\">Cela minimise le risque de temps d\u2019arr\u00eat.<\/p>\n<p class=\"\" data-start=\"1215\" data-end=\"1513\">La g\u00e2che \u00e9lectrique est certifi\u00e9e et marqu\u00e9e CE pour une utilisation dans les limites des cellules d&#039;incendie et poss\u00e8de une r\u00e9sistance au feu allant jusqu&#039;\u00e0 120 minutes.<\/p>\n<p class=\"\" data-start=\"1215\" data-end=\"1513\">Il est \u00e9quip\u00e9 de contacts \u00e0 double piston et de capteurs int\u00e9gr\u00e9s qui indiquent quand les charni\u00e8res sont verrouill\u00e9es, ce qui en fait une solution fiable dans les environnements de porte critiques.<\/p>\n<p class=\"\" data-start=\"1515\" data-end=\"1532\"><strong data-start=\"1515\" data-end=\"1529\">Caract\u00e9ristiques<\/strong>:<\/p>\n<ul data-start=\"1533\" data-end=\"1891\">\n<li class=\"\" data-start=\"1533\" data-end=\"1561\">\n<p class=\"\" data-start=\"1535\" data-end=\"1561\">Pour portes battantes \u00e0 gauche<\/p>\n<\/li>\n<li class=\"\" data-start=\"1562\" data-end=\"1616\">\n<p class=\"\" data-start=\"1564\" data-end=\"1616\">R\u00e9sistance au feu jusqu&#039;\u00e0 120 minutes (selon SS-EN 14846)<\/p>\n<\/li>\n<li class=\"\" data-start=\"1617\" data-end=\"1643\">\n<p class=\"\" data-start=\"1619\" data-end=\"1643\">Pression de la liste : Plus de 100 kg<\/p>\n<\/li>\n<li class=\"\" data-start=\"1644\" data-end=\"1683\">\n<p class=\"\" data-start=\"1646\" data-end=\"1683\">Force de maintien : jusqu&#039;\u00e0 1500 kg \/ 15 kN<\/p>\n<\/li>\n<li class=\"\" data-start=\"1684\" data-end=\"1716\">\n<p class=\"\" data-start=\"1686\" data-end=\"1716\">Fonction marche avant et arri\u00e8re<\/p>\n<\/li>\n<li class=\"\" data-start=\"1717\" data-end=\"1747\">\n<p class=\"\" data-start=\"1719\" data-end=\"1747\">Contact de piston (contact d&#039;armature)<\/p>\n<\/li>\n<li class=\"\" data-start=\"1748\" data-end=\"1803\">\n<p class=\"\" data-start=\"1750\" data-end=\"1803\">S&#039;adapte aux fen\u00eatres \u00e0 guillotine double selon les normes scandinaves<\/p>\n<\/li>\n<li class=\"\" data-start=\"1804\" data-end=\"1827\">\n<p class=\"\" data-start=\"1806\" data-end=\"1827\">Tension : 12-24 VDC<\/p>\n<\/li>\n<li class=\"\" data-start=\"1828\" data-end=\"1868\">\n<p class=\"\" data-start=\"1830\" data-end=\"1868\">Consommation \u00e9lectrique : 35 mA par tour<\/p>\n<\/li>\n<li class=\"\" data-start=\"1869\" data-end=\"1891\">\n<p class=\"\" data-start=\"1871\" data-end=\"1891\">Diode de protection int\u00e9gr\u00e9e<\/p>\n<\/li>\n<\/ul>\n<p class=\"\" data-start=\"1893\" data-end=\"1924\"><strong data-start=\"1893\" data-end=\"1921\">Sp\u00e9cifications techniques<\/strong>:<\/p>\n<ul data-start=\"1925\" data-end=\"2499\">\n<li class=\"\" data-start=\"1925\" data-end=\"1961\">\n<p class=\"\" data-start=\"1927\" data-end=\"1961\"><strong data-start=\"1927\" data-end=\"1950\">R\u00e9sistance \u00e0 la rupture maximale<\/strong>: 1500 kg<\/p>\n<\/li>\n<li class=\"\" data-start=\"1962\" data-end=\"1991\">\n<p class=\"\" data-start=\"1964\" data-end=\"1991\"><strong data-start=\"1964\" data-end=\"1980\">Porte suspendue<\/strong>: Gauche<\/p>\n<\/li>\n<li class=\"\" data-start=\"1992\" data-end=\"2015\">\n<p class=\"\" data-start=\"1994\" data-end=\"2015\"><strong data-start=\"1994\" data-end=\"2009\">C\u00e2ble inclus<\/strong>: Oui<\/p>\n<\/li>\n<li class=\"\" data-start=\"2016\" data-end=\"2041\">\n<p class=\"\" data-start=\"2018\" data-end=\"2041\"><strong data-start=\"2018\" data-end=\"2031\">Impression de liste<\/strong>: 100 kg<\/p>\n<\/li>\n<li class=\"\" data-start=\"2042\" data-end=\"2073\">\n<p class=\"\" data-start=\"2044\" data-end=\"2073\"><strong data-start=\"2044\" data-end=\"2054\">Type de serrure<\/strong>: Bo\u00eetier de serrure \u00e0 deux vantaux<\/p>\n<\/li>\n<li class=\"\" data-start=\"2074\" data-end=\"2102\">\n<p class=\"\" data-start=\"2076\" data-end=\"2102\"><strong data-start=\"2076\" data-end=\"2093\">Produit large<\/strong>: 35 mm<\/p>\n<\/li>\n<li class=\"\" data-start=\"2103\" data-end=\"2129\">\n<p class=\"\" data-start=\"2105\" data-end=\"2129\"><strong data-start=\"2105\" data-end=\"2123\">Mat\u00e9riaux de construction \u00e9valu\u00e9s<\/strong>: Oui<\/p>\n<\/li>\n<li class=\"\" data-start=\"2130\" data-end=\"2157\">\n<p class=\"\" data-start=\"2132\" data-end=\"2157\"><strong data-start=\"2132\" data-end=\"2148\">Produit profond<\/strong>: 40 mm<\/p>\n<\/li>\n<li class=\"\" data-start=\"2158\" data-end=\"2192\">\n<p class=\"\" data-start=\"2160\" data-end=\"2192\"><strong data-start=\"2160\" data-end=\"2185\">Tension de fonctionnement 12V\/24V<\/strong>: 12V<\/p>\n<\/li>\n<li class=\"\" data-start=\"2193\" data-end=\"2220\">\n<p class=\"\" data-start=\"2195\" data-end=\"2220\"><strong data-start=\"2195\" data-end=\"2214\">Bo\u00eetier double torsion<\/strong>: Oui<\/p>\n<\/li>\n<li class=\"\" data-start=\"2221\" data-end=\"2248\">\n<p class=\"\" data-start=\"2223\" data-end=\"2248\"><strong data-start=\"2223\" data-end=\"2241\">V\u00e9rifi\u00e9 EPD<\/strong>: Non<\/p>\n<\/li>\n<li class=\"\" data-start=\"2249\" data-end=\"2267\">\n<p class=\"\" data-start=\"2251\" data-end=\"2267\"><strong data-start=\"2251\" data-end=\"2260\">BONNES INFOS<\/strong>: Non<\/p>\n<\/li>\n<li class=\"\" data-start=\"2268\" data-end=\"2302\">\n<p class=\"\" data-start=\"2270\" data-end=\"2302\"><strong data-start=\"2270\" data-end=\"2291\">Couleur\/Traitement de surface<\/strong>: Acier inoxydable<\/p>\n<\/li>\n<li class=\"\" data-start=\"2303\" data-end=\"2331\">\n<p class=\"\" data-start=\"2305\" data-end=\"2331\"><strong data-start=\"2305\" data-end=\"2321\">Produit sur\u00e9lev\u00e9<\/strong>: 230 mm<\/p>\n<\/li>\n<li class=\"\" data-start=\"2332\" data-end=\"2355\">\n<p class=\"\" data-start=\"2334\" data-end=\"2355\"><strong data-start=\"2334\" data-end=\"2349\">Connecteur \u00e0 piston<\/strong>: Oui<\/p>\n<\/li>\n<li class=\"\" data-start=\"2356\" data-end=\"2387\">\n<p class=\"\" data-start=\"2358\" data-end=\"2387\"><strong data-start=\"2358\" data-end=\"2377\">Droite\/Recul<\/strong>: Inverse<\/p>\n<\/li>\n<li class=\"\" data-start=\"2388\" data-end=\"2414\">\n<p class=\"\" data-start=\"2390\" data-end=\"2414\"><strong data-start=\"2390\" data-end=\"2408\">Tension AC\/DC<\/strong>: DC<\/p>\n<\/li>\n<li class=\"\" data-start=\"2415\" data-end=\"2443\">\n<p class=\"\" data-start=\"2417\" data-end=\"2443\"><strong data-start=\"2417\" data-end=\"2433\">Tension maximale<\/strong>: 27,6 V<\/p>\n<\/li>\n<li class=\"\" data-start=\"2444\" data-end=\"2472\">\n<p class=\"\" data-start=\"2446\" data-end=\"2472\"><strong data-start=\"2446\" data-end=\"2462\">Tension minimale<\/strong>: 21,6 V<\/p>\n<\/li>\n<li class=\"\" data-start=\"2473\" data-end=\"2499\">\n<p class=\"\" data-start=\"2475\" data-end=\"2499\"><strong data-start=\"2475\" data-end=\"2493\">SundaMaison not\u00e9e<\/strong>: Oui<\/p>\n<\/li>\n<\/ul>","protected":false},"excerpt":{"rendered":"<p>La g\u00e2che \u00e9lectrique ES22 V pour portes battantes \u00e0 gauche est une g\u00e2che \u00e9lectrique \u00e0 double pivot, coupe-feu jusqu&#039;\u00e0 120 minutes.<\/p>","protected":false},"featured_media":141536,"template":"","meta":{"_acf_changed":false},"product_brand":[],"product_cat":[3355],"product_tag":[4487,4488,4866,4489],"class_list":{"0":"post-141537","1":"product","2":"type-product","3":"status-publish","4":"has-post-thumbnail","6":"product_cat-elslutbleck","7":"product_tag-rel-sa","8":"product_tag-rel-safetron-elslutbleck","9":"product_tag-safetron-20","10":"product_tag-safetron-elslutbleck-es22","11":"product_shipping_class-tunga-paket","12":"pa_brands-7safetron","13":"tm-has-options","15":"first","16":"instock","17":"featured","18":"taxable","19":"shipping-taxable","20":"purchasable","21":"product-type-simple"},"acf":[],"_links":{"self":[{"href":"https:\/\/secureus.se\/fr\/wp-json\/wp\/v2\/product\/141537","targetHints":{"allow":["GET"]}}],"collection":[{"href":"https:\/\/secureus.se\/fr\/wp-json\/wp\/v2\/product"}],"about":[{"href":"https:\/\/secureus.se\/fr\/wp-json\/wp\/v2\/types\/product"}],"wp:featuredmedia":[{"embeddable":true,"href":"https:\/\/secureus.se\/fr\/wp-json\/wp\/v2\/media\/141536"}],"wp:attachment":[{"href":"https:\/\/secureus.se\/fr\/wp-json\/wp\/v2\/media?parent=141537"}],"wp:term":[{"taxonomy":"product_brand","embeddable":true,"href":"https:\/\/secureus.se\/fr\/wp-json\/wp\/v2\/product_brand?post=141537"},{"taxonomy":"product_cat","embeddable":true,"href":"https:\/\/secureus.se\/fr\/wp-json\/wp\/v2\/product_cat?post=141537"},{"taxonomy":"product_tag","embeddable":true,"href":"https:\/\/secureus.se\/fr\/wp-json\/wp\/v2\/product_tag?post=141537"}],"curies":[{"name":"wp","href":"https:\/\/api.w.org\/{rel}","templated":true}]}}