{"id":141946,"date":"2022-07-04T11:08:47","date_gmt":"2022-07-04T09:08:47","guid":{"rendered":"https:\/\/secureus.se\/slutbleck-107-3\/"},"modified":"2026-01-12T13:15:34","modified_gmt":"2026-01-12T12:15:34","slug":"slutbleck-107-3","status":"publish","type":"product","link":"https:\/\/secureus.se\/fr\/slutbleck-107-3\/","title":{"rendered":"Plaque d&#039;extr\u00e9mit\u00e9 107-3"},"content":{"rendered":"<h1>Plaque d&#039;extr\u00e9mit\u00e9 107-3<\/h1>\n<p class=\"\" data-start=\"244\" data-end=\"635\">La g\u00e2che 107-3 est con\u00e7ue pour \u00eatre utilis\u00e9e avec les serrures motoris\u00e9es 6500 et 6600 et les serrures \u00e9lectriques \u00e0 bouton-poussoir SL620 et SL630.<\/p>\n<p class=\"\" data-start=\"244\" data-end=\"635\">Il s&#039;adapte aux cadres en bois et en acier et est fabriqu\u00e9 en acier inoxydable durable pour une longue dur\u00e9e de vie et une r\u00e9sistance \u00e0 la corrosion.<\/p>\n<p class=\"\" data-start=\"244\" data-end=\"635\">Aimant inclus pour un verrouillage s\u00fbr et efficace. Id\u00e9al pour les solutions de s\u00e9curit\u00e9 commerciales et industrielles o\u00f9 des performances \u00e9lev\u00e9es sont requises.<\/p>\n<p class=\"\" data-start=\"637\" data-end=\"654\"><strong data-start=\"637\" data-end=\"651\">Caract\u00e9ristiques<\/strong>:<\/p>\n<ul data-start=\"655\" data-end=\"882\">\n<li class=\"\" data-start=\"655\" data-end=\"693\">\n<p class=\"\" data-start=\"657\" data-end=\"693\">Convient aux cadres en bois ou en acier<\/p>\n<\/li>\n<li class=\"\" data-start=\"694\" data-end=\"767\">\n<p class=\"\" data-start=\"696\" data-end=\"767\">Compatible avec les serrures motoris\u00e9es 6500, 6600 et les serrures \u00e9lectriques \u00e0 poussoir SL620 et SL630<\/p>\n<\/li>\n<li class=\"\" data-start=\"768\" data-end=\"805\">\n<p class=\"\" data-start=\"770\" data-end=\"805\">Aimant inclus pour un verrouillage efficace<\/p>\n<\/li>\n<li class=\"\" data-start=\"806\" data-end=\"856\">\n<p class=\"\" data-start=\"808\" data-end=\"856\">Fabriqu\u00e9 en acier inoxydable pour une grande durabilit\u00e9<\/p>\n<\/li>\n<li class=\"\" data-start=\"857\" data-end=\"882\">\n<p class=\"\" data-start=\"859\" data-end=\"882\"><strong data-start=\"859\" data-end=\"871\">Mesure de la langue<\/strong>: 19,0 mm<\/p>\n<\/li>\n<\/ul>\n<p class=\"\" data-start=\"884\" data-end=\"903\"><strong data-start=\"884\" data-end=\"900\">Donn\u00e9es techniques<\/strong>:<\/p>\n<ul data-start=\"904\" data-end=\"987\">\n<li class=\"\" data-start=\"904\" data-end=\"929\">\n<p class=\"\" data-start=\"906\" data-end=\"929\"><strong data-start=\"906\" data-end=\"918\">Mesure de la langue<\/strong>: 19,0 mm<\/p>\n<\/li>\n<li class=\"\" data-start=\"930\" data-end=\"962\">\n<p class=\"\" data-start=\"932\" data-end=\"962\"><strong data-start=\"932\" data-end=\"944\">Mat\u00e9riel<\/strong>: Acier inoxydable<\/p>\n<\/li>\n<li class=\"\" data-start=\"963\" data-end=\"987\">\n<p class=\"\" data-start=\"965\" data-end=\"987\"><strong data-start=\"965\" data-end=\"981\">Aimant inclus<\/strong>: Oui<\/p>\n<\/li>\n<\/ul>","protected":false},"excerpt":{"rendered":"<p>G\u00e2che 107-3 \u00e0 utiliser avec les serrures motoris\u00e9es 6500, 6600 et les serrures \u00e9lectriques \u00e0 bouton-poussoir SL620, SL630. Fabriqu\u00e9 en acier inoxydable, aimant inclus.<\/p>","protected":false},"featured_media":141944,"template":"","meta":{"_acf_changed":false},"product_brand":[],"product_cat":[3355],"product_tag":[4504,4866,4505,4452],"class_list":{"0":"post-141946","1":"product","2":"type-product","3":"status-publish","4":"has-post-thumbnail","6":"product_cat-elslutbleck","7":"product_tag-ellas-tillbehor-slutbleck","8":"product_tag-safetron-20","9":"product_tag-safetron-tillbehor-600-serien","10":"product_tag-safetron-tillbehor-motorlas-6000-serien","11":"product_shipping_class-tunga-paket","12":"pa_brands-7safetron","13":"tm-no-options","15":"first","16":"instock","17":"featured","18":"taxable","19":"shipping-taxable","20":"purchasable","21":"product-type-simple"},"acf":[],"_links":{"self":[{"href":"https:\/\/secureus.se\/fr\/wp-json\/wp\/v2\/product\/141946","targetHints":{"allow":["GET"]}}],"collection":[{"href":"https:\/\/secureus.se\/fr\/wp-json\/wp\/v2\/product"}],"about":[{"href":"https:\/\/secureus.se\/fr\/wp-json\/wp\/v2\/types\/product"}],"wp:featuredmedia":[{"embeddable":true,"href":"https:\/\/secureus.se\/fr\/wp-json\/wp\/v2\/media\/141944"}],"wp:attachment":[{"href":"https:\/\/secureus.se\/fr\/wp-json\/wp\/v2\/media?parent=141946"}],"wp:term":[{"taxonomy":"product_brand","embeddable":true,"href":"https:\/\/secureus.se\/fr\/wp-json\/wp\/v2\/product_brand?post=141946"},{"taxonomy":"product_cat","embeddable":true,"href":"https:\/\/secureus.se\/fr\/wp-json\/wp\/v2\/product_cat?post=141946"},{"taxonomy":"product_tag","embeddable":true,"href":"https:\/\/secureus.se\/fr\/wp-json\/wp\/v2\/product_tag?post=141946"}],"curies":[{"name":"wp","href":"https:\/\/api.w.org\/{rel}","templated":true}]}}