{"id":142174,"date":"2022-07-04T10:08:35","date_gmt":"2022-07-04T08:08:35","guid":{"rendered":"https:\/\/secureus.se\/slutbleck-107-5\/"},"modified":"2026-01-12T13:15:43","modified_gmt":"2026-01-12T12:15:43","slug":"slutbleck-107-5","status":"publish","type":"product","link":"https:\/\/secureus.se\/fr\/slutbleck-107-5\/","title":{"rendered":"Plaque d&#039;extr\u00e9mit\u00e9 107-5"},"content":{"rendered":"<h1>Plaque d&#039;extr\u00e9mit\u00e9 107-5<\/h1>\n<p class=\"\" data-start=\"265\" data-end=\"719\">La g\u00e2che 107-5 est une g\u00e2che \u00e0 profil \u00e9troit adapt\u00e9e \u00e0 une utilisation dans des cadres en bois, en aluminium ou en acier.<\/p>\n<p class=\"\" data-start=\"265\" data-end=\"719\">Il est certifi\u00e9 selon la classe de verrouillage SSF 3522 5, ce qui garantit une s\u00e9curit\u00e9 et une fiabilit\u00e9 \u00e9lev\u00e9es.<\/p>\n<p class=\"\" data-start=\"265\" data-end=\"719\">La g\u00e2che est livr\u00e9e avec un aimant r\u00e9glable et est fabriqu\u00e9e en acier inoxydable pour une longue dur\u00e9e de vie. La g\u00e2che 107-5 est utilis\u00e9e avec SAFETRON 6500 et offre une solution robuste pour les portes n\u00e9cessitant une s\u00e9curit\u00e9 \u00e9lev\u00e9e.<\/p>\n<p class=\"\" data-start=\"721\" data-end=\"738\"><strong data-start=\"721\" data-end=\"735\">Caract\u00e9ristiques<\/strong>:<\/p>\n<ul data-start=\"739\" data-end=\"954\">\n<li class=\"\" data-start=\"739\" data-end=\"798\">\n<p class=\"\" data-start=\"741\" data-end=\"798\">Conception de profil \u00e9troit pour cadres en bois, en aluminium ou en acier<\/p>\n<\/li>\n<li class=\"\" data-start=\"799\" data-end=\"841\">\n<p class=\"\" data-start=\"801\" data-end=\"841\">Certifi\u00e9 selon la norme SSF 3522 classe de verrouillage 5<\/p>\n<\/li>\n<li class=\"\" data-start=\"842\" data-end=\"868\">\n<p class=\"\" data-start=\"844\" data-end=\"868\">Aimant r\u00e9glable inclus<\/p>\n<\/li>\n<li class=\"\" data-start=\"869\" data-end=\"920\">\n<p class=\"\" data-start=\"871\" data-end=\"920\">Fabriqu\u00e9 en acier inoxydable pour une longue dur\u00e9e de vie<\/p>\n<\/li>\n<li class=\"\" data-start=\"921\" data-end=\"954\">\n<p class=\"\" data-start=\"923\" data-end=\"954\">Compatible avec SAFETRON 6500<\/p>\n<\/li>\n<\/ul>\n<p class=\"\" data-start=\"956\" data-end=\"975\"><strong data-start=\"956\" data-end=\"972\">Donn\u00e9es techniques<\/strong>:<\/p>\n<ul data-start=\"976\" data-end=\"1114\">\n<li class=\"\" data-start=\"976\" data-end=\"1008\">\n<p class=\"\" data-start=\"978\" data-end=\"1008\"><strong data-start=\"978\" data-end=\"990\">Mat\u00e9riel<\/strong>: Acier inoxydable<\/p>\n<\/li>\n<li class=\"\" data-start=\"1009\" data-end=\"1034\">\n<p class=\"\" data-start=\"1011\" data-end=\"1034\"><strong data-start=\"1011\" data-end=\"1021\">Aimant<\/strong>: R\u00e9glable<\/p>\n<\/li>\n<li class=\"\" data-start=\"1035\" data-end=\"1072\">\n<p class=\"\" data-start=\"1037\" data-end=\"1072\"><strong data-start=\"1037\" data-end=\"1055\">Compatible avec<\/strong>: SAFETRON 6500<\/p>\n<\/li>\n<li class=\"\" data-start=\"1073\" data-end=\"1114\">\n<p class=\"\" data-start=\"1075\" data-end=\"1114\"><strong data-start=\"1075\" data-end=\"1091\">Attestation<\/strong>: Serrure SSF 3522 classe 5<\/p>\n<\/li>\n<\/ul>","protected":false},"excerpt":{"rendered":"<p>G\u00e2che \u00e0 profil \u00e9troit certifi\u00e9e selon la norme SSF 3522 classe de serrure 5, pour cadres en bois, aluminium ou acier. Aimant r\u00e9glable inclus, fabriqu\u00e9 en acier inoxydable.<\/p>","protected":false},"featured_media":142173,"template":"","meta":{"_acf_changed":false},"product_brand":[],"product_cat":[3355],"product_tag":[4504,4866,4505],"class_list":{"0":"post-142174","1":"product","2":"type-product","3":"status-publish","4":"has-post-thumbnail","6":"product_cat-elslutbleck","7":"product_tag-ellas-tillbehor-slutbleck","8":"product_tag-safetron-20","9":"product_tag-safetron-tillbehor-600-serien","10":"product_shipping_class-tunga-paket","11":"pa_brands-7safetron","12":"tm-has-options","14":"first","15":"instock","16":"featured","17":"taxable","18":"shipping-taxable","19":"purchasable","20":"product-type-simple"},"acf":[],"_links":{"self":[{"href":"https:\/\/secureus.se\/fr\/wp-json\/wp\/v2\/product\/142174","targetHints":{"allow":["GET"]}}],"collection":[{"href":"https:\/\/secureus.se\/fr\/wp-json\/wp\/v2\/product"}],"about":[{"href":"https:\/\/secureus.se\/fr\/wp-json\/wp\/v2\/types\/product"}],"wp:featuredmedia":[{"embeddable":true,"href":"https:\/\/secureus.se\/fr\/wp-json\/wp\/v2\/media\/142173"}],"wp:attachment":[{"href":"https:\/\/secureus.se\/fr\/wp-json\/wp\/v2\/media?parent=142174"}],"wp:term":[{"taxonomy":"product_brand","embeddable":true,"href":"https:\/\/secureus.se\/fr\/wp-json\/wp\/v2\/product_brand?post=142174"},{"taxonomy":"product_cat","embeddable":true,"href":"https:\/\/secureus.se\/fr\/wp-json\/wp\/v2\/product_cat?post=142174"},{"taxonomy":"product_tag","embeddable":true,"href":"https:\/\/secureus.se\/fr\/wp-json\/wp\/v2\/product_tag?post=142174"}],"curies":[{"name":"wp","href":"https:\/\/api.w.org\/{rel}","templated":true}]}}