{"id":142278,"date":"2022-07-04T11:12:49","date_gmt":"2022-07-04T09:12:49","guid":{"rendered":"https:\/\/secureus.se\/anslutningskabel-c01-25m\/"},"modified":"2026-01-12T13:24:25","modified_gmt":"2026-01-12T12:24:25","slug":"anslutningskabel-c01-25m","status":"publish","type":"product","link":"https:\/\/secureus.se\/fr\/anslutningskabel-c01-25m\/","title":{"rendered":"C\u00e2ble de connexion Safetron C01 25m"},"content":{"rendered":"<p>C\u00e2ble de raccordement sans halog\u00e8ne 12 conducteurs, destin\u00e9 aux serrures motoris\u00e9es SAFETRON de la s\u00e9rie 5000. <\/p>\n<p>\u2022 Longueur : 25 m\u00e8tres<br \/>\n<br \/>\n\u2022 12 conducteurs (4 suppl\u00e9mentaires)<br \/>\n<br \/>\n\u2022 Surface du c\u00e2ble : 0,25 mm\u00b2<\/p>","protected":false},"excerpt":{"rendered":"<p>C\u00e2ble de raccordement sans halog\u00e8ne 12 conducteurs, destin\u00e9 aux serrures motoris\u00e9es SAFETRON de la s\u00e9rie 5000. <\/p>\n<p>\u2022 Longueur : 25 m\u00e8tres<br \/>\n<br \/>\n\u2022 12 conducteurs (4 suppl\u00e9mentaires)<br \/>\n<br \/>\n\u2022 Surface du c\u00e2ble : 0,25 mm\u00b2<\/p>","protected":false},"featured_media":142277,"template":"","meta":{"_acf_changed":false},"product_brand":[],"product_cat":[2834],"product_tag":[2299,4866,4503],"class_list":{"0":"post-142278","1":"product","2":"type-product","3":"status-publish","4":"has-post-thumbnail","6":"product_cat-ellas-motorlastillbehor","7":"product_tag-ellas-tillbehor-anslutningskabel","8":"product_tag-safetron-20","9":"product_tag-safetron-tillbehor-motorlas-5000-serien","10":"product_shipping_class-tunga-paket","11":"pa_brands-7safetron","12":"tm-has-options","14":"first","15":"instock","16":"featured","17":"taxable","18":"shipping-taxable","19":"purchasable","20":"product-type-simple"},"acf":[],"_links":{"self":[{"href":"https:\/\/secureus.se\/fr\/wp-json\/wp\/v2\/product\/142278","targetHints":{"allow":["GET"]}}],"collection":[{"href":"https:\/\/secureus.se\/fr\/wp-json\/wp\/v2\/product"}],"about":[{"href":"https:\/\/secureus.se\/fr\/wp-json\/wp\/v2\/types\/product"}],"wp:featuredmedia":[{"embeddable":true,"href":"https:\/\/secureus.se\/fr\/wp-json\/wp\/v2\/media\/142277"}],"wp:attachment":[{"href":"https:\/\/secureus.se\/fr\/wp-json\/wp\/v2\/media?parent=142278"}],"wp:term":[{"taxonomy":"product_brand","embeddable":true,"href":"https:\/\/secureus.se\/fr\/wp-json\/wp\/v2\/product_brand?post=142278"},{"taxonomy":"product_cat","embeddable":true,"href":"https:\/\/secureus.se\/fr\/wp-json\/wp\/v2\/product_cat?post=142278"},{"taxonomy":"product_tag","embeddable":true,"href":"https:\/\/secureus.se\/fr\/wp-json\/wp\/v2\/product_tag?post=142278"}],"curies":[{"name":"wp","href":"https:\/\/api.w.org\/{rel}","templated":true}]}}