{"id":142542,"date":"2022-06-29T12:46:31","date_gmt":"2022-06-29T10:46:31","guid":{"rendered":"https:\/\/secureus.se\/ir-detektor-tak-ir261\/"},"modified":"2026-04-08T16:52:42","modified_gmt":"2026-04-08T14:52:42","slug":"ir-detektor-tak-ir261","status":"publish","type":"product","link":"https:\/\/secureus.se\/fr\/ir-detektor-tak-ir261\/","title":{"rendered":"D\u00e9tecteur IR Plafond IR261 \u2013 360 degr\u00e9s 4,2 \u00e0 18,2 m\u00e8tres selon la hauteur d&#039;installation"},"content":{"rendered":"<h1>D\u00e9tecteur IR Plafond IR261 \u2013 360 degr\u00e9s 4,2 \u00e0 18,2 m\u00e8tres selon la hauteur d&#039;installation<\/h1>\n<p data-start=\"316\" data-end=\"1255\">Le d\u00e9tecteur IR de plafond IR261 est un d\u00e9tecteur fiable et facile \u00e0 installer avec une couverture \u00e0 360 degr\u00e9s, con\u00e7u pour fournir une d\u00e9tection pr\u00e9cise dans les grandes pi\u00e8ces, les espaces de bureaux ouverts, les espaces de vente au d\u00e9tail, les intersections de couloirs et les entrep\u00f4ts.<\/p>\n<p data-start=\"316\" data-end=\"1255\">Avec une port\u00e9e allant jusqu&#039;\u00e0 18,2 m\u00e8tres selon la hauteur d&#039;installation, l&#039;IR261 offre une flexibilit\u00e9 pour r\u00e9pondre aux besoins de diff\u00e9rents types d&#039;environnements.<br data-start=\"708\" data-end=\"711\" \/>Il dispose de quatre niveaux de r\u00e9glage de sensibilit\u00e9 et d&#039;un indicateur LED de test de marche, ce qui facilite la personnalisation du d\u00e9tecteur en fonction des exigences d&#039;installation sp\u00e9cifiques.<\/p>\n<p data-start=\"316\" data-end=\"1255\">L&#039;IR261 a une consommation de courant de 25 mA (35 mA en cas d&#039;alarme) et une alimentation en tension comprise entre 10,5 et 18 V DC.<br data-start=\"976\" data-end=\"979\" \/>Pour augmenter la s\u00e9curit\u00e9, il est \u00e9quip\u00e9 d&#039;une sortie anti-sabotage (NC \/ 30 V DC, 50 mA).<\/p>\n<p data-start=\"316\" data-end=\"1255\">Il est \u00e9galement approuv\u00e9 pour une utilisation dans une plage de temp\u00e9ratures de -15\u00b0C \u00e0 +55\u00b0C et poss\u00e8de un indice de protection IP41 selon la norme IEC529, ce qui le rend suffisamment robuste pour \u00eatre utilis\u00e9 dans de nombreux environnements diff\u00e9rents.<\/p>\n<p data-start=\"1257\" data-end=\"1287\"><strong data-start=\"1257\" data-end=\"1285\">Caract\u00e9ristiques et avantages\u00a0:<\/strong><\/p>\n<ul data-start=\"1288\" data-end=\"1728\">\n<li data-start=\"1288\" data-end=\"1336\">\n<p data-start=\"1290\" data-end=\"1336\">Surveillance \u00e0 360 degr\u00e9s pour une couverture compl\u00e8te<\/p>\n<\/li>\n<li data-start=\"1337\" data-end=\"1399\">\n<p data-start=\"1339\" data-end=\"1399\">Port\u00e9e jusqu&#039;\u00e0 18,2 m\u00e8tres selon la hauteur d&#039;installation<\/p>\n<\/li>\n<li data-start=\"1400\" data-end=\"1465\">\n<p data-start=\"1402\" data-end=\"1465\">Convient aux grandes pi\u00e8ces, aux bureaux ouverts et aux entrep\u00f4ts<\/p>\n<\/li>\n<li data-start=\"1466\" data-end=\"1532\">\n<p data-start=\"1468\" data-end=\"1532\">Quatre niveaux de r\u00e9glage de sensibilit\u00e9 pour une d\u00e9tection personnalis\u00e9e<\/p>\n<\/li>\n<li data-start=\"1533\" data-end=\"1587\">\n<p data-start=\"1535\" data-end=\"1587\">Indication LED pour test de marche et installation rapide<\/p>\n<\/li>\n<li data-start=\"1588\" data-end=\"1647\">\n<p data-start=\"1590\" data-end=\"1647\">Sortie anti-sabotage (NC \/ 30 V DC, 50 mA) pour plus de s\u00e9curit\u00e9<\/p>\n<\/li>\n<li data-start=\"1648\" data-end=\"1685\">\n<p data-start=\"1650\" data-end=\"1685\">R\u00e9sistant \u00e0 la temp\u00e9rature : -15\u00b0C \u00e0 +55\u00b0C<\/p>\n<\/li>\n<li data-start=\"1686\" data-end=\"1728\">\n<p data-start=\"1688\" data-end=\"1728\">Classe de protection IP41 pour des performances robustes<\/p>\n<\/li>\n<\/ul>\n<p data-start=\"1730\" data-end=\"1761\"><strong data-start=\"1730\" data-end=\"1759\">Sp\u00e9cifications techniques :<\/strong><\/p>\n<ul data-start=\"1762\" data-end=\"2153\">\n<li data-start=\"1762\" data-end=\"1827\">\n<p data-start=\"1764\" data-end=\"1827\">Port\u00e9e : 18,2 m\u00e8tres de diam\u00e8tre (selon la hauteur d&#039;installation)<\/p>\n<\/li>\n<li data-start=\"1828\" data-end=\"1864\">\n<p data-start=\"1830\" data-end=\"1864\">Alimentation : 10,5 \u2013 18 V CC<\/p>\n<\/li>\n<li data-start=\"1865\" data-end=\"1909\">\n<p data-start=\"1867\" data-end=\"1909\">Consommation de courant : 25 mA (35 mA en alarme)<\/p>\n<\/li>\n<li data-start=\"1910\" data-end=\"1962\">\n<p data-start=\"1912\" data-end=\"1962\">Sortie d&#039;alarme : Sortie anti-sabotage (NC \/ 30 V DC, 50 mA)<\/p>\n<\/li>\n<li data-start=\"1963\" data-end=\"1990\">\n<p data-start=\"1965\" data-end=\"1990\">Indication du test de marche : LED<\/p>\n<\/li>\n<li data-start=\"1991\" data-end=\"2027\">\n<p data-start=\"1993\" data-end=\"2027\">R\u00e9glage de la sensibilit\u00e9 : 4 niveaux<\/p>\n<\/li>\n<li data-start=\"2028\" data-end=\"2066\">\n<p data-start=\"2030\" data-end=\"2066\">Temp\u00e9rature de fonctionnement : -15\u00b0C \u00e0 +55\u00b0C<\/p>\n<\/li>\n<li data-start=\"2067\" data-end=\"2100\">\n<p data-start=\"2069\" data-end=\"2100\">Classe de protection (IEC529) : IP41<\/p>\n<\/li>\n<li data-start=\"2101\" data-end=\"2153\">\n<p data-start=\"2103\" data-end=\"2153\">Dimensions : Dimensions standard pour les d\u00e9tecteurs PIR mont\u00e9s au plafond<\/p>\n<\/li>\n<\/ul>","protected":false},"excerpt":{"rendered":"<p>D\u00e9tecteur IR avec couverture \u00e0 360 degr\u00e9s et une port\u00e9e allant jusqu&#039;\u00e0 18,2 m\u00e8tres.<\/p>\n<p>Installation flexible pour grandes pi\u00e8ces, bureaux et entrep\u00f4ts.<\/p>","protected":false},"featured_media":142541,"template":"","meta":{"_acf_changed":false},"product_brand":[],"product_cat":[1325],"product_tag":[2145],"class_list":{"0":"post-142542","1":"product","2":"type-product","3":"status-publish","4":"has-post-thumbnail","6":"product_cat-larmgivare-skalskydd","7":"product_tag-rorelsedetektor-ir-detektorer","8":"product_shipping_class-tunga-paket","9":"pa_brands-6vanderbilt","10":"tm-no-options","12":"first","13":"instock","14":"sale","15":"taxable","16":"shipping-taxable","17":"purchasable","18":"product-type-simple"},"acf":[],"_links":{"self":[{"href":"https:\/\/secureus.se\/fr\/wp-json\/wp\/v2\/product\/142542","targetHints":{"allow":["GET"]}}],"collection":[{"href":"https:\/\/secureus.se\/fr\/wp-json\/wp\/v2\/product"}],"about":[{"href":"https:\/\/secureus.se\/fr\/wp-json\/wp\/v2\/types\/product"}],"wp:featuredmedia":[{"embeddable":true,"href":"https:\/\/secureus.se\/fr\/wp-json\/wp\/v2\/media\/142541"}],"wp:attachment":[{"href":"https:\/\/secureus.se\/fr\/wp-json\/wp\/v2\/media?parent=142542"}],"wp:term":[{"taxonomy":"product_brand","embeddable":true,"href":"https:\/\/secureus.se\/fr\/wp-json\/wp\/v2\/product_brand?post=142542"},{"taxonomy":"product_cat","embeddable":true,"href":"https:\/\/secureus.se\/fr\/wp-json\/wp\/v2\/product_cat?post=142542"},{"taxonomy":"product_tag","embeddable":true,"href":"https:\/\/secureus.se\/fr\/wp-json\/wp\/v2\/product_tag?post=142542"}],"curies":[{"name":"wp","href":"https:\/\/api.w.org\/{rel}","templated":true}]}}