{"id":142732,"date":"2022-07-04T10:40:44","date_gmt":"2022-07-04T08:40:44","guid":{"rendered":"https:\/\/secureus.se\/monteringsstolpe-sa35\/"},"modified":"2026-01-12T13:14:34","modified_gmt":"2026-01-12T12:14:34","slug":"monteringsstolpe-sa35","status":"publish","type":"product","link":"https:\/\/secureus.se\/fr\/monteringsstolpe-sa35\/","title":{"rendered":"Poteau de montage Safetron SA35"},"content":{"rendered":"<p>Poteau de montage plat en inox pour plaques d&#039;extr\u00e9mit\u00e9 \u00e9lectriques SAFETRON de la s\u00e9rie standard : ES17 \/ ES19. Adapt\u00e9 aux cadres en bois et en m\u00e9tal, utilis\u00e9 avec des serrures \u00e0 simple chute de type connect\/evolution ou module. <\/p>\n<p>\u2022 \u00c9quivalent \u00e0 ST 4008<br \/>\n<br \/>\n\u2022 Taille de la langue\u00a0: 5\u00a0mm<br \/>\n<br \/>\n\u2022 Dimensions\u00a0: (hxl) 180\u00d726 mm<\/p>","protected":false},"excerpt":{"rendered":"<p>Plan monteringsstolpe i rostfritt st\u00e5l f\u00f6r SAFETRON elslutbleck i standardserien: ES17 \/ ES19. Anpassad f\u00f6r tr\u00e4- och metallkarmar, anv\u00e4nds tillsammans med enkelfall\u00e5s av typen connect\/evolution eller modul. \u2022 Motsvarande ST<\/p>","protected":false},"featured_media":142731,"template":"","meta":{"_acf_changed":false},"product_brand":[],"product_cat":[4735],"product_tag":[4440,4866],"class_list":{"0":"post-142732","1":"product","2":"type-product","3":"status-publish","4":"has-post-thumbnail","6":"product_cat-monteringsstolpe","7":"product_tag-safetron-montagestolpar-es17-es19-sa-modell","8":"product_tag-safetron-20","9":"product_shipping_class-tunga-paket","10":"pa_brands-7safetron","11":"tm-has-options","13":"first","14":"instock","15":"featured","16":"taxable","17":"shipping-taxable","18":"purchasable","19":"product-type-simple"},"acf":[],"_links":{"self":[{"href":"https:\/\/secureus.se\/fr\/wp-json\/wp\/v2\/product\/142732","targetHints":{"allow":["GET"]}}],"collection":[{"href":"https:\/\/secureus.se\/fr\/wp-json\/wp\/v2\/product"}],"about":[{"href":"https:\/\/secureus.se\/fr\/wp-json\/wp\/v2\/types\/product"}],"wp:featuredmedia":[{"embeddable":true,"href":"https:\/\/secureus.se\/fr\/wp-json\/wp\/v2\/media\/142731"}],"wp:attachment":[{"href":"https:\/\/secureus.se\/fr\/wp-json\/wp\/v2\/media?parent=142732"}],"wp:term":[{"taxonomy":"product_brand","embeddable":true,"href":"https:\/\/secureus.se\/fr\/wp-json\/wp\/v2\/product_brand?post=142732"},{"taxonomy":"product_cat","embeddable":true,"href":"https:\/\/secureus.se\/fr\/wp-json\/wp\/v2\/product_cat?post=142732"},{"taxonomy":"product_tag","embeddable":true,"href":"https:\/\/secureus.se\/fr\/wp-json\/wp\/v2\/product_tag?post=142732"}],"curies":[{"name":"wp","href":"https:\/\/api.w.org\/{rel}","templated":true}]}}