{"id":142775,"date":"2022-07-04T10:13:02","date_gmt":"2022-07-04T08:13:02","guid":{"rendered":"https:\/\/secureus.se\/slutbleck-107-7\/"},"modified":"2026-01-12T13:23:24","modified_gmt":"2026-01-12T12:23:24","slug":"slutbleck-107-7","status":"publish","type":"product","link":"https:\/\/secureus.se\/fr\/slutbleck-107-7\/","title":{"rendered":"Plaque d&#039;extr\u00e9mit\u00e9 107-7"},"content":{"rendered":"<h1>Plaque d&#039;extr\u00e9mit\u00e9 107-7<\/h1>\n<p class=\"\" data-start=\"242\" data-end=\"719\">La g\u00e2che 107-7 est con\u00e7ue pour \u00eatre utilis\u00e9e dans des cadres en bois, en aluminium ou en acier et constitue le choix parfait lorsque vous souhaitez remplacer les g\u00e2ches \u00e9lectriques par des serrures \u00e0 bouton-poussoir \u00e9lectriques ou des serrures motoris\u00e9es.<\/p>\n<p class=\"\" data-start=\"242\" data-end=\"719\">Il est livr\u00e9 avec un aimant r\u00e9glable et est fabriqu\u00e9 en acier inoxydable durable pour une durabilit\u00e9 \u00e0 long terme. La g\u00e2che est compatible avec les \u00e9videments pour g\u00e2ches \u00e9lectriques avec poteau de montage SA31-15 \/ ST4001-15.<\/p>\n<p class=\"\" data-start=\"242\" data-end=\"719\">Parfait pour une utilisation avec les produits SAFETRON SL620, SL630, 6500 et 6600.<\/p>\n<p class=\"\" data-start=\"721\" data-end=\"738\"><strong data-start=\"721\" data-end=\"735\">Caract\u00e9ristiques<\/strong>:<\/p>\n<ul data-start=\"739\" data-end=\"1076\">\n<li class=\"\" data-start=\"739\" data-end=\"785\">\n<p class=\"\" data-start=\"741\" data-end=\"785\">Convient aux cadres en bois, en aluminium ou en acier<\/p>\n<\/li>\n<li class=\"\" data-start=\"786\" data-end=\"812\">\n<p class=\"\" data-start=\"788\" data-end=\"812\">Aimant r\u00e9glable inclus<\/p>\n<\/li>\n<li class=\"\" data-start=\"813\" data-end=\"864\">\n<p class=\"\" data-start=\"815\" data-end=\"864\">Fabriqu\u00e9 en acier inoxydable pour une longue dur\u00e9e de vie<\/p>\n<\/li>\n<li class=\"\" data-start=\"865\" data-end=\"954\">\n<p class=\"\" data-start=\"867\" data-end=\"954\">Peut \u00eatre utilis\u00e9 dans des niches pr\u00e9par\u00e9es pour g\u00e2ches \u00e9lectriques avec poteau de montage SA31-15 \/ ST4001-15<\/p>\n<\/li>\n<li class=\"\" data-start=\"955\" data-end=\"1076\">\n<p class=\"\" data-start=\"957\" data-end=\"994\">Compatible avec les produits suivants :<\/p>\n<ul data-start=\"997\" data-end=\"1076\">\n<li class=\"\" data-start=\"997\" data-end=\"1015\">\n<p class=\"\" data-start=\"999\" data-end=\"1015\">SAFETRON SL620<\/p>\n<\/li>\n<li class=\"\" data-start=\"1018\" data-end=\"1036\">\n<p class=\"\" data-start=\"1020\" data-end=\"1036\">SAFETRON SL630<\/p>\n<\/li>\n<li class=\"\" data-start=\"1039\" data-end=\"1056\">\n<p class=\"\" data-start=\"1041\" data-end=\"1056\">SAFETRON 6500<\/p>\n<\/li>\n<li class=\"\" data-start=\"1059\" data-end=\"1076\">\n<p class=\"\" data-start=\"1061\" data-end=\"1076\">SAFETRON 6600<\/p>\n<\/li>\n<\/ul>\n<\/li>\n<\/ul>\n<p class=\"\" data-start=\"1078\" data-end=\"1097\"><strong data-start=\"1078\" data-end=\"1094\">Donn\u00e9es techniques<\/strong>:<\/p>\n<ul data-start=\"1098\" data-end=\"1273\">\n<li class=\"\" data-start=\"1098\" data-end=\"1130\">\n<p class=\"\" data-start=\"1100\" data-end=\"1130\"><strong data-start=\"1100\" data-end=\"1112\">Mat\u00e9riel<\/strong>: Acier inoxydable<\/p>\n<\/li>\n<li class=\"\" data-start=\"1131\" data-end=\"1156\">\n<p class=\"\" data-start=\"1133\" data-end=\"1156\"><strong data-start=\"1133\" data-end=\"1143\">Aimant<\/strong>: R\u00e9glable<\/p>\n<\/li>\n<li class=\"\" data-start=\"1157\" data-end=\"1214\">\n<p class=\"\" data-start=\"1159\" data-end=\"1214\"><strong data-start=\"1159\" data-end=\"1177\">Compatible avec<\/strong>: Poteau de montage SA31-15 \/ ST4001-15<\/p>\n<\/li>\n<li class=\"\" data-start=\"1215\" data-end=\"1273\">\n<p class=\"\" data-start=\"1217\" data-end=\"1273\"><strong data-start=\"1217\" data-end=\"1238\">Domaine d&#039;utilisation<\/strong>:Cadres en bois, en aluminium ou en acier<\/p>\n<\/li>\n<\/ul>","protected":false},"excerpt":{"rendered":"<p>G\u00e2che 107-7 pour utilisation dans des cadres en bois, en aluminium ou en acier. Livr\u00e9 avec un aimant r\u00e9glable, en acier inoxydable.<\/p>","protected":false},"featured_media":142774,"template":"","meta":{"_acf_changed":false},"product_brand":[],"product_cat":[3355],"product_tag":[4504,4866,4505,4452],"class_list":{"0":"post-142775","1":"product","2":"type-product","3":"status-publish","4":"has-post-thumbnail","6":"product_cat-elslutbleck","7":"product_tag-ellas-tillbehor-slutbleck","8":"product_tag-safetron-20","9":"product_tag-safetron-tillbehor-600-serien","10":"product_tag-safetron-tillbehor-motorlas-6000-serien","11":"product_shipping_class-tunga-paket","12":"pa_brands-7safetron","13":"tm-no-options","15":"first","16":"instock","17":"featured","18":"taxable","19":"shipping-taxable","20":"purchasable","21":"product-type-simple"},"acf":[],"_links":{"self":[{"href":"https:\/\/secureus.se\/fr\/wp-json\/wp\/v2\/product\/142775","targetHints":{"allow":["GET"]}}],"collection":[{"href":"https:\/\/secureus.se\/fr\/wp-json\/wp\/v2\/product"}],"about":[{"href":"https:\/\/secureus.se\/fr\/wp-json\/wp\/v2\/types\/product"}],"wp:featuredmedia":[{"embeddable":true,"href":"https:\/\/secureus.se\/fr\/wp-json\/wp\/v2\/media\/142774"}],"wp:attachment":[{"href":"https:\/\/secureus.se\/fr\/wp-json\/wp\/v2\/media?parent=142775"}],"wp:term":[{"taxonomy":"product_brand","embeddable":true,"href":"https:\/\/secureus.se\/fr\/wp-json\/wp\/v2\/product_brand?post=142775"},{"taxonomy":"product_cat","embeddable":true,"href":"https:\/\/secureus.se\/fr\/wp-json\/wp\/v2\/product_cat?post=142775"},{"taxonomy":"product_tag","embeddable":true,"href":"https:\/\/secureus.se\/fr\/wp-json\/wp\/v2\/product_tag?post=142775"}],"curies":[{"name":"wp","href":"https:\/\/api.w.org\/{rel}","templated":true}]}}