{"id":143072,"date":"2022-06-28T12:49:54","date_gmt":"2022-06-28T10:49:54","guid":{"rendered":"https:\/\/secureus.se\/magnetkontakt-mc-340\/"},"modified":"2026-04-08T16:52:14","modified_gmt":"2026-04-08T14:52:14","slug":"magnetkontakt-mc-340","status":"publish","type":"product","link":"https:\/\/secureus.se\/fr\/magnetkontakt-mc-340\/","title":{"rendered":"Contact magn\u00e9tique Alarmtech MC 340, montage encastr\u00e9, NF, c\u00e2ble de 2 m, blanc"},"content":{"rendered":"<p>Contact magn\u00e9tique avec fonction NC pour montage encastr\u00e9 dans les portes et fen\u00eatres de dimensions 9x26mm. Les parties de contact et l&#039;aimant sont dans un bo\u00eetier en plastique blanc \u00e9tanche (IP 67) avec brides, ce qui permet une installation facile dans le bois sans accessoires suppl\u00e9mentaires. Une large gamme d&#039;accessoires est disponible, voir 6332803-6332811 et en plusieurs kits pr\u00eats \u00e0 l&#039;emploi pour diff\u00e9rentes applications, voir 6332767-6332778. Pour les contacts de haute s\u00e9curit\u00e9, voir MC 370, 6332790. Des r\u00e9sistances et des longueurs de c\u00e2ble sp\u00e9ciales ou des c\u00e2bles sans halog\u00e8ne peuvent \u00eatre sp\u00e9cialement command\u00e9es.<\/p>","protected":false},"excerpt":{"rendered":"<p>Contact magn\u00e9tique MC340<\/p>","protected":false},"featured_media":143069,"template":"","meta":{"_acf_changed":false},"product_brand":[],"product_cat":[3086],"product_tag":[2465],"class_list":{"0":"post-143072","1":"product","2":"type-product","3":"status-publish","4":"has-post-thumbnail","6":"product_cat-magnetkontakter","7":"product_tag-sbsc-larmklass2","8":"product_shipping_class-postnord-varubrev","9":"pa_brands-alarmtech","10":"pa_farg-vit","11":"tm-no-options","13":"first","14":"instock","15":"taxable","16":"shipping-taxable","17":"purchasable","18":"product-type-simple"},"acf":[],"_links":{"self":[{"href":"https:\/\/secureus.se\/fr\/wp-json\/wp\/v2\/product\/143072","targetHints":{"allow":["GET"]}}],"collection":[{"href":"https:\/\/secureus.se\/fr\/wp-json\/wp\/v2\/product"}],"about":[{"href":"https:\/\/secureus.se\/fr\/wp-json\/wp\/v2\/types\/product"}],"wp:featuredmedia":[{"embeddable":true,"href":"https:\/\/secureus.se\/fr\/wp-json\/wp\/v2\/media\/143069"}],"wp:attachment":[{"href":"https:\/\/secureus.se\/fr\/wp-json\/wp\/v2\/media?parent=143072"}],"wp:term":[{"taxonomy":"product_brand","embeddable":true,"href":"https:\/\/secureus.se\/fr\/wp-json\/wp\/v2\/product_brand?post=143072"},{"taxonomy":"product_cat","embeddable":true,"href":"https:\/\/secureus.se\/fr\/wp-json\/wp\/v2\/product_cat?post=143072"},{"taxonomy":"product_tag","embeddable":true,"href":"https:\/\/secureus.se\/fr\/wp-json\/wp\/v2\/product_tag?post=143072"}],"curies":[{"name":"wp","href":"https:\/\/api.w.org\/{rel}","templated":true}]}}