{"id":144942,"date":"2022-03-10T15:48:00","date_gmt":"2022-03-10T14:48:00","guid":{"rendered":"https:\/\/secureus.se\/linjedetektor-ax-70tn\/"},"modified":"2025-12-31T19:45:34","modified_gmt":"2025-12-31T18:45:34","slug":"linjedetektor-ax-70tn","status":"publish","type":"product","link":"https:\/\/secureus.se\/fr\/linjedetektor-ax-70tn\/","title":{"rendered":"Optex \u2013 D\u00e9tecteur de ligne AX-70TN"},"content":{"rendered":"<h1>L&#039;Optex AX-70TN est un d\u00e9tecteur de ligne de haute qualit\u00e9 qui offre une fiabilit\u00e9 et des performances exceptionnelles pour la surveillance ext\u00e9rieure.<\/h1>\n<p>\u00c9quip\u00e9 de doubles faisceaux lin\u00e9aires synchronis\u00e9s, il peut d\u00e9tecter efficacement les mouvements sur une distance allant jusqu&#039;\u00e0 20 m\u00e8tres.<\/p>\n<p>Cela le rend id\u00e9al pour les solutions de s\u00e9curit\u00e9 o\u00f9 il est important de couvrir des zones plus vastes, comme les entr\u00e9es, les b\u00e2timents ou les grandes zones n\u00e9cessitant une surveillance.<\/p>\n<p>Le d\u00e9lai de pr\u00e9-alarme r\u00e9glable permet \u00e0 l&#039;utilisateur de personnaliser la sensibilit\u00e9 et le temps de r\u00e9ponse du d\u00e9tecteur, ce qui est particuli\u00e8rement utile pour \u00e9viter les fausses alarmes provoqu\u00e9es par des mouvements occasionnels qui ne repr\u00e9sentent pas une menace.<\/p>\n<p>Cela fait de l&#039;AX-70TN une option tr\u00e8s flexible pour les propri\u00e9t\u00e9s r\u00e9sidentielles et commerciales.<\/p>\n<p>Le d\u00e9tecteur de ligne dispose d&#039;un relais d&#039;alarme inverseur, ce qui signifie que les utilisateurs peuvent choisir entre des relais normalement ouverts (NO) ou normalement ferm\u00e9s (NC), en fonction des exigences du syst\u00e8me.<\/p>\n<p>Cette fonctionnalit\u00e9 rend l&#039;AX-70TN compatible avec une vari\u00e9t\u00e9 de syst\u00e8mes de s\u00e9curit\u00e9 et offre une plus grande flexibilit\u00e9 d&#039;installation et de fonctionnement.<\/p>\n<p>La facilit\u00e9 d&#039;installation et de r\u00e9glage est un autre avantage de l&#039;Optex AX-70TN. Il est fourni avec un support pour poteau d&#039;un diam\u00e8tre de 32 \u00e0 48 mm, ce qui rend l&#039;installation \u00e0 la fois rapide et s\u00fbre.<\/p>\n<p>Gr\u00e2ce \u00e0 ses dimensions compactes et \u00e0 sa conception conviviale, le d\u00e9tecteur peut \u00eatre rapidement positionn\u00e9 et ajust\u00e9 pour optimiser la zone de d\u00e9tection.<\/p>\n<p>L&#039;AX-70TN est con\u00e7u pour r\u00e9sister aux conditions ext\u00e9rieures difficiles. Il est dot\u00e9 d&#039;un indice IP65, ce qui signifie qu&#039;il est prot\u00e9g\u00e9 contre la poussi\u00e8re et l&#039;eau, ce qui le rend robuste et fiable m\u00eame dans des conditions m\u00e9t\u00e9orologiques difficiles.<\/p>\n<p>Sa sp\u00e9cification de temp\u00e9rature, qui s&#039;\u00e9tend de -40\u00b0C \u00e0 +60\u00b0C, le rend utile aussi bien dans les climats froids que chauds. Pour une utilisation dans des environnements froids, un \u00e9l\u00e9ment chauffant est recommand\u00e9 pour garantir les meilleures performances possibles.<\/p>\n<p>Avec une consommation de courant de 38 \u00e0 45 mA (pour l&#039;\u00e9metteur et le r\u00e9cepteur) et une plage de tension de 10,5 \u00e0 28 VDC, l&#039;AX-70TN est \u00e9conome en \u00e9nergie et s&#039;int\u00e8gre bien dans divers syst\u00e8mes de s\u00e9curit\u00e9, tout en conservant un haut niveau de performance et de fiabilit\u00e9. .<\/p>\n<p><strong>Avantages de l&#039;Optex AX-70TN :<\/strong><\/p>\n<ul>\n<li><strong>Port\u00e9e:<\/strong> Jusqu&#039;\u00e0 20 m\u00e8tres en ext\u00e9rieur, parfait pour les grandes surfaces.<\/li>\n<li><strong>R\u00e9glage de la p\u00e9riode d&#039;alarme\u00a0:<\/strong> Ajustez le temps de r\u00e9ponse du d\u00e9tecteur pour filtrer les mouvements ind\u00e9sirables.<\/li>\n<li><strong>Relais d&#039;alarme de commutation (NC\/NO)\u00a0:<\/strong> Connexion flexible \u00e0 divers syst\u00e8mes de s\u00e9curit\u00e9.<\/li>\n<li><strong>Indice IP65\u00a0:<\/strong> R\u00e9sistant \u00e0 la poussi\u00e8re et \u00e0 l&#039;eau pour une utilisation fiable en ext\u00e9rieur.<\/li>\n<li><strong>Large r\u00e9sistance \u00e0 la temp\u00e9rature\u00a0:<\/strong> Temp\u00e9rature de fonctionnement de -40\u00b0C \u00e0 +60\u00b0C.<\/li>\n<li><strong>Installation facile :<\/strong> Support pour poteau inclus pour une installation rapide et s\u00e9curitaire.<\/li>\n<\/ul>\n<p><strong>Sp\u00e9cifications techniques\u00a0:<\/strong><\/p>\n<ul>\n<li><strong>Port\u00e9e:<\/strong> Jusqu&#039;\u00e0 20 m\u00e8tres en ext\u00e9rieur<\/li>\n<li><strong>Alimentation\u00a0:<\/strong> 10,5 \u2013 28 VCC<\/li>\n<li><strong>Consommation d&#039;\u00e9nergie\u00a0:<\/strong> 38-45mA<\/li>\n<li><strong>Relais d&#039;alarme\u00a0:<\/strong> Alternance NC\/NO<\/li>\n<li><strong>Dimensions (HxLxP)\u00a0:<\/strong> 170 x 65 x 69,5 mm<\/li>\n<li><strong>Plage de temp\u00e9rature\u00a0:<\/strong> -40\u00b0C \u00e0 +60\u00b0C (\u00e9l\u00e9ment chauffant recommand\u00e9 \u00e0 des temp\u00e9ratures plus basses)<\/li>\n<li><strong>Enceinte:<\/strong> IP65 \u2013 R\u00e9sistant \u00e0 l&#039;eau et prot\u00e9g\u00e9 contre la poussi\u00e8re<\/li>\n<li><strong>Support de montage\u00a0:<\/strong> Pour m\u00e2t \u2300 32-48 mm<\/li>\n<li><strong>Poids:<\/strong> 540g<\/li>\n<\/ul>","protected":false},"excerpt":{"rendered":"<p>L&#039;Optex AX-70TN est un d\u00e9tecteur de ligne avec deux faisceaux lin\u00e9aires synchronis\u00e9s et une port\u00e9e allant jusqu&#039;\u00e0 20 m\u00e8tres en ext\u00e9rieur.<\/p>\n<p>Il dispose d&#039;une p\u00e9riode de pr\u00e9-alarme r\u00e9glable et d&#039;un relais d&#039;alarme \u00e0 bascule, ce qui en fait un choix flexible et fiable pour les applications de s\u00e9curit\u00e9.<\/p>","protected":false},"featured_media":144938,"template":"","meta":{"_acf_changed":false},"product_brand":[],"product_cat":[1325],"product_tag":[2147],"class_list":{"0":"post-144942","1":"product","2":"type-product","3":"status-publish","4":"has-post-thumbnail","6":"product_cat-larmgivare-skalskydd","7":"product_tag-rorelsedetektor-utomhus","8":"product_shipping_class-tunga-paket","9":"pa_brands-optex","10":"tm-no-options","12":"first","13":"instock","14":"featured","15":"taxable","16":"shipping-taxable","17":"purchasable","18":"product-type-simple"},"acf":[],"_links":{"self":[{"href":"https:\/\/secureus.se\/fr\/wp-json\/wp\/v2\/product\/144942","targetHints":{"allow":["GET"]}}],"collection":[{"href":"https:\/\/secureus.se\/fr\/wp-json\/wp\/v2\/product"}],"about":[{"href":"https:\/\/secureus.se\/fr\/wp-json\/wp\/v2\/types\/product"}],"wp:featuredmedia":[{"embeddable":true,"href":"https:\/\/secureus.se\/fr\/wp-json\/wp\/v2\/media\/144938"}],"wp:attachment":[{"href":"https:\/\/secureus.se\/fr\/wp-json\/wp\/v2\/media?parent=144942"}],"wp:term":[{"taxonomy":"product_brand","embeddable":true,"href":"https:\/\/secureus.se\/fr\/wp-json\/wp\/v2\/product_brand?post=144942"},{"taxonomy":"product_cat","embeddable":true,"href":"https:\/\/secureus.se\/fr\/wp-json\/wp\/v2\/product_cat?post=144942"},{"taxonomy":"product_tag","embeddable":true,"href":"https:\/\/secureus.se\/fr\/wp-json\/wp\/v2\/product_tag?post=144942"}],"curies":[{"name":"wp","href":"https:\/\/api.w.org\/{rel}","templated":true}]}}