{"id":145038,"date":"2022-03-10T15:48:00","date_gmt":"2022-03-10T14:48:00","guid":{"rendered":"https:\/\/secureus.se\/linjedetektor-ax-200tn\/"},"modified":"2025-12-31T19:41:09","modified_gmt":"2025-12-31T18:41:09","slug":"linjedetektor-ax-200tn","status":"publish","type":"product","link":"https:\/\/secureus.se\/fr\/linjedetektor-ax-200tn\/","title":{"rendered":"Optex \u2013 D\u00e9tecteur de ligne AX-200TN"},"content":{"rendered":"<div class=\"value\">\n<div class=\"value\">\n<h1>L&#039;Optex AX-200TN est un d\u00e9tecteur de ligne professionnel qui utilise des faisceaux lin\u00e9aires doubles synchronis\u00e9s pour offrir un haut niveau de s\u00e9curit\u00e9 et une d\u00e9tection pr\u00e9cise.<\/h1>\n<p>Avec une port\u00e9e allant jusqu&#039;\u00e0 60 m\u00e8tres en ext\u00e9rieur, ce d\u00e9tecteur est id\u00e9al pour couvrir de grandes zones et de longues distances. Sa conception le rend particuli\u00e8rement adapt\u00e9 \u00e0 une utilisation dans les syst\u00e8mes de s\u00e9curit\u00e9 o\u00f9 des exigences plus \u00e9lev\u00e9es en mati\u00e8re de pr\u00e9cision et de fiabilit\u00e9 de d\u00e9tection sont n\u00e9cessaires.<\/p>\n<p>Le d\u00e9lai de pr\u00e9-alarme r\u00e9glable permet d&#039;adapter la r\u00e9ponse du d\u00e9tecteur en fonction du besoin de d\u00e9tection. Ceci est particuli\u00e8rement utile lorsqu\u2019il est n\u00e9cessaire de filtrer les mouvements ou perturbations inutiles dans la zone.<\/p>\n<p>Le d\u00e9tecteur de ligne est \u00e9quip\u00e9 de relais d&#039;alarme altern\u00e9s, ce qui offre une flexibilit\u00e9 dans la configuration du syst\u00e8me et le rend compatible avec diff\u00e9rentes solutions de s\u00e9curit\u00e9.<\/p>\n<p>Une installation et un r\u00e9glage faciles signifient que vous pouvez rapidement configurer et adapter l&#039;AX-200TN \u00e0 votre syst\u00e8me de s\u00e9curit\u00e9. Ses dimensions compactes de 170x65x69,5 mm facilitent son int\u00e9gration dans diff\u00e9rents environnements.<\/p>\n<p>Pour garantir des performances stables m\u00eame dans des conditions m\u00e9t\u00e9orologiques extr\u00eames, l&#039;AX-200TN dispose d&#039;un bo\u00eetier class\u00e9 IP65, ce qui signifie qu&#039;il est prot\u00e9g\u00e9 contre la poussi\u00e8re et l&#039;eau, et donc id\u00e9al pour une utilisation en ext\u00e9rieur.<\/p>\n<p>Le d\u00e9tecteur fonctionne sur une plage de tension de 10,5 \u00e0 28 VDC et consomme un courant compris entre 38 et 45 mA, ce qui le rend \u00e9conome en \u00e9nergie et facile \u00e0 int\u00e9grer \u00e0 d&#039;autres appareils de votre syst\u00e8me de s\u00e9curit\u00e9.<\/p>\n<p>La temp\u00e9rature \u00e0 laquelle l&#039;AX-200TN peut fonctionner varie de -40\u00b0C \u00e0 +60\u00b0C, ce qui le rend adapt\u00e9 \u00e0 une utilisation m\u00eame dans des climats tr\u00e8s froids ou tr\u00e8s chauds. Pour am\u00e9liorer les performances par grand froid, un \u00e9l\u00e9ment chauffant est recommand\u00e9.<\/p>\n<p>L&#039;AX-200TN est fourni avec un post mount (\u2300 32-48mm), ce qui facilite l&#039;installation et permet de le placer de mani\u00e8re stable pour la meilleure d\u00e9tection possible.<\/p>\n<p><strong>Avantages de l&#039;Optex AX-200TN\u00a0:<\/strong><\/p>\n<ul>\n<li><strong>Longue port\u00e9e\u00a0:<\/strong> Jusqu&#039;\u00e0 60 m\u00e8tres en ext\u00e9rieur, parfait pour couvrir des zones vastes et allong\u00e9es.<\/li>\n<li><strong>R\u00e9glage de la p\u00e9riode d&#039;alarme\u00a0:<\/strong> Ajustez la p\u00e9riode de pr\u00e9-alarme pour filtrer les mouvements et perturbations ind\u00e9sirables.<\/li>\n<li><strong>Relais d&#039;alarme altern\u00e9\u00a0:<\/strong> Offre la possibilit\u00e9 de choisir entre des relais NC et NO pour une compatibilit\u00e9 accrue avec diff\u00e9rents syst\u00e8mes de s\u00e9curit\u00e9.<\/li>\n<li><strong>Haute durabilit\u00e9 :<\/strong> Class\u00e9 IP65 pour r\u00e9sister aux \u00e9l\u00e9ments, ce qui en fait une solution fiable pour une utilisation en ext\u00e9rieur.<\/li>\n<li><strong>Large tol\u00e9rance de temp\u00e9rature\u00a0:<\/strong> Temp\u00e9rature de fonctionnement de -40\u00b0C \u00e0 +60\u00b0C, ce qui le rend utile dans diff\u00e9rentes conditions climatiques.<\/li>\n<li><strong>Installation facile :<\/strong> Installation rapide et facile avec le support de poteau inclus.<\/li>\n<\/ul>\n<p><strong>Sp\u00e9cifications techniques\u00a0:<\/strong><\/p>\n<ul>\n<li><strong>Port\u00e9e:<\/strong> Jusqu&#039;\u00e0 60 m\u00e8tres en ext\u00e9rieur<\/li>\n<li><strong>Alimentation\u00a0:<\/strong> 10,5 \u2013 28 VCC<\/li>\n<li><strong>Consommation \u00e9lectrique (\u00e9metteur + r\u00e9cepteur)\u00a0:<\/strong> 38-45mA<\/li>\n<li><strong>Relais d&#039;alarme\u00a0:<\/strong> Alternance NC\/NO<\/li>\n<li><strong>Dimensions (HxLxP)\u00a0:<\/strong> 170 x 65 x 69,5 mm<\/li>\n<li><strong>Plage de temp\u00e9rature\u00a0:<\/strong> -40\u00b0C \u00e0 +60\u00b0C (\u00e9l\u00e9ment chauffant recommand\u00e9 \u00e0 des temp\u00e9ratures plus basses)<\/li>\n<li><strong>Enceinte:<\/strong> IP65 \u2013 R\u00e9sistant \u00e0 l&#039;eau et prot\u00e9g\u00e9 contre la poussi\u00e8re<\/li>\n<li><strong>Support de montage\u00a0:<\/strong> Pour m\u00e2t \u2300 32-48 mm<\/li>\n<li><strong>Poids:<\/strong> 540g<\/li>\n<\/ul>\n<\/div>\n<\/div>","protected":false},"excerpt":{"rendered":"<p>L&#039;Optex AX-200TN est un d\u00e9tecteur de ligne avanc\u00e9 avec deux faisceaux lin\u00e9aires synchronis\u00e9s, id\u00e9al pour une utilisation en ext\u00e9rieur avec une port\u00e9e impressionnante de 60 m\u00e8tres.<\/p>\n<p>Avec une installation et un r\u00e9glage faciles, ce d\u00e9tecteur offre une s\u00e9curit\u00e9 fiable et efficace pour les grandes surfaces.<\/p>","protected":false},"featured_media":145037,"template":"","meta":{"_acf_changed":false},"product_brand":[],"product_cat":[1325],"product_tag":[2147],"class_list":{"0":"post-145038","1":"product","2":"type-product","3":"status-publish","4":"has-post-thumbnail","6":"product_cat-larmgivare-skalskydd","7":"product_tag-rorelsedetektor-utomhus","8":"product_shipping_class-tunga-paket","9":"pa_brands-optex","10":"tm-no-options","12":"first","13":"instock","14":"featured","15":"taxable","16":"shipping-taxable","17":"purchasable","18":"product-type-simple"},"acf":[],"_links":{"self":[{"href":"https:\/\/secureus.se\/fr\/wp-json\/wp\/v2\/product\/145038","targetHints":{"allow":["GET"]}}],"collection":[{"href":"https:\/\/secureus.se\/fr\/wp-json\/wp\/v2\/product"}],"about":[{"href":"https:\/\/secureus.se\/fr\/wp-json\/wp\/v2\/types\/product"}],"wp:featuredmedia":[{"embeddable":true,"href":"https:\/\/secureus.se\/fr\/wp-json\/wp\/v2\/media\/145037"}],"wp:attachment":[{"href":"https:\/\/secureus.se\/fr\/wp-json\/wp\/v2\/media?parent=145038"}],"wp:term":[{"taxonomy":"product_brand","embeddable":true,"href":"https:\/\/secureus.se\/fr\/wp-json\/wp\/v2\/product_brand?post=145038"},{"taxonomy":"product_cat","embeddable":true,"href":"https:\/\/secureus.se\/fr\/wp-json\/wp\/v2\/product_cat?post=145038"},{"taxonomy":"product_tag","embeddable":true,"href":"https:\/\/secureus.se\/fr\/wp-json\/wp\/v2\/product_tag?post=145038"}],"curies":[{"name":"wp","href":"https:\/\/api.w.org\/{rel}","templated":true}]}}