{"id":145145,"date":"2022-03-10T15:47:00","date_gmt":"2022-03-10T14:47:00","guid":{"rendered":"https:\/\/secureus.se\/vibrationsdetektor-cd400-alarmtech\/"},"modified":"2025-12-31T19:43:46","modified_gmt":"2025-12-31T18:43:46","slug":"vibrationsdetektor-cd400-alarmtech","status":"publish","type":"product","link":"https:\/\/secureus.se\/fr\/vibrationsdetektor-cd400-alarmtech\/","title":{"rendered":"D\u00e9tecteur de vibrations CD400 Alarmtech"},"content":{"rendered":"<p>Le d\u00e9tecteur de chocs CD 400 offre une protection fiable des fen\u00eatres, des portes et des murs en mat\u00e9riaux plus souples contre les outils de cambriolage \u00e0 forte force. Il dispose d\u2019un traitement num\u00e9rique du signal avec un algorithme de d\u00e9tection avanc\u00e9. Cela signifie que le d\u00e9tecteur poss\u00e8de une capacit\u00e9 de d\u00e9tection \u00e9lev\u00e9e et une immunit\u00e9 \u00e9lev\u00e9e aux perturbations de l&#039;environnement. La sensibilit\u00e9 du d\u00e9tecteur CD 400 peut \u00eatre facilement ajust\u00e9e via un potentiom\u00e8tre.<\/p>\n<p>Donn\u00e9es de contact100 mA max, 50 V max, Rs 30 Ohm<\/p>\n<p>Protection anti-effractionOui Connexion Bornier \u00e0 vis Bo\u00eetier Plastique ABS Couleur Blanc<\/p>\n<p>Temp\u00e9rature de fonctionnement -10 \u00e0 +70\u00b0C<\/p>\n<p>Classe de protection IP 42 Dimensions (LxLxH) mm91x31x23<\/p>\n<p>Poids kg0,051<\/p>\n<p>Consommation de courant au repos 9 mA Consommation de courant pendant l&#039;alarme 11 mA<\/p>\n<p>Sortie d&#039;alarme Relais, NC LED d&#039;indication d&#039;alarme<\/p>","protected":false},"excerpt":{"rendered":"<p>Produits du march\u00e9 professionnel - Alarmtech - Prix toujours bas<\/p>","protected":false},"featured_media":145143,"template":"","meta":{"_acf_changed":false},"product_brand":[],"product_cat":[3085],"product_tag":[2418],"class_list":{"0":"post-145145","1":"product","2":"type-product","3":"status-publish","4":"has-post-thumbnail","6":"product_cat-vibationsdetektorer-glaskrossdetektorer","7":"product_tag-rel-larmgivare","8":"product_shipping_class-postnord-varubrev","9":"pa_brands-alarmtech","10":"tm-no-options","12":"first","13":"instock","14":"featured","15":"taxable","16":"shipping-taxable","17":"purchasable","18":"product-type-simple"},"acf":[],"_links":{"self":[{"href":"https:\/\/secureus.se\/fr\/wp-json\/wp\/v2\/product\/145145","targetHints":{"allow":["GET"]}}],"collection":[{"href":"https:\/\/secureus.se\/fr\/wp-json\/wp\/v2\/product"}],"about":[{"href":"https:\/\/secureus.se\/fr\/wp-json\/wp\/v2\/types\/product"}],"wp:featuredmedia":[{"embeddable":true,"href":"https:\/\/secureus.se\/fr\/wp-json\/wp\/v2\/media\/145143"}],"wp:attachment":[{"href":"https:\/\/secureus.se\/fr\/wp-json\/wp\/v2\/media?parent=145145"}],"wp:term":[{"taxonomy":"product_brand","embeddable":true,"href":"https:\/\/secureus.se\/fr\/wp-json\/wp\/v2\/product_brand?post=145145"},{"taxonomy":"product_cat","embeddable":true,"href":"https:\/\/secureus.se\/fr\/wp-json\/wp\/v2\/product_cat?post=145145"},{"taxonomy":"product_tag","embeddable":true,"href":"https:\/\/secureus.se\/fr\/wp-json\/wp\/v2\/product_tag?post=145145"}],"curies":[{"name":"wp","href":"https:\/\/api.w.org\/{rel}","templated":true}]}}