{"id":145566,"date":"2022-03-10T15:26:00","date_gmt":"2022-03-10T14:26:00","guid":{"rendered":"https:\/\/secureus.se\/stor-pase-170x230-aterforslutningsbarskrivfalt-25-pack\/"},"modified":"2025-12-31T19:37:09","modified_gmt":"2025-12-31T18:37:09","slug":"stor-pase-170x230-aterforslutningsbarskrivfalt-25-pack","status":"publish","type":"product","link":"https:\/\/secureus.se\/fr\/stor-pase-170x230-aterforslutningsbarskrivfalt-25-pack\/","title":{"rendered":"Grand sac 25-Pack 170\u00d7230 refermable + champ inscriptible ("},"content":{"rendered":"<div>\n<p>Les sacs Ziplock sont parfaits lorsque vous souhaitez sceller, ouvrir et refermer facilement un sac.<\/p>\n<ul>\n<li>Les sacs \u00e0 fermeture \u00e9clair sont fabriqu\u00e9s en poly\u00e9thyl\u00e8ne respectueux de l&#039;environnement et \u00e9quip\u00e9s d&#039;une fermeture \u00e9clair.<\/li>\n<li>Livr\u00e9 avec trou perc\u00e9 de 6 mm au dessus de la fermeture.<\/li>\n<li>Livr\u00e9 avec un champ d&#039;\u00e9criture o\u00f9 vous pouvez remplir ce qu&#039;il contient.<\/li>\n<li>Livr\u00e9 en 25 paquets&nbsp;<\/li>\n<\/ul>\n<\/div>","protected":false},"excerpt":{"rendered":"<p>Blixl&aring;sp&aring;sar &auml;r bra n&auml;r du enkelt vill f&ouml;rsluta, &ouml;ppna och &aring;terf&ouml;rsluta en p&aring;se. Blixtl&aring;sp&aring;sarna &auml;r tillverkad av milj&ouml;v&auml;nlig polyeten och f&ouml;rsedda med blixtl&aring;s. Levereras med utstansat h&aring;l, 6 mm, &ouml;ver<\/p>","protected":false},"featured_media":145565,"template":"","meta":{"_acf_changed":false},"product_brand":[],"product_cat":[1692],"product_tag":[],"class_list":{"0":"post-145566","1":"product","2":"type-product","3":"status-publish","4":"has-post-thumbnail","6":"product_cat-kortklamma-montering","7":"product_shipping_class-postnord-varubrev","8":"pa_brands-stonehouse-security","9":"pa_rfid-tillbehor-clips-montering","10":"tm-no-options","12":"first","13":"instock","14":"featured","15":"taxable","16":"shipping-taxable","17":"purchasable","18":"product-type-simple"},"acf":[],"_links":{"self":[{"href":"https:\/\/secureus.se\/fr\/wp-json\/wp\/v2\/product\/145566","targetHints":{"allow":["GET"]}}],"collection":[{"href":"https:\/\/secureus.se\/fr\/wp-json\/wp\/v2\/product"}],"about":[{"href":"https:\/\/secureus.se\/fr\/wp-json\/wp\/v2\/types\/product"}],"wp:featuredmedia":[{"embeddable":true,"href":"https:\/\/secureus.se\/fr\/wp-json\/wp\/v2\/media\/145565"}],"wp:attachment":[{"href":"https:\/\/secureus.se\/fr\/wp-json\/wp\/v2\/media?parent=145566"}],"wp:term":[{"taxonomy":"product_brand","embeddable":true,"href":"https:\/\/secureus.se\/fr\/wp-json\/wp\/v2\/product_brand?post=145566"},{"taxonomy":"product_cat","embeddable":true,"href":"https:\/\/secureus.se\/fr\/wp-json\/wp\/v2\/product_cat?post=145566"},{"taxonomy":"product_tag","embeddable":true,"href":"https:\/\/secureus.se\/fr\/wp-json\/wp\/v2\/product_tag?post=145566"}],"curies":[{"name":"wp","href":"https:\/\/api.w.org\/{rel}","templated":true}]}}