{"id":145569,"date":"2022-03-10T15:48:00","date_gmt":"2022-03-10T14:48:00","guid":{"rendered":"https:\/\/secureus.se\/optex-ax-130tn-linjedetektor\/"},"modified":"2025-12-31T19:43:16","modified_gmt":"2025-12-31T18:43:16","slug":"optex-ax-130tn-linjedetektor","status":"publish","type":"product","link":"https:\/\/secureus.se\/fr\/optex-ax-130tn-linjedetektor\/","title":{"rendered":"D\u00e9tecteur de ligne Optex AX-130TN"},"content":{"rendered":"<h1>L&#039;Optex AX-130TN est un d\u00e9tecteur de ligne avanc\u00e9 qui utilise deux faisceaux lin\u00e9aires synchronis\u00e9s pour cr\u00e9er un syst\u00e8me de s\u00e9curit\u00e9 efficace pour surveiller de vastes zones.<\/h1>\n<p>Il est sp\u00e9cialement con\u00e7u pour \u00eatre utilis\u00e9 dans des environnements ext\u00e9rieurs avec une port\u00e9e impressionnante allant jusqu&#039;\u00e0 40 m\u00e8tres, ce qui le rend id\u00e9al pour prot\u00e9ger de grandes propri\u00e9t\u00e9s, des enclos, des cours ou d&#039;autres zones o\u00f9 les d\u00e9tecteurs traditionnels ne suffisent pas.<\/p>\n<p>Le d\u00e9tecteur est \u00e9quip\u00e9 de temporisations r\u00e9glables avant le d\u00e9clenchement d&#039;une alarme, ce qui permet d&#039;adapter le syst\u00e8me aux besoins sp\u00e9cifiques et de r\u00e9duire le risque de fausses alarmes.<\/p>\n<p>L&#039;AX-130TN propose des relais d&#039;alarme normalement ouverts (NO) et normalement ferm\u00e9s (NC), offrant une flexibilit\u00e9 en fonction du syst\u00e8me d&#039;alarme et de s\u00e9curit\u00e9 sp\u00e9cifique utilis\u00e9.<\/p>\n<p>L&#039;une des caract\u00e9ristiques les plus importantes de l&#039;Optex AX-130TN est sa qualit\u00e9 de construction robuste.<\/p>\n<p>Il dispose d&#039;un bo\u00eetier IP65, ce qui signifie qu&#039;il est prot\u00e9g\u00e9 \u00e0 la fois contre la poussi\u00e8re et l&#039;eau, ce qui en fait une solution fiable m\u00eame dans des conditions m\u00e9t\u00e9orologiques difficiles.<\/p>\n<p>Il fonctionne dans une plage de temp\u00e9ratures allant de -40\u00b0C \u00e0 +60\u00b0C, ce qui le rend id\u00e9al pour une utilisation dans les climats froids en hiver ou dans les \u00e9t\u00e9s chauds.<\/p>\n<p>Pour garantir un fonctionnement optimal par temps extr\u00eamement froid, un \u00e9l\u00e9ment chauffant est recommand\u00e9.<\/p>\n<p>L&#039;installation de l&#039;AX-130TN est rapide et facile. Un support pour poteau (\u2300 32\u201348 mm) est inclus, ce qui signifie que le d\u00e9tecteur peut \u00eatre facilement mont\u00e9 sur un poteau ou une autre structure stable.<\/p>\n<p>Cela permet de configurer rapidement et efficacement le d\u00e9tecteur de ligne pour surveiller et prot\u00e9ger la propri\u00e9t\u00e9.<\/p>\n<p>Avec une consommation de courant de 38 \u00e0 45 mA (pour l&#039;\u00e9metteur et le r\u00e9cepteur) et une plage de tension de 10,5 \u00e0 28 VDC, l&#039;AX-130TN est \u00e0 la fois \u00e9conome en \u00e9nergie et fiable.<\/p>\n<p>Le d\u00e9tecteur est un excellent choix pour les syst\u00e8mes de s\u00e9curit\u00e9 qui n\u00e9cessitent une d\u00e9tection fiable et pr\u00e9cise sur de grandes distances.<\/p>\n<p><strong>Sp\u00e9cifications techniques\u00a0:<\/strong><\/p>\n<ul>\n<li><strong>Port\u00e9e:<\/strong> Jusqu&#039;\u00e0 40 m\u00e8tres (en ext\u00e9rieur)<\/li>\n<li><strong>Alarme:<\/strong> P\u00e9riode r\u00e9glable avant le d\u00e9clenchement de l&#039;alarme<\/li>\n<li><strong>Relais d&#039;alarme\u00a0:<\/strong> Alternance NC\/NO<\/li>\n<li><strong>tension:<\/strong> 10,5 \u2013 28 VCC<\/li>\n<li><strong>Actuel:<\/strong> 38-45 mA (\u00e9metteur + r\u00e9cepteur)<\/li>\n<li><strong>Plage de temp\u00e9rature\u00a0:<\/strong> -40\u00b0C \u00e0 +60\u00b0C (\u00e9l\u00e9ment chauffant recommand\u00e9)<\/li>\n<li><strong>Enceinte:<\/strong> IP65 (\u00e9tanche \u00e0 la poussi\u00e8re et \u00e0 l&#039;eau)<\/li>\n<li><strong>Support pour poteau\u00a0:<\/strong> \u2300 32\u201348 mm inclus<\/li>\n<li><strong>Montage:<\/strong> Installation et r\u00e9glage faciles<\/li>\n<\/ul>\n<p><strong>Avantages :<\/strong><\/p>\n<ul>\n<li>D\u00e9tection fiable et pr\u00e9cise avec deux faisceaux lin\u00e9aires synchronis\u00e9s.<\/li>\n<li>Longue port\u00e9e jusqu&#039;\u00e0 40 m\u00e8tres en ext\u00e9rieur.<\/li>\n<li>Personnalisable pour diff\u00e9rents param\u00e8tres de s\u00e9curit\u00e9 avec des d\u00e9lais d&#039;alarme r\u00e9glables.<\/li>\n<li>Propri\u00e9t\u00e9s robustes de r\u00e9sistance aux intemp\u00e9ries avec protection IP65 et r\u00e9sistance \u00e0 la temp\u00e9rature.<\/li>\n<li>Installation simple avec support sur poteau et facilement r\u00e9glable pour une couverture optimale.<\/li>\n<\/ul>","protected":false},"excerpt":{"rendered":"<p>D\u00e9tecteur de ligne Optex AX-130TN \u2013 Un d\u00e9tecteur de ligne fiable avec deux faisceaux de lignes synchronis\u00e9s, con\u00e7u pour offrir une haute s\u00e9curit\u00e9 avec une port\u00e9e allant jusqu&#039;\u00e0 40 m\u00e8tres en ext\u00e9rieur.<\/p>\n<p>Installation et r\u00e9glage faciles pour garantir une d\u00e9tection pr\u00e9cise.<\/p>","protected":false},"featured_media":145568,"template":"","meta":{"_acf_changed":false},"product_brand":[],"product_cat":[1325],"product_tag":[2147],"class_list":{"0":"post-145569","1":"product","2":"type-product","3":"status-publish","4":"has-post-thumbnail","6":"product_cat-larmgivare-skalskydd","7":"product_tag-rorelsedetektor-utomhus","8":"product_shipping_class-tunga-paket","9":"pa_brands-optex","10":"tm-no-options","12":"first","13":"instock","14":"featured","15":"taxable","16":"shipping-taxable","17":"purchasable","18":"product-type-simple"},"acf":[],"_links":{"self":[{"href":"https:\/\/secureus.se\/fr\/wp-json\/wp\/v2\/product\/145569","targetHints":{"allow":["GET"]}}],"collection":[{"href":"https:\/\/secureus.se\/fr\/wp-json\/wp\/v2\/product"}],"about":[{"href":"https:\/\/secureus.se\/fr\/wp-json\/wp\/v2\/types\/product"}],"wp:featuredmedia":[{"embeddable":true,"href":"https:\/\/secureus.se\/fr\/wp-json\/wp\/v2\/media\/145568"}],"wp:attachment":[{"href":"https:\/\/secureus.se\/fr\/wp-json\/wp\/v2\/media?parent=145569"}],"wp:term":[{"taxonomy":"product_brand","embeddable":true,"href":"https:\/\/secureus.se\/fr\/wp-json\/wp\/v2\/product_brand?post=145569"},{"taxonomy":"product_cat","embeddable":true,"href":"https:\/\/secureus.se\/fr\/wp-json\/wp\/v2\/product_cat?post=145569"},{"taxonomy":"product_tag","embeddable":true,"href":"https:\/\/secureus.se\/fr\/wp-json\/wp\/v2\/product_tag?post=145569"}],"curies":[{"name":"wp","href":"https:\/\/api.w.org\/{rel}","templated":true}]}}