{"id":145678,"date":"2022-03-10T14:57:00","date_gmt":"2022-03-10T13:57:00","guid":{"rendered":"https:\/\/secureus.se\/risco-agility-gsm-gprs-3g-modul\/"},"modified":"2026-01-17T19:56:16","modified_gmt":"2026-01-17T18:56:16","slug":"risco-agility-gsm-gprs-3g-modul","status":"publish","type":"product","link":"https:\/\/secureus.se\/fr\/risco-agility-gsm-gprs-3g-modul\/","title":{"rendered":"MODULE GSM\/GPRS 3G Risco Agilit\u00e9"},"content":{"rendered":"<div>\n<h1>MODULE GSM\/GPRS 3G Risco Agilit\u00e9<\/h1>\n<p data-start=\"484\" data-end=\"886\">Le module GSM\/GPRS 3G Risco Agility (mod. RW132G30000) est une solution de carte enfichable qui ajoute des capacit\u00e9s de communication via le r\u00e9seau GSM\/GPRS au syst\u00e8me de s\u00e9curit\u00e9 Agility.<\/p>\n<p data-start=\"484\" data-end=\"886\">Ce module permet au syst\u00e8me Agility 3 d&#039;envoyer des alarmes et des \u00e9v\u00e9nements syst\u00e8me aux personnes de contact via SMS ou num\u00e9rotation vocale, ainsi que de transmettre des alarmes aux centres d&#039;alarme dans des formats traditionnels tels que ContactID ou SIA.<\/p>\n<p data-start=\"888\" data-end=\"1266\">Lors de l&#039;installation d&#039;Agility 3, le syst\u00e8me est livr\u00e9 avec une carte r\u00e9seau pour la connexion \u00e0 Risco Cloud, mais pour pouvoir transmettre des alarmes via GSM\/GPRS et utiliser les formats d&#039;alarme traditionnels, cette carte enfichable doit \u00eatre install\u00e9e.<\/p>\n<p data-start=\"888\" data-end=\"1266\">Cela permet \u00e0 l&#039;utilisateur de disposer d&#039;un syst\u00e8me capable de communiquer via GSM\/GPRS si la communication num\u00e9rique ou IP n&#039;est pas disponible.<\/p>\n<p data-start=\"1268\" data-end=\"1584\">Le module GSM\/GPRS 3G Risco Agility permet au syst\u00e8me d&#039;envoyer des alarmes avec num\u00e9rotation vocale aux personnes de contact, ce qui facilite la r\u00e9ception rapide d&#039;informations sur les \u00e9v\u00e9nements d&#039;alarme.<\/p>\n<p data-start=\"1268\" data-end=\"1584\">Il existe \u00e9galement la possibilit\u00e9 de contr\u00f4ler \u00e0 distance le syst\u00e8me Agility via un menu vocal, offrant un contr\u00f4le et une commodit\u00e9 suppl\u00e9mentaires.<\/p>\n<p data-start=\"1586\" data-end=\"1921\">La transmission des alarmes aux centres d&#039;alarme peut \u00eatre effectu\u00e9e via GSM aux formats ContactID ou SIA, ainsi que via GPRS au format SIA IP, ce qui rend le module compatible avec une large gamme de centres d&#039;alarme.<\/p>\n<p data-start=\"1586\" data-end=\"1921\">De plus, la connexion \u00e0 Risco Cloud via GPRS signifie que les utilisateurs peuvent toujours surveiller et contr\u00f4ler \u00e0 distance le syst\u00e8me via leurs smartphones et tablettes.<\/p>\n<p data-start=\"1923\" data-end=\"1953\"><strong data-start=\"1923\" data-end=\"1951\">Caract\u00e9ristiques principales :<\/strong><\/p>\n<ul data-start=\"1954\" data-end=\"2669\">\n<li data-start=\"1954\" data-end=\"2054\">\n<p data-start=\"1956\" data-end=\"2054\"><strong data-start=\"1956\" data-end=\"1977\">SMS et alarme vocale :<\/strong> Envoie des SMS et des alertes vocales aux personnes \u00e0 contacter en cas d&#039;\u00e9v\u00e9nements et d&#039;alarmes syst\u00e8me<\/p>\n<\/li>\n<li data-start=\"2055\" data-end=\"2145\">\n<p data-start=\"2057\" data-end=\"2145\"><strong data-start=\"2057\" data-end=\"2077\">Num\u00e9rotation vocale :<\/strong> Num\u00e9rotation vocale pour contacter les personnes en cas d&#039;alarmes et d&#039;\u00e9v\u00e9nements syst\u00e8me<\/p>\n<\/li>\n<li data-start=\"2146\" data-end=\"2215\">\n<p data-start=\"2148\" data-end=\"2215\"><strong data-start=\"2148\" data-end=\"2166\">T\u00e9l\u00e9commande:<\/strong> Menu vocal pour le contr\u00f4le \u00e0 distance du syst\u00e8me Agility<\/p>\n<\/li>\n<li data-start=\"2216\" data-end=\"2333\">\n<p data-start=\"2218\" data-end=\"2333\"><strong data-start=\"2218\" data-end=\"2254\">Transmission d&#039;alarme \u00e0 la centrale d&#039;alarme :<\/strong> Prend en charge les alarmes GSM au format ContactID et SIA, ainsi que les alarmes GPRS au format SIA IP<\/p>\n<\/li>\n<li data-start=\"2334\" data-end=\"2438\">\n<p data-start=\"2336\" data-end=\"2438\"><strong data-start=\"2336\" data-end=\"2368\">Connexion \u00e0 Risco Cloud :<\/strong> Permet la connexion \u00e0 Risco Cloud via GPRS pour la surveillance \u00e0 distance<\/p>\n<\/li>\n<li data-start=\"2439\" data-end=\"2536\">\n<p data-start=\"2441\" data-end=\"2536\"><strong data-start=\"2441\" data-end=\"2460\">Compatibilit\u00e9:<\/strong> Peut \u00eatre utilis\u00e9 pour ajouter une communication GSM\/GPRS au syst\u00e8me Agility<\/p>\n<\/li>\n<li data-start=\"2537\" data-end=\"2669\">\n<p data-start=\"2539\" data-end=\"2669\"><strong data-start=\"2539\" data-end=\"2575\">Non cumulable avec Risco Cloud :<\/strong> La transmission d&#039;alarme GSM\/GPRS ne peut pas \u00eatre utilis\u00e9e simultan\u00e9ment avec la connexion Risco Cloud sur ce module<\/p>\n<\/li>\n<\/ul>\n<p data-start=\"2671\" data-end=\"2702\"><strong data-start=\"2671\" data-end=\"2700\">Sp\u00e9cifications techniques\u00a0:<\/strong><\/p>\n<ul data-start=\"2703\" data-end=\"2944\">\n<li data-start=\"2703\" data-end=\"2739\">\n<p data-start=\"2705\" data-end=\"2739\"><strong data-start=\"2705\" data-end=\"2723\">Communication:<\/strong> GSM\/GPRS (3G)<\/p>\n<\/li>\n<li data-start=\"2740\" data-end=\"2795\">\n<p data-start=\"2742\" data-end=\"2795\"><strong data-start=\"2742\" data-end=\"2757\">Format d&#039;alarme :<\/strong> ContactID, SIA (GSM), SIA IP (GPRS)<\/p>\n<\/li>\n<li data-start=\"2796\" data-end=\"2835\">\n<p data-start=\"2798\" data-end=\"2835\"><strong data-start=\"2798\" data-end=\"2816\">T\u00e9l\u00e9commande:<\/strong> Oui, via le menu vocal<\/p>\n<\/li>\n<li data-start=\"2836\" data-end=\"2895\">\n<p data-start=\"2838\" data-end=\"2895\"><strong data-start=\"2838\" data-end=\"2861\">M\u00e9thode d&#039;installation\u00a0:<\/strong> Cartes enfichables dans le syst\u00e8me Agility<\/p>\n<\/li>\n<li data-start=\"2896\" data-end=\"2944\">\n<p data-start=\"2898\" data-end=\"2944\"><strong data-start=\"2898\" data-end=\"2930\">Num\u00e9ro d&#039;article du fournisseur\u00a0:<\/strong> RW132G30000<\/p>\n<\/li>\n<\/ul>\n<p data-start=\"2946\" data-end=\"3217\">Le module Risco Agility GSM\/GPRS 3G offre aux utilisateurs une m\u00e9thode fiable de transmission d&#039;alarme via GSM\/GPRS, ainsi que la possibilit\u00e9 de se connecter au Risco Cloud pour la surveillance \u00e0 distance, ce qui en fait un excellent choix pour les utilisateurs qui ont besoin d&#039;une communication flexible dans leurs syst\u00e8mes de s\u00e9curit\u00e9.<\/p>\n<\/div>","protected":false},"excerpt":{"rendered":"<p>Le module GSM\/GPRS 3G Risco Agility (RW132G30000) est une carte enfichable qui donne au syst\u00e8me Agility la possibilit\u00e9 de communiquer via GSM\/GPRS pour la transmission d&#039;alarme traditionnelle.<\/p>\n<p>Il permet des SMS et des alarmes vocales pour contacter des personnes et la connexion aux centres d&#039;alarme via GSM ou GPRS. Le module prend \u00e9galement en charge la connexion \u00e0 Risco Cloud via GPRS.<\/p>","protected":false},"featured_media":145677,"template":"","meta":{"_acf_changed":false},"product_brand":[],"product_cat":[4882],"product_tag":[],"class_list":{"0":"post-145678","1":"product","2":"type-product","3":"status-publish","4":"has-post-thumbnail","6":"product_cat-agility-v4-3-2","7":"product_shipping_class-postnord-varubrev","8":"pa_brands-4risco","9":"pa_risco-produkter-agility-2","10":"pa_risco-produkter-agility-3","11":"pa_risco-produkter-agility-4","12":"tm-no-options","14":"first","15":"instock","16":"sale","17":"featured","18":"taxable","19":"shipping-taxable","20":"purchasable","21":"product-type-simple"},"acf":[],"_links":{"self":[{"href":"https:\/\/secureus.se\/fr\/wp-json\/wp\/v2\/product\/145678","targetHints":{"allow":["GET"]}}],"collection":[{"href":"https:\/\/secureus.se\/fr\/wp-json\/wp\/v2\/product"}],"about":[{"href":"https:\/\/secureus.se\/fr\/wp-json\/wp\/v2\/types\/product"}],"wp:featuredmedia":[{"embeddable":true,"href":"https:\/\/secureus.se\/fr\/wp-json\/wp\/v2\/media\/145677"}],"wp:attachment":[{"href":"https:\/\/secureus.se\/fr\/wp-json\/wp\/v2\/media?parent=145678"}],"wp:term":[{"taxonomy":"product_brand","embeddable":true,"href":"https:\/\/secureus.se\/fr\/wp-json\/wp\/v2\/product_brand?post=145678"},{"taxonomy":"product_cat","embeddable":true,"href":"https:\/\/secureus.se\/fr\/wp-json\/wp\/v2\/product_cat?post=145678"},{"taxonomy":"product_tag","embeddable":true,"href":"https:\/\/secureus.se\/fr\/wp-json\/wp\/v2\/product_tag?post=145678"}],"curies":[{"name":"wp","href":"https:\/\/api.w.org\/{rel}","templated":true}]}}