{"id":145723,"date":"2024-12-09T13:08:43","date_gmt":"2024-12-09T12:08:43","guid":{"rendered":"https:\/\/secureus.se\/fargband-evolis-r5f208e100-ymcko-colour-ribbon-300-utskrifter\/"},"modified":"2026-04-08T16:59:33","modified_gmt":"2026-04-08T14:59:33","slug":"fargband-evolis-r5f208e100-ymcko-colour-ribbon-300-utskrifter","status":"publish","type":"product","link":"https:\/\/secureus.se\/fr\/fargband-evolis-r5f208e100-ymcko-colour-ribbon-300-utskrifter\/","title":{"rendered":"Ruban de couleur Evolis YMCKO \u2013 300"},"content":{"rendered":"<h1>Ruban<br \/>\n  Evolis YMCKO &#8211; 300<\/h1>\n<p>F\u00e4rgband Evolis YMCKO &#8211; 300 \u00e4r ett f\u00e4rgband f\u00f6r utskrift av<br \/>\n  plastkort med skarpa f\u00e4rger, tydlig text och bra detalj\u00e5tergivning. Bandtypen<br \/>\n  YMCKO ger r\u00e4tt kombination av f\u00e4rgpaneler och skyddande overlay f\u00f6r<br \/>\n  Impression de cartes professionnelle.<\/p>\n<p>Convient aux cartes d&#039;identit\u00e9, cartes d&#039;acc\u00e8s, cartes de membre et autres.<br \/>\n  cartes en plastique o\u00f9 une qualit\u00e9 d&#039;impression et une fiabilit\u00e9 \u00e9lev\u00e9es sont<br \/>\n  important.<\/p>\n<ul>\n<li>Capacit\u00e9 : jusqu&#039;\u00e0 300 impressions<\/li>\n<li>Type de ruban : YMCKO<\/li>\n<li>Artikelnummer: R5F208E100<\/li>\n<\/ul>\n<p><strong>Compatible avec l&#039;imprimante de cartes Evolis Primacy 2<br \/>\n  seulement.<\/strong><\/p>\n<p><strong>Poids du produit :<\/strong> 0,20kg<\/p>","protected":false},"excerpt":{"rendered":"<p>F\u00e4rgband Evolis YMCKO &#8211; 300 F\u00e4rgband Evolis YMCKO &#8211; 300 \u00e4r ett f\u00e4rgband f\u00f6r utskrift av plastkort med skarpa f\u00e4rger, tydlig text och bra detalj\u00e5tergivning. Bandtypen YMCKO ger r\u00e4tt kombination<\/p>","protected":false},"featured_media":145722,"template":"","meta":{"_acf_changed":false},"product_brand":[],"product_cat":[3213,4859],"product_tag":[],"class_list":{"0":"post-145723","1":"product","2":"type-product","3":"status-publish","4":"has-post-thumbnail","6":"product_cat-evolis-fargband-retransfer","7":"product_cat-primacy-2","8":"pa_brands-evolis","9":"tm-has-options","11":"first","12":"instock","13":"sale","14":"taxable","15":"shipping-taxable","16":"purchasable","17":"product-type-simple"},"acf":[],"_links":{"self":[{"href":"https:\/\/secureus.se\/fr\/wp-json\/wp\/v2\/product\/145723","targetHints":{"allow":["GET"]}}],"collection":[{"href":"https:\/\/secureus.se\/fr\/wp-json\/wp\/v2\/product"}],"about":[{"href":"https:\/\/secureus.se\/fr\/wp-json\/wp\/v2\/types\/product"}],"wp:featuredmedia":[{"embeddable":true,"href":"https:\/\/secureus.se\/fr\/wp-json\/wp\/v2\/media\/145722"}],"wp:attachment":[{"href":"https:\/\/secureus.se\/fr\/wp-json\/wp\/v2\/media?parent=145723"}],"wp:term":[{"taxonomy":"product_brand","embeddable":true,"href":"https:\/\/secureus.se\/fr\/wp-json\/wp\/v2\/product_brand?post=145723"},{"taxonomy":"product_cat","embeddable":true,"href":"https:\/\/secureus.se\/fr\/wp-json\/wp\/v2\/product_cat?post=145723"},{"taxonomy":"product_tag","embeddable":true,"href":"https:\/\/secureus.se\/fr\/wp-json\/wp\/v2\/product_tag?post=145723"}],"curies":[{"name":"wp","href":"https:\/\/api.w.org\/{rel}","templated":true}]}}