{"id":145765,"date":"2024-12-10T12:09:33","date_gmt":"2024-12-10T11:09:33","guid":{"rendered":"https:\/\/secureus.se\/?post_type=product&#038;p=145765"},"modified":"2026-03-23T14:51:16","modified_gmt":"2026-03-23T13:51:16","slug":"ajax-larmpaket-start-ethernet","status":"publish","type":"product","link":"https:\/\/secureus.se\/fr\/ajax-larmpaket-start-ethernet\/","title":{"rendered":"Package d&#039;alarme Ajax D\u00e9marrer Ethernet"},"content":{"rendered":"<p><strong>Pack d&#039;alarme Ajax Start Ethernet \u2013 S\u00e9curit\u00e9 fiable pour la maison et l&#039;entreprise<\/strong><\/p>\n<p>Prot\u00e9gez votre maison ou votre entreprise avec Ajax Alarm Package Start Ethernet, un syst\u00e8me d&#039;alarme sans fil con\u00e7u pour vous offrir tranquillit\u00e9 d&#039;esprit et flexibilit\u00e9. Avec une unit\u00e9 centrale qui se connecte via Ethernet et des d\u00e9tecteurs avanc\u00e9s qui peuvent \u00eatre \u00e9tendus selon les besoins, ce package est un d\u00e9but id\u00e9al pour toute solution de s\u00e9curit\u00e9.<\/p>\n<hr \/>\n<h4><strong>Contenu du colis :<\/strong><\/h4>\n<ol>\n<li><strong>Unit\u00e9 centrale Ajax Hub 2 (Ethernet + 2G)<\/strong>\n<ul>\n<li>Connectez-vous via Ethernet pour une communication rapide et stable.<\/li>\n<li>G\u00e9rez jusqu&#039;\u00e0 100 appareils et 50 utilisateurs.<\/li>\n<li>Sc\u00e9narios d\u2019automatisation, par exemple Allumer l&#039;\u00e9clairage en cas d&#039;alarme.<\/li>\n<\/ul>\n<\/li>\n<li><strong>1 d\u00e9tecteur de mouvement avec immunit\u00e9 aux animaux<\/strong>\n<ul>\n<li>D\u00e9tecte les mouvements sans r\u00e9agir aux animaux pesant jusqu&#039;\u00e0 20 kg.<\/li>\n<\/ul>\n<\/li>\n<li><strong>1 capteur de porte\/contact magn\u00e9tique<\/strong>\n<ul>\n<li>Surveille les portes et les fen\u00eatres pour d\u00e9tecter les intrusions.<\/li>\n<\/ul>\n<\/li>\n<li><strong>1 sir\u00e8ne int\u00e9rieure<\/strong>\n<ul>\n<li>Dissuasif et vous aide \u00e0 rester sur la bonne voie<\/li>\n<\/ul>\n<\/li>\n<li><strong>1 t\u00e9l\u00e9commande<\/strong>\n<ul>\n<li>Contr\u00f4le fluide de l&#039;alarme, directement depuis votre main.<\/li>\n<\/ul>\n<\/li>\n<li><strong>3 autocollants d&#039;alarme<\/strong>\n<ul>\n<li>Autocollants autocollants pour dissuader les intrus.<\/li>\n<\/ul>\n<\/li>\n<\/ol>\n<hr \/>\n<h4><strong>Principales caract\u00e9ristiques\u00a0:<\/strong><\/h4>\n<ul>\n<li><strong>Contr\u00f4le flexible :<\/strong> G\u00e9rez le syst\u00e8me via l&#039;application Ajax sur mobile ou ordinateur.<\/li>\n<li><strong>Solution \u00e9volutive :<\/strong> Ajoutez d\u2019autres appareils tels que des d\u00e9tecteurs de fum\u00e9e, des sir\u00e8nes, des cam\u00e9ras ou des alarmes d\u2019eau.<\/li>\n<li><strong>Communication stable :<\/strong> Connexion Ethernet et sauvegarde via r\u00e9seau 2G pour un fonctionnement continu.<\/li>\n<li><strong>Automation:<\/strong> Cr\u00e9ez des sc\u00e9narios pour optimiser la s\u00e9curit\u00e9 et le confort.<\/li>\n<\/ul>\n<p><strong>D\u00e9tecteurs et capteurs<\/strong><\/p>\n<ul>\n<li><strong>D\u00e9tecteur de mouvement :<\/strong> Immunis\u00e9 contre les animaux jusqu&#039;\u00e0 20 kg<\/li>\n<li><strong>Capteur de porte :<\/strong> Surveille les portes et les fen\u00eatres<\/li>\n<li><strong>Autocollants d&#039;alarme :<\/strong> Pour une s\u00e9curit\u00e9 et une dissuasion accrues<\/li>\n<\/ul>\n<hr \/>\n<h4><strong>Avantages du package d&#039;alarme Ajax Start Ethernet :<\/strong><\/h4>\n<ol>\n<li><strong>Convivial:<\/strong> Installation et contr\u00f4le faciles via l&#039;application.<\/li>\n<li><strong>Flexibilit\u00e9:<\/strong> D\u00e9veloppez le syst\u00e8me avec plus d\u2019unit\u00e9s Ajax lorsque le besoin s\u2019en fait sentir.<\/li>\n<li><strong>Communication s\u00e9curis\u00e9e :<\/strong> Communication prioritaire via Ethernet et secours avec 2G.<\/li>\n<li><strong>Abordable:<\/strong> Une solution compl\u00e8te qui peut \u00e9voluer avec vos besoins.<\/li>\n<\/ol>\n<hr \/>\n<p><strong>Prot\u00e9gez votre maison ou votre entreprise avec Ajax Alarm Package Start Ethernet \u2013 la solution de s\u00e9curit\u00e9 intelligente et flexible !<\/strong><br \/>\nContactez-nous pour plus d&#039;informations et de conseils.<\/p>","protected":false},"excerpt":{"rendered":"<p>Ajax Alarm Package Start Ethernet est le choix parfait pour ceux qui recherchent une solution de s\u00e9curit\u00e9 fiable et flexible. Le pack comprend un Hub 2 avec connexion Ethernet, un d\u00e9tecteur de mouvement, un capteur de porte, une t\u00e9l\u00e9commande et des autocollants d&#039;alarme - tout ce dont vous avez besoin pour commencer. \u00c9tendez facilement avec plus d&#039;unit\u00e9s de la large gamme d&#039;Ajax si n\u00e9cessaire.<\/p>","protected":false},"featured_media":152074,"template":"","meta":{"_acf_changed":false},"product_brand":[],"product_cat":[1319,3166],"product_tag":[],"class_list":{"0":"post-145765","1":"product","2":"type-product","3":"status-publish","4":"has-post-thumbnail","6":"product_cat-ajax-larm","7":"product_cat-larmpaket","8":"pa_brands-ajax-systems","9":"tm-no-options","11":"first","12":"instock","13":"sale","14":"taxable","15":"shipping-taxable","16":"purchasable","17":"product-type-woosb"},"acf":[],"_links":{"self":[{"href":"https:\/\/secureus.se\/fr\/wp-json\/wp\/v2\/product\/145765","targetHints":{"allow":["GET"]}}],"collection":[{"href":"https:\/\/secureus.se\/fr\/wp-json\/wp\/v2\/product"}],"about":[{"href":"https:\/\/secureus.se\/fr\/wp-json\/wp\/v2\/types\/product"}],"wp:featuredmedia":[{"embeddable":true,"href":"https:\/\/secureus.se\/fr\/wp-json\/wp\/v2\/media\/152074"}],"wp:attachment":[{"href":"https:\/\/secureus.se\/fr\/wp-json\/wp\/v2\/media?parent=145765"}],"wp:term":[{"taxonomy":"product_brand","embeddable":true,"href":"https:\/\/secureus.se\/fr\/wp-json\/wp\/v2\/product_brand?post=145765"},{"taxonomy":"product_cat","embeddable":true,"href":"https:\/\/secureus.se\/fr\/wp-json\/wp\/v2\/product_cat?post=145765"},{"taxonomy":"product_tag","embeddable":true,"href":"https:\/\/secureus.se\/fr\/wp-json\/wp\/v2\/product_tag?post=145765"}],"curies":[{"name":"wp","href":"https:\/\/api.w.org\/{rel}","templated":true}]}}