{"id":145767,"date":"2024-12-10T12:10:38","date_gmt":"2024-12-10T11:10:38","guid":{"rendered":"https:\/\/secureus.se\/?post_type=product&#038;p=145767"},"modified":"2026-03-23T14:51:27","modified_gmt":"2026-03-23T13:51:27","slug":"ajax-larmpaket-brand-small-med-4g","status":"publish","type":"product","link":"https:\/\/secureus.se\/fr\/ajax-larmpaket-brand-small-med-4g\/","title":{"rendered":"Forfait Alarme Ajax Marque &quot;Small&quot; avec 4G"},"content":{"rendered":"<p><strong>Pack d&#039;alarme Ajax de marque \u00ab Small \u00bb avec 4G \u2013 S\u00e9curit\u00e9 compacte avec de grandes possibilit\u00e9s<\/strong><\/p>\n<p>Prot\u00e9gez votre propri\u00e9t\u00e9 avec le forfait d\u2019alarme Ajax de marque \u00ab Small \u00bb, un syst\u00e8me d\u2019alarme sans fil facile \u00e0 installer et enti\u00e8rement personnalisable. Avec trois d\u00e9tecteurs de fum\u00e9e avanc\u00e9s FireProtect 2 RB et l&#039;unit\u00e9 centrale Hub 2 Plus, cet ensemble offre une s\u00e9curit\u00e9 fiable pour les maisons et les petites entreprises.<\/p>\n<hr \/>\n<h4><strong>Contenu du colis :<\/strong><\/h4>\n<ol>\n<li><strong>Unit\u00e9 centrale Ajax Hub 2 Plus (WiFi + 4G)<\/strong>\n<ul>\n<li>Contr\u00f4lez jusqu&#039;\u00e0 200 appareils et 200 utilisateurs.<\/li>\n<li>Communication stable et s\u00e9curis\u00e9e via les protocoles Jeweller et Wings.<\/li>\n<li>Longue port\u00e9e jusqu&#039;\u00e0 2000 m\u00e8tres et 16 heures d&#039;autonomie de batterie.<\/li>\n<\/ul>\n<\/li>\n<li><strong>D\u00e9tecteur de fum\u00e9e Ajax FireProtect 2 RB 3 pi\u00e8ces (fum\u00e9e + temp\u00e9rature)<\/strong>\n<ul>\n<li>R\u00e9agit \u00e0 la fum\u00e9e, \u00e0 l&#039;augmentation rapide de la temp\u00e9rature et \u00e0 la surchauffe.<\/li>\n<li>Fonction interconnect\u00e9e : tous les d\u00e9tecteurs de fum\u00e9e retentissent en cas d&#039;alarme.<\/li>\n<li>Jusqu&#039;\u00e0 7 ans d&#039;autonomie de la batterie et contr\u00f4le facile via l&#039;application Ajax.<\/li>\n<\/ul>\n<\/li>\n<\/ol>\n<hr \/>\n<h4><strong>Principales caract\u00e9ristiques\u00a0:<\/strong><\/h4>\n<ul>\n<li><strong>S\u00e9curit\u00e9 incendie efficace<\/strong>:FireProtect 2 RB utilise une technologie avanc\u00e9e pour identifier rapidement et pr\u00e9cis\u00e9ment les risques d&#039;incendie.<\/li>\n<li><strong>Contr\u00f4le flexible<\/strong>:G\u00e9rez l&#039;alarme via l&#039;application Ajax et personnalisez le syst\u00e8me avec des sc\u00e9narios d&#039;automatisation.<\/li>\n<li><strong>Communication fiable<\/strong>:Hub 2 Plus prend en charge le LAN, le WiFi et la 4G et peut \u00eatre connect\u00e9 \u00e0 des r\u00e9p\u00e9teurs pour une plus grande couverture.<\/li>\n<li><strong>Syst\u00e8me extensible<\/strong>:Ajoutez d\u2019autres appareils tels que des d\u00e9tecteurs de mouvement, des sir\u00e8nes ou des alarmes d\u2019eau selon vos besoins.<\/li>\n<\/ul>\n<hr \/>\n<h4><strong>Sp\u00e9cifications techniques\u00a0:<\/strong><\/h4>\n<p><strong>AjaxHub 2 Plus<\/strong><\/p>\n<ul>\n<li><strong>Communication<\/strong>: R\u00e9seau local, Wi-Fi, 4G<\/li>\n<li><strong>Unit\u00e9s<\/strong>: Jusqu&#039;\u00e0 200<\/li>\n<li><strong>Streaming de la cam\u00e9ra<\/strong>:Jusqu&#039;\u00e0 100 cam\u00e9ras<\/li>\n<li><strong>Batterie de secours<\/strong>:Li-Ion 3 Ah, jusqu&#039;\u00e0 16 heures<\/li>\n<li><strong>Port\u00e9e sans fil<\/strong>: Jusqu&#039;\u00e0 2000 m\u00e8tres<\/li>\n<li><strong>Indice IP<\/strong>:IP50<\/li>\n<\/ul>\n<p><strong>Ajax FireProtect 2RB<\/strong><\/p>\n<ul>\n<li><strong>Type de batterie<\/strong>: 2 x CR123A (jusqu&#039;\u00e0 7 ans de dur\u00e9e de vie)<\/li>\n<li><strong>Port\u00e9e<\/strong>: Jusqu&#039;\u00e0 1700 m\u00e8tres en terrain d\u00e9couvert<\/li>\n<li><strong>Intensit\u00e9<\/strong>: 85 dB (\u00e0 3 m\u00e8tres)<\/li>\n<li><strong>Seuil d&#039;alarme<\/strong>: +64\u00b0C ou augmentation rapide de la temp\u00e9rature<\/li>\n<li><strong>Classe IP<\/strong>:IP20<\/li>\n<\/ul>\n<hr \/>\n<h4><strong>Avantages du Pack Alarme Incendie Ajax \u00ab Small \u00bb :<\/strong><\/h4>\n<ol>\n<li><strong>Protection compl\u00e8te<\/strong>:Parfait pour les petites propri\u00e9t\u00e9s, les maisons ou les bureaux.<\/li>\n<li><strong>Facilit\u00e9 d&#039;utilisation<\/strong>:Contr\u00f4le fluide via application mobile ou ordinateur.<\/li>\n<li><strong>Flexibilit\u00e9<\/strong>:Syst\u00e8me extensible avec plus d&#039;unit\u00e9s et de fonctions.<\/li>\n<li><strong>Abordable<\/strong>:Un package \u00e9conomique avec des composants de haute qualit\u00e9.<\/li>\n<\/ol>\n<hr \/>\n<h4><strong>Options s\u00e9lectionn\u00e9es, mais tous les produits Ajax fonctionnent avec Hub 2 Plus\u00a0:<\/strong><\/h4>\n<ul>\n<li><strong>Protection contre les fuites Ajax<\/strong>:Pour d\u00e9tecter et g\u00e9rer les fuites d&#039;eau.<\/li>\n<li><strong>Carte SIM pour connexion de secours<\/strong>.<\/li>\n<\/ul>\n<hr \/>\n<p><strong>Prot\u00e9gez ce qui est le plus important avec le pack d\u2019alarme incendie Ajax \u00ab Small \u00bb.<\/strong><br \/>\nContactez-nous pour des conseils et du soutien !<\/p>","protected":false},"excerpt":{"rendered":"<p>Le pack d&#039;alarme Ajax de marque \u00ab Small \u00bb avec 4G est une solution de s\u00e9curit\u00e9 compacte et puissante. L&#039;ensemble comprend le Hub 2 Plus et trois d\u00e9tecteurs de fum\u00e9e FireProtect 2 RB pour vous offrir une protection fiable contre l&#039;incendie. Contr\u00f4lez et personnalisez facilement le syst\u00e8me via l&#039;application Ajax et d\u00e9veloppez-le selon vos besoins.<\/p>","protected":false},"featured_media":152075,"template":"","meta":{"_acf_changed":false},"product_brand":[],"product_cat":[1319,3166],"product_tag":[],"class_list":{"0":"post-145767","1":"product","2":"type-product","3":"status-publish","4":"has-post-thumbnail","6":"product_cat-ajax-larm","7":"product_cat-larmpaket","8":"pa_brands-ajax-systems","9":"tm-no-options","11":"first","12":"instock","13":"sale","14":"taxable","15":"shipping-taxable","16":"purchasable","17":"product-type-woosb"},"acf":[],"_links":{"self":[{"href":"https:\/\/secureus.se\/fr\/wp-json\/wp\/v2\/product\/145767","targetHints":{"allow":["GET"]}}],"collection":[{"href":"https:\/\/secureus.se\/fr\/wp-json\/wp\/v2\/product"}],"about":[{"href":"https:\/\/secureus.se\/fr\/wp-json\/wp\/v2\/types\/product"}],"wp:featuredmedia":[{"embeddable":true,"href":"https:\/\/secureus.se\/fr\/wp-json\/wp\/v2\/media\/152075"}],"wp:attachment":[{"href":"https:\/\/secureus.se\/fr\/wp-json\/wp\/v2\/media?parent=145767"}],"wp:term":[{"taxonomy":"product_brand","embeddable":true,"href":"https:\/\/secureus.se\/fr\/wp-json\/wp\/v2\/product_brand?post=145767"},{"taxonomy":"product_cat","embeddable":true,"href":"https:\/\/secureus.se\/fr\/wp-json\/wp\/v2\/product_cat?post=145767"},{"taxonomy":"product_tag","embeddable":true,"href":"https:\/\/secureus.se\/fr\/wp-json\/wp\/v2\/product_tag?post=145767"}],"curies":[{"name":"wp","href":"https:\/\/api.w.org\/{rel}","templated":true}]}}