{"id":145777,"date":"2024-12-10T13:21:57","date_gmt":"2024-12-10T12:21:57","guid":{"rendered":"https:\/\/secureus.se\/?post_type=product&#038;p=145777"},"modified":"2025-11-09T16:13:31","modified_gmt":"2025-11-09T15:13:31","slug":"dsc-larmpaket-hs2016-engelsk-text-5-sprak","status":"publish","type":"product","link":"https:\/\/secureus.se\/fr\/dsc-larmpaket-hs2016-engelsk-text-5-sprak\/","title":{"rendered":"Pack d&#039;alarme DSC HS2016 \u2013 texte anglais + 5 langues"},"content":{"rendered":"<h1>Pack alarme DSC HS2016<\/h1>\n<h1>Cr\u00e9ez votre propre package d&#039;alarme DSC HS2016<\/h1>\n<p><strong><span style=\"text-decoration: underline;\"><span class=\"ui-provider vi b c d e f g h i j k l m n o p q r s t u v w x y z ab ac ae af ag ah ai aj ak\" dir=\"ltr\">Pack d&#039;alarme DSC Le produit dispose des langues suivantes dans le clavier\u00a0: <\/span><\/span><\/strong><strong><span style=\"text-decoration: underline;\"><span class=\"ui-provider vi b c d e f g h i j k l m n o p q r s t u v w x y z ab ac ae af ag ah ai aj ak\" dir=\"ltr\">Anglais, fran\u00e7ais, italien, allemand, n\u00e9erlandais et polonais.<\/span><\/span><\/strong>Pack d&#039;alarme DSC avec PowerSeries Neo HS2016 pour une extension jusqu&#039;\u00e0 16 sections. Le syst\u00e8me est excellent aussi bien pour les entreprises que pour les maisons exclusives o\u00f9 la fonction, la s\u00e9curit\u00e9 et la qualit\u00e9 ont une haute priorit\u00e9. Certificat SBSC classe d&#039;alarme 2. Clavier filaire HS2LCDRF avec affichage de texte et \u00e9metteur-r\u00e9cepteur radio PowerG int\u00e9gr\u00e9 \u00e0 2 voies inclus. et autres accessoires, filaires et\/ou sans fil selon ce qui convient \u00e0 chaque installation individuelle. Il n&#039;y a aucune restriction pour le sans fil, c&#039;est-\u00e0-dire que 16 d\u00e9tecteurs sans fil peuvent \u00eatre connect\u00e9s directement au syst\u00e8me sans accessoires suppl\u00e9mentaires. Cependant, le pack alarme DSC dispose de 7 sections filaires dans la version de base (6 sur la carte principale, 1 sur le clavier) qui peuvent \u00eatre combin\u00e9es avec des dispositifs sans fil \u00e0 condition que le nombre total ne d\u00e9passe pas 16. T\u00e9l\u00e9commandes, les claviers et les sir\u00e8nes n&#039;occupent aucun espace de section dans le syst\u00e8me et ne sont pas compt\u00e9s dans la limite de section. Pour utiliser plusieurs sections c\u00e2bl\u00e9es, une carte de section HSM2108 (E6309320) est requise.<strong>Contenu du paquet d&#039;alarme DSC\u00a0:<\/strong><\/p>\n<ul>\n<li>Carte principale PowerSeries Neo HS2016<\/li>\n<li>Clavier filaire HS2LCDRF avec affichage de texte et \u00e9metteur-r\u00e9cepteur radio PowerG bidirectionnel int\u00e9gr\u00e9<\/li>\n<li>\u00c9metteur-r\u00e9cepteur radio int\u00e9gr\u00e9<\/li>\n<li>Bo\u00eetier en t\u00f4le DSC Small<\/li>\n<li>Transformateur int\u00e9gr\u00e9<\/li>\n<li>Batterie de secours 7Ah<\/li>\n<\/ul>\n<p>&nbsp;<\/p>\n<ul>\n<li>Powerseries Neo est une alarme antivol professionnelle et approuv\u00e9e pour une installation filaire et sans fil. Le produit est test\u00e9 par SP selon SSF1014 (\u00e9dition 5) et d\u00e9tient les certificats SBSC dans la classe d&#039;alarme R et la classe d&#039;alarme 2. Des \u00e9metteurs d&#039;alarme sont disponibles pour la classe d&#039;alarme 2 et la classe d&#039;alarme 3-4.<\/li>\n<li><strong>Pourquoi PowerSeries est exceptionnel<\/strong>\u00catre capable de surveiller jusqu&#039;\u00e0 128 zones sans fil et mat\u00e9riellement rend le PowerSeries exceptionnel pour les grandes installations. De plus, 8 cloisons permettent des solutions de s\u00e9curit\u00e9 personnalis\u00e9es pour diff\u00e9rentes sections de l&#039;entreprise ou de la maison.<strong>PowerSeries Neo\u00a0: la s\u00e9curit\u00e9 \u00e0 de nouveaux niveaux<\/strong><strong>Introduction aux packages d&#039;alarme DSC et aux produits DSC<\/strong><\/li>\n<li>Le PowerSeries Neo de DSC red\u00e9finit la s\u00e9curit\u00e9 contre les intrusions en combinant modularit\u00e9 et connectivit\u00e9 filaire - avec la simplicit\u00e9 d&#039;une large gamme d&#039;appareils et d&#039;accessoires sans fil. Le r\u00e9sultat est le syst\u00e8me hybride le plus complet actuellement disponible sur le march\u00e9.<strong><span style=\"text-decoration: underline;\">Pourquoi PowerSeries est une solution r\u00e9volutionnaire<\/span><\/strong>Cette toute nouvelle plate-forme exceptionnellement flexible exploite les capacit\u00e9s sup\u00e9rieures de PowerG, la principale technologie d&#039;intrusion sans fil du secteur. Des solutions innovantes de v\u00e9rification d&#039;alarme, ainsi qu&#039;une suite logicielle compl\u00e8te pour les services \u00e0 distance, font du PowerSeries la solution haut de gamme optimale pour les particuliers et les entreprises.<span style=\"text-decoration: underline;\"><strong>Flexibilit\u00e9 en mati\u00e8re de s\u00e9curit\u00e9<\/strong><\/span>PowerSeries Neo combine le meilleur des deux mondes : la stabilit\u00e9 des syst\u00e8mes filaires et la flexibilit\u00e9 des appareils sans fil. Cela permet une personnalisation adapt\u00e9e \u00e0 des besoins uniques et en fait le syst\u00e8me le plus personnalisable du march\u00e9.<span style=\"text-decoration: underline;\"><strong>Technologie innovante pour une s\u00e9curit\u00e9 sup\u00e9rieure<\/strong><\/span>En utilisant la technologie PowerG, le PowerSeries \u00e9l\u00e8ve la s\u00e9curit\u00e9 \u00e0 un nouveau niveau. Il offre non seulement une protection fiable contre les intrusions, mais permet \u00e9galement une int\u00e9gration fluide avec divers appareils sans fil.<br \/>\n<h3><strong>V\u00e9rification d&#039;alarme et services \u00e0 distance<\/strong><\/h3>\n<p>Le PowerSeries est livr\u00e9 avec des solutions innovantes de v\u00e9rification des alarmes pour garantir des r\u00e9ponses correctes \u00e0 chaque alarme. Le logiciel de service \u00e0 distance complet permet la surveillance et le contr\u00f4le o\u00f9 que vous soyez.<\/p>\n<h3><strong>FAQ sur les PowerSeries<\/strong><\/h3>\n<p><strong>Q : Pourquoi le PowerSeries est-il appel\u00e9 une solution hybride ?<\/strong>R : Le PowerSeries est hybride car il combine les technologies filaire et sans fil pour une solution de s\u00e9curit\u00e9 compl\u00e8te et personnalisable.<strong>Q\u00a0: Comment la technologie PowerG garantit-elle une s\u00e9curit\u00e9 sans fil sup\u00e9rieure\u00a0?<\/strong>R\u00a0: La technologie PowerG offre non seulement une connectivit\u00e9 fiable, mais \u00e9galement un cryptage et une r\u00e9sistance \u00e0 la falsification pour une s\u00e9curit\u00e9 sup\u00e9rieure.<strong>Q : Quels types d&#039;appareils sans fil peuvent \u00eatre int\u00e9gr\u00e9s au PowerSeries ?<\/strong>R : PowerSeries prend en charge une grande vari\u00e9t\u00e9 d&#039;appareils sans fil, notamment des d\u00e9tecteurs, des cam\u00e9ras et des accessoires pour maison intelligente.<strong>Q\u00a0: Qu&#039;est-ce que la v\u00e9rification des alarmes et pourquoi est-elle importante\u00a0?<\/strong>R\u00a0: La v\u00e9rification des alarmes garantit que chaque alarme est authentique, r\u00e9duisant ainsi les fausses alarmes et fournissant des r\u00e9ponses plus rapides et plus pr\u00e9cises du syst\u00e8me de s\u00e9curit\u00e9.<strong>Q\u00a0: Puis-je surveiller et contr\u00f4ler le PowerSeries \u00e0 distance\u00a0?<\/strong>R : Oui, le logiciel complet de service \u00e0 distance permet la surveillance et le contr\u00f4le via une application mobile ou un ordinateur, o\u00f9 que vous soyez.<strong>Q : Le PowerSeries convient-il \u00e0 un usage r\u00e9sidentiel et commercial ?<\/strong>R : Oui, sa flexibilit\u00e9 et ses solutions sur mesure le rendent id\u00e9al pour les applications r\u00e9sidentielles et commerciales.<\/p>\n<h3><strong>Conclusion<\/strong><\/h3>\n<p>Avec PowerSeries Neo, vous n&#039;obtenez pas seulement une solution de s\u00e9curit\u00e9 ; vous b\u00e9n\u00e9ficiez de l\u2019innovation, de la flexibilit\u00e9 et d\u2019une technologie sup\u00e9rieure.<\/li>\n<\/ul>\n<p><b>\u00a0<\/b><\/p>","protected":false},"excerpt":{"rendered":"<p>Alarme hybride DSC NEO - M\u00e9langez sans fil et filaire \u00e0 votre guise avec les accessoires sans fil PowerG - Prix le plus bas !<\/p>","protected":false},"featured_media":141117,"template":"","meta":{"_acf_changed":false},"product_brand":[],"product_cat":[1322,3318],"product_tag":[],"class_list":{"0":"post-145777","1":"product","2":"type-product","3":"status-publish","4":"has-post-thumbnail","6":"product_cat-dsc-larm-neo-power-hybridlarm","7":"product_cat-larmpaket-dsc-larm-neo-power-hybridlarm","8":"pa_brands-dsc","9":"tm-no-options","11":"first","12":"instock","13":"sale","14":"taxable","15":"shipping-taxable","16":"purchasable","17":"product-type-woosb"},"acf":[],"_links":{"self":[{"href":"https:\/\/secureus.se\/fr\/wp-json\/wp\/v2\/product\/145777","targetHints":{"allow":["GET"]}}],"collection":[{"href":"https:\/\/secureus.se\/fr\/wp-json\/wp\/v2\/product"}],"about":[{"href":"https:\/\/secureus.se\/fr\/wp-json\/wp\/v2\/types\/product"}],"wp:featuredmedia":[{"embeddable":true,"href":"https:\/\/secureus.se\/fr\/wp-json\/wp\/v2\/media\/141117"}],"wp:attachment":[{"href":"https:\/\/secureus.se\/fr\/wp-json\/wp\/v2\/media?parent=145777"}],"wp:term":[{"taxonomy":"product_brand","embeddable":true,"href":"https:\/\/secureus.se\/fr\/wp-json\/wp\/v2\/product_brand?post=145777"},{"taxonomy":"product_cat","embeddable":true,"href":"https:\/\/secureus.se\/fr\/wp-json\/wp\/v2\/product_cat?post=145777"},{"taxonomy":"product_tag","embeddable":true,"href":"https:\/\/secureus.se\/fr\/wp-json\/wp\/v2\/product_tag?post=145777"}],"curies":[{"name":"wp","href":"https:\/\/api.w.org\/{rel}","templated":true}]}}