{"id":145781,"date":"2024-12-10T13:23:51","date_gmt":"2024-12-10T12:23:51","guid":{"rendered":"https:\/\/secureus.se\/?post_type=product&#038;p=145781"},"modified":"2025-10-21T11:53:45","modified_gmt":"2025-10-21T09:53:45","slug":"paket-halvsats-abloy-eltryckeslas-el480-35mm-kabel-ea220-2","status":"publish","type":"product","link":"https:\/\/secureus.se\/fr\/paket-halvsats-abloy-eltryckeslas-el480-35mm-kabel-ea220-2\/","title":{"rendered":"Colis - demi-ensemble : Serrure \u00e0 pouss\u00e9e \u00e9lectrique Abloy EL480 35 mm + c\u00e2ble EA220"},"content":{"rendered":"<p>Ensemble complet compos\u00e9 de 1 pc de : 1 pc Serrure EL480 35mm1 pc C\u00e2ble EA220 10 m\u00e8tres<\/p>","protected":false},"excerpt":{"rendered":"<p>Serrures Assa Abloy au prix le plus bas.<\/p>","protected":false},"featured_media":140031,"template":"","meta":{"_acf_changed":false},"product_brand":[],"product_cat":[2429],"product_tag":[2290,4863],"class_list":{"0":"post-145781","1":"product","2":"type-product","3":"status-publish","4":"has-post-thumbnail","6":"product_cat-ellas","7":"product_tag-ellas-komplett-sats-kpl","8":"product_tag-pf","9":"pa_brands-abloy","10":"tm-no-options","12":"first","13":"instock","14":"sale","15":"taxable","16":"shipping-taxable","17":"purchasable","18":"product-type-woosb"},"acf":[],"_links":{"self":[{"href":"https:\/\/secureus.se\/fr\/wp-json\/wp\/v2\/product\/145781","targetHints":{"allow":["GET"]}}],"collection":[{"href":"https:\/\/secureus.se\/fr\/wp-json\/wp\/v2\/product"}],"about":[{"href":"https:\/\/secureus.se\/fr\/wp-json\/wp\/v2\/types\/product"}],"wp:featuredmedia":[{"embeddable":true,"href":"https:\/\/secureus.se\/fr\/wp-json\/wp\/v2\/media\/140031"}],"wp:attachment":[{"href":"https:\/\/secureus.se\/fr\/wp-json\/wp\/v2\/media?parent=145781"}],"wp:term":[{"taxonomy":"product_brand","embeddable":true,"href":"https:\/\/secureus.se\/fr\/wp-json\/wp\/v2\/product_brand?post=145781"},{"taxonomy":"product_cat","embeddable":true,"href":"https:\/\/secureus.se\/fr\/wp-json\/wp\/v2\/product_cat?post=145781"},{"taxonomy":"product_tag","embeddable":true,"href":"https:\/\/secureus.se\/fr\/wp-json\/wp\/v2\/product_tag?post=145781"}],"curies":[{"name":"wp","href":"https:\/\/api.w.org\/{rel}","templated":true}]}}