{"id":145856,"date":"2024-12-12T13:28:01","date_gmt":"2024-12-12T12:28:01","guid":{"rendered":"https:\/\/secureus.se\/?post_type=product&#038;p=145856"},"modified":"2026-04-13T16:06:24","modified_gmt":"2026-04-13T14:06:24","slug":"larmdekal-dubbelsidig-sjalvhaftande-overvakat-6pack","status":"publish","type":"product","link":"https:\/\/secureus.se\/fr\/larmdekal-dubbelsidig-sjalvhaftande-overvakat-6pack\/","title":{"rendered":"Autocollant d&#039;alarme double face autocollant surveill\u00e9 - paquet de 6"},"content":{"rendered":"<p><em>Renforcez votre s\u00e9curit\u00e9 avec notre pratique pack de 6 autocollants d&#039;alarme double face autocollants. Cet ensemble comprend 2 formats A6 et 4 formats A8, vous offrant une solution polyvalente pour \u00e9tiqueter vos points d&#039;entr\u00e9e cl\u00e9s. Nos autocollants d&#039;alarme sont fabriqu\u00e9s en polycarbonate de haute qualit\u00e9 avec une bonne r\u00e9sistance \u00e0 l&#039;usure et la capacit\u00e9 de r\u00e9sister aux effets de la temp\u00e9rature. Avec ce kit, vous pouvez vous assurer que vos zones sont clairement marqu\u00e9es et visibles \u00e0 l&#039;int\u00e9rieur comme \u00e0 l&#039;ext\u00e9rieur. Am\u00e9liorez votre s\u00e9curit\u00e9 avec ce pack de 6 - une solution simple, efficace et fiable.<\/em><\/p>\n<p>Les autocollants d\u2019alarme agissent comme un puissant moyen de dissuasion visuelle contre les tentatives d\u2019intrusion potentielles.<\/p>\n<p><strong>Robuste et durable<\/strong><br \/>\nFabriqu\u00e9 en polycarbonate de haute qualit\u00e9. Nos autocollants d&#039;alarme sont con\u00e7us pour r\u00e9sister \u00e0 la fois \u00e0 l&#039;usure et \u00e0 la temp\u00e9rature.<\/p>\n<p><strong>Conception double face<\/strong><br \/>\nLa meilleure caract\u00e9ristique de ces autocollants d\u2019alarme est qu\u2019ils sont recto-verso. Cela signifie que le motif est visible aussi bien \u00e0 l&#039;int\u00e9rieur qu&#039;\u00e0 l&#039;ext\u00e9rieur, ce qui offre une s\u00e9curit\u00e9 et une visibilit\u00e9 suppl\u00e9mentaires, o\u00f9 que vous soyez.<\/p>\n<p>Cet autocollant d\u2019alarme est tout aussi efficace \u00e0 l\u2019int\u00e9rieur qu\u2019\u00e0 l\u2019ext\u00e9rieur. Pour augmenter encore la durabilit\u00e9, ils peuvent \u00eatre plac\u00e9s \u00e0 l\u2019int\u00e9rieur pour une protection suppl\u00e9mentaire. Il vous donne la flexibilit\u00e9 d\u2019adapter votre mesure de s\u00e9curit\u00e9 \u00e0 vos besoins sp\u00e9cifiques.<\/p>\n<h3>Domaines d&#039;utilisation :<\/h3>\n<ul>\n<li><strong>La maison :<\/strong> Prot\u00e9gez votre famille et votre maison en appliquant ces autocollants d&#039;alarme sur toutes les entr\u00e9es importantes.<br \/>\n<strong>Entreprise:<\/strong> Am\u00e9liorez la s\u00e9curit\u00e9 de votre lieu de travail en rendant les zones les plus critiques visibles aux employ\u00e9s et aux visiteurs.<br \/>\n<strong>Magasins et entreprises\u00a0:<\/strong> Cr\u00e9ez un environnement plus s\u00fbr pour vos clients et votre personnel en marquant les entr\u00e9es et sorties les plus pertinentes.<\/li>\n<\/ul>\n<h3>Sp\u00e9cifications du produit :<\/h3>\n<ul>\n<li>Mat\u00e9riau : Polycarbonate<\/li>\n<li>Dimensions : 2 pi\u00e8ces 105 x 148,5 mm<b>\u00a0 \u2013 <\/b>4 pi\u00e8ces 52x74mm<\/li>\n<\/ul>\n<h3>Le forfait comprend :<\/h3>\n<ul>\n<li>2 autocollants d&#039;alarme autocollants double face de 105 x 148,5 mm<\/li>\n<li><b><\/b>4 autocollants d&#039;alarme autocollants double face 52 x 74 mm<\/li>\n<\/ul>\n<p>Augmentez le niveau de s\u00e9curit\u00e9 avec nos autocollants d&#039;alarme double face fiables. Chaque autocollant est un investissement dans votre s\u00e9curit\u00e9\u00a0!<\/p>","protected":false},"excerpt":{"rendered":"<p><em><strong><img decoding=\"async\" class=\"alignnone wp-image-145862 alignleft\" src=\"https:\/\/secureus.se\/wp-content\/uploads\/2024\/12\/6pack-300x125.png\" alt=\"\" width=\"151\" height=\"63\" srcset=\"https:\/\/secureus.se\/wp-content\/uploads\/2024\/12\/6pack-300x125.png 300w, https:\/\/secureus.se\/wp-content\/uploads\/2024\/12\/6pack-350x145.png 350w, https:\/\/secureus.se\/wp-content\/uploads\/2024\/12\/6pack-64x27.png 64w, https:\/\/secureus.se\/wp-content\/uploads\/2024\/12\/6pack-18x7.png 18w, https:\/\/secureus.se\/wp-content\/uploads\/2024\/12\/6pack.png 390w\" sizes=\"(max-width: 151px) 100vw, 151px\" \/><\/strong><\/em><\/p>\n<p style=\"text-align: left;\"><em>Marquez vos points d\u2019entr\u00e9e avec notre autocollant d\u2019alarme autocollant double face. Fabriqu\u00e9 en polycarbonate r\u00e9sistant. Avec une visibilit\u00e9 aussi bien \u00e0 l\u2019int\u00e9rieur qu\u2019\u00e0 l\u2019ext\u00e9rieur, c\u2019est un must pour une s\u00e9curit\u00e9 accrue. Comprend 2 formats A6 et 4 formats A8 pour un placement flexible. Soyez visible et en s\u00e9curit\u00e9.<\/em><\/p>","protected":false},"featured_media":145859,"template":"","meta":{"_acf_changed":false},"product_brand":[],"product_cat":[1323],"product_tag":[3053],"class_list":{"0":"post-145856","1":"product","2":"type-product","3":"status-publish","4":"has-post-thumbnail","6":"product_cat-larmdekaler","7":"product_tag-nyhet","8":"product_shipping_class-dekaler-skyltar","9":"tm-no-options","11":"first","12":"outofstock","13":"sale","14":"featured","15":"taxable","16":"shipping-taxable","17":"purchasable","18":"product-type-simple"},"acf":[],"_links":{"self":[{"href":"https:\/\/secureus.se\/fr\/wp-json\/wp\/v2\/product\/145856","targetHints":{"allow":["GET"]}}],"collection":[{"href":"https:\/\/secureus.se\/fr\/wp-json\/wp\/v2\/product"}],"about":[{"href":"https:\/\/secureus.se\/fr\/wp-json\/wp\/v2\/types\/product"}],"wp:featuredmedia":[{"embeddable":true,"href":"https:\/\/secureus.se\/fr\/wp-json\/wp\/v2\/media\/145859"}],"wp:attachment":[{"href":"https:\/\/secureus.se\/fr\/wp-json\/wp\/v2\/media?parent=145856"}],"wp:term":[{"taxonomy":"product_brand","embeddable":true,"href":"https:\/\/secureus.se\/fr\/wp-json\/wp\/v2\/product_brand?post=145856"},{"taxonomy":"product_cat","embeddable":true,"href":"https:\/\/secureus.se\/fr\/wp-json\/wp\/v2\/product_cat?post=145856"},{"taxonomy":"product_tag","embeddable":true,"href":"https:\/\/secureus.se\/fr\/wp-json\/wp\/v2\/product_tag?post=145856"}],"curies":[{"name":"wp","href":"https:\/\/api.w.org\/{rel}","templated":true}]}}