{"id":146113,"date":"2024-12-28T12:23:33","date_gmt":"2024-12-28T11:23:33","guid":{"rendered":"https:\/\/secureus.se\/?post_type=product&#038;p=146113"},"modified":"2026-04-23T13:30:29","modified_gmt":"2026-04-23T11:30:29","slug":"system-sensor-eco1005-a-eco-konventionell-varmedetektor-stigningshastighet","status":"publish","type":"product","link":"https:\/\/secureus.se\/fr\/system-sensor-eco1005-a-eco-konventionell-varmedetektor-stigningshastighet\/","title":{"rendered":"System Sensor ECO1005 A ECO D\u00e9tecteur de chaleur conventionnel, taux de mont\u00e9e"},"content":{"rendered":"<div class=\"headernamehrnone\">Le d\u00e9tecteur de chaleur ECO1005 A appartient \u00e0 la s\u00e9rie de d\u00e9tecteurs ECO1000 de System Sensors. ECO1000 est une s\u00e9rie de d\u00e9tecteurs conventionnels, fabriqu\u00e9s selon les technologies de production les plus r\u00e9centes.<br \/>\net dot\u00e9s d&#039;une gamme de fonctionnalit\u00e9s avanc\u00e9es, ce qui les rend \u00ab meilleurs par conception \u00bb.<\/p>\n<p>Le d\u00e9tecteur thermique ECO1005 A utilise un \u00e9l\u00e9ment thermique de pointe associ\u00e9 \u00e0 un circuit int\u00e9gr\u00e9 sp\u00e9cifique (ASIC) pour une d\u00e9tection d&#039;incendie rapide et pr\u00e9cise. Dot\u00e9 d&#039;\u00e9l\u00e9ments \u00e0 mont\u00e9e en temp\u00e9rature et statiques, il convient \u00e0 tous les environnements o\u00f9 les variations de temp\u00e9rature ne sont g\u00e9n\u00e9ralement pas rapides.<\/p>\n<p>Un appareil de test portatif \u00e0 laser peut \u00eatre utilis\u00e9 avec les d\u00e9tecteurs ECO1000 pour tester les alarmes. Cet appareil transmet un message cod\u00e9, \u00e9vitant ainsi les fausses alarmes g\u00e9n\u00e9r\u00e9es par d&#039;autres appareils laser. Avec une port\u00e9e de plusieurs m\u00e8tres, il permet de tester facilement et \u00e0 distance les alarmes des d\u00e9tecteurs ECO1000, sans que l&#039;utilisateur ait besoin d&#039;un acc\u00e8s physique direct au d\u00e9tecteur.<\/p>\n<p>Le d\u00e9tecteur ECO1005 A est \u00e9galement \u00e9quip\u00e9 d&#039;une LED int\u00e9gr\u00e9e qui s&#039;allume pour \u00e9mettre un signal d&#039;alarme local. Cette LED reste allum\u00e9e jusqu&#039;\u00e0 la r\u00e9initialisation du d\u00e9tecteur suite \u00e0 une coupure de courant temporaire. Un avertisseur LED d\u00e9port\u00e9 peut \u00eatre utilis\u00e9 pour r\u00e9p\u00e9ter le signal d&#039;alarme.<\/p>\n<p>Le d\u00e9tecteur ECO1005 A peut \u00eatre utilis\u00e9 avec diff\u00e9rents socles, offrant ainsi flexibilit\u00e9 et compatibilit\u00e9 avec une large gamme de centrales d&#039;alarme incendie. Tous les socles sont \u00e9quip\u00e9s d&#039;un ressort de court-circuit permettant de tester le circuit avant le montage du d\u00e9tecteur et disposent d&#039;un dispositif anti-effraction qui, une fois activ\u00e9, emp\u00eache le retrait du d\u00e9tecteur sans outil.<\/p><\/div>\n<div class=\"row headername\">\n<div class=\"item-header rd-hyg-item-header\"><strong>Principales caract\u00e9ristiques<\/strong><\/div>\n<div class=\"row\">\n<ul>\n<li>Conception \u00e0 profil bas<\/li>\n<li>Faible consommation d&#039;\u00e9nergie<\/li>\n<li>temp\u00e9rature de fonctionnement de 58\u00b0C<\/li>\n<li>Fonctionne avec une alimentation de 12 et 24 V CC.<\/li>\n<li>fonction de test d&#039;alarme \u00e0 distance<\/li>\n<li>Entretien facile<\/li>\n<li>Homologu\u00e9 selon la norme EN54-5:2000, classe A1R<\/li>\n<\/ul>\n<\/div>\n<\/div>","protected":false},"excerpt":{"rendered":"<p>System Sensor ECO1005 A ECO D\u00e9tecteur de chaleur conventionnel, taux de mont\u00e9e<\/p>\n<ul class=\"UnorderedListStyle--1koui9a ksyVRL mainfeatureslist\">\n<li class=\"ListItemStyle--1yqofwy kEFzCE\">Conception \u00e0 profil bas<\/li>\n<li class=\"ListItemStyle--1yqofwy kEFzCE\">Faible consommation d&#039;\u00e9nergie<\/li>\n<li class=\"ListItemStyle--1yqofwy kEFzCE\">temp\u00e9rature de fonctionnement de 58\u00b0C<\/li>\n<\/ul>","protected":false},"featured_media":146112,"template":"","meta":{"_acf_changed":false},"product_brand":[],"product_cat":[4755,4157],"product_tag":[],"class_list":{"0":"post-146113","1":"product","2":"type-product","3":"status-publish","4":"has-post-thumbnail","6":"product_cat-eco-1000-serien","7":"product_cat-varmedetektor","8":"product_shipping_class-tunga-paket","9":"pa_brands-system-sensor","10":"tm-no-options","12":"first","13":"instock","14":"taxable","15":"shipping-taxable","16":"purchasable","17":"product-type-simple"},"acf":[],"_links":{"self":[{"href":"https:\/\/secureus.se\/fr\/wp-json\/wp\/v2\/product\/146113","targetHints":{"allow":["GET"]}}],"collection":[{"href":"https:\/\/secureus.se\/fr\/wp-json\/wp\/v2\/product"}],"about":[{"href":"https:\/\/secureus.se\/fr\/wp-json\/wp\/v2\/types\/product"}],"wp:featuredmedia":[{"embeddable":true,"href":"https:\/\/secureus.se\/fr\/wp-json\/wp\/v2\/media\/146112"}],"wp:attachment":[{"href":"https:\/\/secureus.se\/fr\/wp-json\/wp\/v2\/media?parent=146113"}],"wp:term":[{"taxonomy":"product_brand","embeddable":true,"href":"https:\/\/secureus.se\/fr\/wp-json\/wp\/v2\/product_brand?post=146113"},{"taxonomy":"product_cat","embeddable":true,"href":"https:\/\/secureus.se\/fr\/wp-json\/wp\/v2\/product_cat?post=146113"},{"taxonomy":"product_tag","embeddable":true,"href":"https:\/\/secureus.se\/fr\/wp-json\/wp\/v2\/product_tag?post=146113"}],"curies":[{"name":"wp","href":"https:\/\/api.w.org\/{rel}","templated":true}]}}