{"id":146115,"date":"2024-12-28T12:23:41","date_gmt":"2024-12-28T11:23:41","guid":{"rendered":"https:\/\/secureus.se\/system-sensor-eco1004t-a-konventionell-varmedetektor-fast-temperatur-78\/"},"modified":"2026-05-06T14:07:36","modified_gmt":"2026-05-06T12:07:36","slug":"system-sensor-eco1004t-a-konventionell-varmedetektor-fast-temperatur-78","status":"publish","type":"product","link":"https:\/\/secureus.se\/fr\/system-sensor-eco1004t-a-konventionell-varmedetektor-fast-temperatur-78\/","title":{"rendered":"System Sensor ECO1004T A D\u00e9tecteur de chaleur conventionnel, temp\u00e9rature fixe, 78\u00b0"},"content":{"rendered":"<h1>Capteur de syst\u00e8me ECO1004T A D\u00e9tecteur de chaleur conventionnel<\/h1>\n<p class=\"\" data-start=\"506\" data-end=\"848\">Le capteur syst\u00e8me ECO1004T A est un d\u00e9tecteur de chaleur thermique conventionnel qui fait partie de la s\u00e9rie fiable ECO1000.<\/p>\n<p class=\"\" data-start=\"506\" data-end=\"848\">Avec une temp\u00e9rature de fonctionnement de 78\u00b0C, il est particuli\u00e8rement adapt\u00e9 aux environnements avec des changements de temp\u00e9rature plus rapides, comme les cuisines.<\/p>\n<p class=\"\" data-start=\"506\" data-end=\"848\">Il utilise un capteur thermique moderne pour assurer une d\u00e9tection d&#039;incendie rapide et pr\u00e9cise.<\/p>\n<p class=\"\" data-start=\"850\" data-end=\"1123\">Avec une faible consommation d&#039;\u00e9nergie et des capacit\u00e9s de test \u00e0 distance, ce d\u00e9tecteur facilite la maintenance et garantit que le syst\u00e8me est toujours dans un \u00e9tat optimal.<\/p>\n<p class=\"\" data-start=\"850\" data-end=\"1123\">Il est compatible avec les syst\u00e8mes 12 V et 24 V CC et dispose d&#039;options d&#039;indicateur LED \u00e0 distance pour un \u00e9tat visuel clair.<\/p>\n<p class=\"\" data-start=\"1125\" data-end=\"1395\">L&#039;ECO1004T est certifi\u00e9 EN54-5:2000 (amendement 1) Classe BS et approuv\u00e9 MED 96\/98\/CE (amendement 2009\/26\/CE), ce qui en fait un choix fiable pour les syst\u00e8mes de s\u00e9curit\u00e9 dans les environnements commerciaux et industriels.<\/p>\n<p class=\"\" data-start=\"1125\" data-end=\"1395\">Sa garantie prolong\u00e9e de 3 ans offre une tranquillit\u00e9 d\u2019esprit suppl\u00e9mentaire.<\/p>","protected":false},"excerpt":{"rendered":"<p>L&#039;ECO1004T A est un d\u00e9tecteur de chaleur thermique avec une temp\u00e9rature fixe de 78\u00b0C, id\u00e9al pour une utilisation dans des environnements tels que les cuisines.<\/p>\n<p>Avec une faible consommation d&#039;\u00e9nergie et la possibilit\u00e9 d&#039;\u00eatre test\u00e9 \u00e0 distance, ce d\u00e9tecteur offre une d\u00e9tection d&#039;incendie rapide et pr\u00e9cise.<\/p>","protected":false},"featured_media":146114,"template":"","meta":{"_acf_changed":false},"product_brand":[],"product_cat":[4755,4157],"product_tag":[],"class_list":{"0":"post-146115","1":"product","2":"type-product","3":"status-publish","4":"has-post-thumbnail","6":"product_cat-eco-1000-serien","7":"product_cat-varmedetektor","8":"pa_brands-system-sensor","9":"tm-no-options","11":"first","12":"instock","13":"taxable","14":"shipping-taxable","15":"purchasable","16":"product-type-simple"},"acf":[],"_links":{"self":[{"href":"https:\/\/secureus.se\/fr\/wp-json\/wp\/v2\/product\/146115","targetHints":{"allow":["GET"]}}],"collection":[{"href":"https:\/\/secureus.se\/fr\/wp-json\/wp\/v2\/product"}],"about":[{"href":"https:\/\/secureus.se\/fr\/wp-json\/wp\/v2\/types\/product"}],"wp:featuredmedia":[{"embeddable":true,"href":"https:\/\/secureus.se\/fr\/wp-json\/wp\/v2\/media\/146114"}],"wp:attachment":[{"href":"https:\/\/secureus.se\/fr\/wp-json\/wp\/v2\/media?parent=146115"}],"wp:term":[{"taxonomy":"product_brand","embeddable":true,"href":"https:\/\/secureus.se\/fr\/wp-json\/wp\/v2\/product_brand?post=146115"},{"taxonomy":"product_cat","embeddable":true,"href":"https:\/\/secureus.se\/fr\/wp-json\/wp\/v2\/product_cat?post=146115"},{"taxonomy":"product_tag","embeddable":true,"href":"https:\/\/secureus.se\/fr\/wp-json\/wp\/v2\/product_tag?post=146115"}],"curies":[{"name":"wp","href":"https:\/\/api.w.org\/{rel}","templated":true}]}}