{"id":146121,"date":"2024-12-28T13:45:20","date_gmt":"2024-12-28T12:45:20","guid":{"rendered":"https:\/\/secureus.se\/svart-original-pac-tagg-21020-med-klamma\/"},"modified":"2025-12-31T21:36:24","modified_gmt":"2025-12-31T20:36:24","slug":"svart-original-pac-tagg-21020-med-klamma","status":"publish","type":"product","link":"https:\/\/secureus.se\/fr\/svart-original-pac-tagg-21020-med-klamma\/","title":{"rendered":"\u00c9tiquette PAC originale noire 21020 avec clip"},"content":{"rendered":"<p>Ces \u00e9tiquettes PAC noires avec clip offrent un moyen s\u00e9curis\u00e9 d&#039;entrer dans votre b\u00e2timent. Les jetons fonctionnent \u00e0 une fr\u00e9quence de 153,6 kHz et constituent une excellente alternative aux cl\u00e9s m\u00e9caniques traditionnelles.<\/p>\n<p>Fonctionne \u00e0 une fr\u00e9quence de 153,6 kHz<br \/>\nCompatible avec les lecteurs PAC basse fr\u00e9quence et multi-technologie<br \/>\nGarantie \u00e0 vie contre les d\u00e9fauts \u00e9lectroniques<\/p>","protected":false},"excerpt":{"rendered":"<p>\u00c9tiquettes PAC originales<\/p>","protected":false},"featured_media":146120,"template":"","meta":{"_acf_changed":false},"product_brand":[],"product_cat":[4819],"product_tag":[],"class_list":{"0":"post-146121","1":"product","2":"type-product","3":"status-publish","4":"has-post-thumbnail","6":"product_cat-stanley-pac-taggar","7":"product_shipping_class-postnord-varubrev","8":"pa_brands-pac","9":"tm-no-options","11":"first","12":"instock","13":"taxable","14":"shipping-taxable","15":"purchasable","16":"product-type-simple"},"acf":[],"_links":{"self":[{"href":"https:\/\/secureus.se\/fr\/wp-json\/wp\/v2\/product\/146121","targetHints":{"allow":["GET"]}}],"collection":[{"href":"https:\/\/secureus.se\/fr\/wp-json\/wp\/v2\/product"}],"about":[{"href":"https:\/\/secureus.se\/fr\/wp-json\/wp\/v2\/types\/product"}],"wp:featuredmedia":[{"embeddable":true,"href":"https:\/\/secureus.se\/fr\/wp-json\/wp\/v2\/media\/146120"}],"wp:attachment":[{"href":"https:\/\/secureus.se\/fr\/wp-json\/wp\/v2\/media?parent=146121"}],"wp:term":[{"taxonomy":"product_brand","embeddable":true,"href":"https:\/\/secureus.se\/fr\/wp-json\/wp\/v2\/product_brand?post=146121"},{"taxonomy":"product_cat","embeddable":true,"href":"https:\/\/secureus.se\/fr\/wp-json\/wp\/v2\/product_cat?post=146121"},{"taxonomy":"product_tag","embeddable":true,"href":"https:\/\/secureus.se\/fr\/wp-json\/wp\/v2\/product_tag?post=146121"}],"curies":[{"name":"wp","href":"https:\/\/api.w.org\/{rel}","templated":true}]}}