{"id":146151,"date":"2024-12-30T14:57:02","date_gmt":"2024-12-30T13:57:02","guid":{"rendered":"https:\/\/secureus.se\/?post_type=product&#038;p=146151"},"modified":"2026-03-27T10:32:58","modified_gmt":"2026-03-27T09:32:58","slug":"risco-lunar-dt-360-takmonterad-detektor-klass-3-rk150dtg3","status":"publish","type":"product","link":"https:\/\/secureus.se\/fr\/risco-lunar-dt-360-takmonterad-detektor-klass-3-rk150dtg3\/","title":{"rendered":"D\u00e9tecteur de plafond RISCO LuNAR DT 360, classe 3 RK150DTG3"},"content":{"rendered":"<h1>D\u00e9tecteur de plafond RISCO LuNAR DT 360, classe 3 RK150DTG3<\/h1>\n<p data-start=\"457\" data-end=\"890\">Le d\u00e9tecteur de plafond RISCO LuNAR DT 360 (mod\u00e8le RK150DTG3) est con\u00e7u pour offrir une s\u00e9curit\u00e9 \u00e9lev\u00e9e avec une technologie de d\u00e9tection avanc\u00e9e.<\/p>\n<p data-start=\"457\" data-end=\"890\">Ce d\u00e9tecteur utilise une combinaison de technologie PIR (capteur infrarouge passif) et MW (micro-ondes) \u00e0 10,525 GHz, ce qui le rend extr\u00eamement sensible et pr\u00e9cis pour les signaux de mouvement et de temp\u00e9rature.<\/p>\n<p data-start=\"457\" data-end=\"890\">Avec un champ de vision de 360\u00b0 et une port\u00e9e allant jusqu&#039;\u00e0 12 m\u00e8tres, il est parfait pour surveiller de grandes zones int\u00e9rieures.<\/p>\n<p data-start=\"892\" data-end=\"1225\">Le d\u00e9tecteur est \u00e9quip\u00e9 d&#039;une lentille sph\u00e9rique unique de 110\u00b0, qui offre une couverture compl\u00e8te \u00e0 360\u00b0 sans angles morts.<\/p>\n<p data-start=\"892\" data-end=\"1225\">Il dispose \u00e9galement d&#039;une fonction anti-masque, qui lui permet d&#039;identifier tout obstacle qui tente de bloquer son champ de vision ou de masquer la d\u00e9tection de mouvement.<\/p>\n<p data-start=\"892\" data-end=\"1225\">Cela le rend particuli\u00e8rement utile pour les zones o\u00f9 une s\u00e9curit\u00e9 \u00e9lev\u00e9e est requise.<\/p>\n<p data-start=\"1227\" data-end=\"1516\">Avec une hauteur de montage comprise entre 2,4 m\u00e8tres et 4 m\u00e8tres, ce d\u00e9tecteur offre une installation flexible qui convient \u00e0 diff\u00e9rents types de b\u00e2timents et d&#039;espaces.<\/p>\n<p data-start=\"1227\" data-end=\"1516\">Son profil bas et sa conception compacte permettent de l&#039;int\u00e9grer facilement dans diverses installations, tout en conservant une apparence discr\u00e8te.<\/p>\n<p data-start=\"1518\" data-end=\"1843\">Pour garantir des performances fiables dans tous les environnements, le d\u00e9tecteur est \u00e9quip\u00e9 d&#039;une compensation de temp\u00e9rature, lui permettant de fonctionner de mani\u00e8re optimale quels que soient les changements de temp\u00e9rature.<\/p>\n<p data-start=\"1518\" data-end=\"1843\">Le d\u00e9tecteur dispose \u00e9galement de r\u00e9sistances int\u00e9gr\u00e9es dans la ligne verte pour r\u00e9duire l&#039;influence des facteurs externes et assurer un fonctionnement stable et \u00e0 long terme.<\/p>\n<p data-start=\"1845\" data-end=\"2123\">Ce d\u00e9tecteur est la solution id\u00e9ale pour garantir le bon fonctionnement de votre syst\u00e8me de s\u00e9curit\u00e9, sans provoquer de fausses alarmes.<\/p>\n<p data-start=\"1845\" data-end=\"2123\">Le d\u00e9tecteur est certifi\u00e9 classe de s\u00e9curit\u00e9 3, ce qui signifie qu&#039;il r\u00e9pond \u00e0 des exigences \u00e9lev\u00e9es pour une utilisation dans des zones critiques pour la s\u00e9curit\u00e9.<\/p>\n<p data-start=\"2125\" data-end=\"2153\"><strong data-start=\"2125\" data-end=\"2153\">Caract\u00e9ristiques principales\u00a0:<\/strong><\/p>\n<ul data-start=\"2154\" data-end=\"2548\">\n<li data-start=\"2154\" data-end=\"2179\">\n<p data-start=\"2156\" data-end=\"2179\"><strong data-start=\"2156\" data-end=\"2170\">Technologie:<\/strong> PIR + MW<\/p>\n<\/li>\n<li data-start=\"2180\" data-end=\"2218\">\n<p data-start=\"2182\" data-end=\"2218\"><strong data-start=\"2182\" data-end=\"2203\">Plage de d\u00e9tection\u00a0:<\/strong> 12 m\u00e8tres, 360\u00b0<\/p>\n<\/li>\n<li data-start=\"2219\" data-end=\"2260\">\n<p data-start=\"2221\" data-end=\"2260\"><strong data-start=\"2221\" data-end=\"2240\">Hauteur de montage :<\/strong> 2,4 m\u00e8tres \u2013 4 m\u00e8tres<\/p>\n<\/li>\n<li data-start=\"2261\" data-end=\"2291\">\n<p data-start=\"2263\" data-end=\"2291\"><strong data-start=\"2263\" data-end=\"2279\">Dimensions:<\/strong> 135 x 27 mm<\/p>\n<\/li>\n<li data-start=\"2292\" data-end=\"2309\">\n<p data-start=\"2294\" data-end=\"2309\"><strong data-start=\"2294\" data-end=\"2303\">Poids:<\/strong> 200 g<\/p>\n<\/li>\n<li data-start=\"2310\" data-end=\"2343\">\n<p data-start=\"2312\" data-end=\"2343\"><strong data-start=\"2312\" data-end=\"2333\">Alimentation\u00a0:<\/strong> 9 \u2013 16 V CC<\/p>\n<\/li>\n<li data-start=\"2344\" data-end=\"2361\">\n<p data-start=\"2346\" data-end=\"2361\"><strong data-start=\"2346\" data-end=\"2356\">Actuel:<\/strong> 16 mA<\/p>\n<\/li>\n<li data-start=\"2362\" data-end=\"2431\">\n<p data-start=\"2364\" data-end=\"2431\"><strong data-start=\"2364\" data-end=\"2379\">Propri\u00e9t\u00e9s:<\/strong> Fonction zoom, ACT, anti-masque, sensibilit\u00e9 r\u00e9glable<\/p>\n<\/li>\n<li data-start=\"2432\" data-end=\"2452\">\n<p data-start=\"2434\" data-end=\"2452\"><strong data-start=\"2434\" data-end=\"2445\">Couleurs:<\/strong> Argent<\/p>\n<\/li>\n<li data-start=\"2453\" data-end=\"2483\">\n<p data-start=\"2455\" data-end=\"2483\"><strong data-start=\"2455\" data-end=\"2471\">Application:<\/strong> Utilisation en int\u00e9rieur<\/p>\n<\/li>\n<li data-start=\"2484\" data-end=\"2511\">\n<p data-start=\"2486\" data-end=\"2511\"><strong data-start=\"2486\" data-end=\"2498\">Montage:<\/strong> Montage au plafond<\/p>\n<\/li>\n<li data-start=\"2512\" data-end=\"2548\">\n<p data-start=\"2514\" data-end=\"2548\"><strong data-start=\"2514\" data-end=\"2531\">Attestation\u00a0:<\/strong> Classe de s\u00e9curit\u00e9 3<\/p>\n<\/li>\n<\/ul>\n<p data-start=\"2550\" data-end=\"2800\">Ce d\u00e9tecteur est un excellent choix pour ceux qui recherchent une solution performante pour la s\u00e9curit\u00e9 int\u00e9rieure.<\/p>\n<p data-start=\"2550\" data-end=\"2800\">Avec ses fonctionnalit\u00e9s avanc\u00e9es et son installation facile, le RISCO LuNAR DT 360 est un composant fiable et efficace pour un syst\u00e8me de s\u00e9curit\u00e9 professionnel.<\/p>","protected":false},"excerpt":{"rendered":"<p>Le d\u00e9tecteur de plafond RISCO LuNAR DT 360 est un d\u00e9tecteur double technologie PIR + MW haute s\u00e9curit\u00e9 avec une couverture \u00e0 360\u00b0 et une port\u00e9e allant jusqu&#039;\u00e0 12 m\u00e8tres.<\/p>\n<p>Equip\u00e9 d&#039;une fonction anti-masque et d&#039;une sensibilit\u00e9 r\u00e9glable, il est id\u00e9al pour une utilisation dans des installations int\u00e9rieures jusqu&#039;\u00e0 4 m\u00e8tres de hauteur.<\/p>","protected":false},"featured_media":146150,"template":"","meta":{"_acf_changed":false},"product_brand":[],"product_cat":[3188],"product_tag":[],"class_list":{"0":"post-146151","1":"product","2":"type-product","3":"status-publish","4":"has-post-thumbnail","6":"product_cat-larmenheter-risco-larm","7":"pa_brands-4risco","8":"pa_farg-silver","9":"tm-no-options","11":"first","12":"instock","13":"taxable","14":"shipping-taxable","15":"purchasable","16":"product-type-simple"},"acf":[],"_links":{"self":[{"href":"https:\/\/secureus.se\/fr\/wp-json\/wp\/v2\/product\/146151","targetHints":{"allow":["GET"]}}],"collection":[{"href":"https:\/\/secureus.se\/fr\/wp-json\/wp\/v2\/product"}],"about":[{"href":"https:\/\/secureus.se\/fr\/wp-json\/wp\/v2\/types\/product"}],"wp:featuredmedia":[{"embeddable":true,"href":"https:\/\/secureus.se\/fr\/wp-json\/wp\/v2\/media\/146150"}],"wp:attachment":[{"href":"https:\/\/secureus.se\/fr\/wp-json\/wp\/v2\/media?parent=146151"}],"wp:term":[{"taxonomy":"product_brand","embeddable":true,"href":"https:\/\/secureus.se\/fr\/wp-json\/wp\/v2\/product_brand?post=146151"},{"taxonomy":"product_cat","embeddable":true,"href":"https:\/\/secureus.se\/fr\/wp-json\/wp\/v2\/product_cat?post=146151"},{"taxonomy":"product_tag","embeddable":true,"href":"https:\/\/secureus.se\/fr\/wp-json\/wp\/v2\/product_tag?post=146151"}],"curies":[{"name":"wp","href":"https:\/\/api.w.org\/{rel}","templated":true}]}}