{"id":146350,"date":"2025-01-07T15:20:55","date_gmt":"2025-01-07T14:20:55","guid":{"rendered":"https:\/\/secureus.se\/plastkort-pvc-kombi-em4200mifare1k-med-magnet-hico\/"},"modified":"2025-12-31T21:39:49","modified_gmt":"2025-12-31T20:39:49","slug":"plastkort-pvc-kombi-em4200mifare1k-med-magnet-hico","status":"publish","type":"product","link":"https:\/\/secureus.se\/fr\/plastkort-pvc-kombi-em4200mifare1k-med-magnet-hico\/","title":{"rendered":"Carte plastique PVC Combi EM4200+Mifare1k avec aimant HiCo"},"content":{"rendered":"<p>Carte de tr\u00e8s haute qualit\u00e9 fabriqu\u00e9e en Su\u00e8de avec une finition brillante, parfaite si vous souhaitez des impressions et des images pour votre entreprise sur la carte.<\/p>\n<p>Carte combin\u00e9e RFID avec puce EM4200 et Mifare1k \u2013 bande magn\u00e9tique HiCo.<\/p>\n<p>Num\u00e9ro PMM + RCO pour EM.<\/p>\n<p>La bande magn\u00e9tique est cod\u00e9e avec RCO, le m\u00eame code que sur la carte.<\/p>\n<p>Nouvelle version avec un nouveau sujet de carte, cartes de visite de haute qualit\u00e9<\/p>","protected":false},"excerpt":{"rendered":"<p>La carte est \u00e9galement destin\u00e9e \u00e0 ceux qui exigent un peu plus d&#039;apparence et une qualit\u00e9 suppl\u00e9mentaire par rapport aux cartes en plastique PVC standard.<\/p>","protected":false},"featured_media":146349,"template":"","meta":{"_acf_changed":false},"product_brand":[],"product_cat":[1324,4224],"product_tag":[],"class_list":{"0":"post-146350","1":"product","2":"type-product","3":"status-publish","4":"has-post-thumbnail","6":"product_cat-outlet","7":"product_cat-rfid-kort-mifare1k-em4200-kombinerade","8":"pa_brands-stonehouse-security","9":"tm-has-options","11":"first","12":"instock","13":"sale","14":"taxable","15":"shipping-taxable","16":"purchasable","17":"product-type-simple"},"acf":[],"_links":{"self":[{"href":"https:\/\/secureus.se\/fr\/wp-json\/wp\/v2\/product\/146350","targetHints":{"allow":["GET"]}}],"collection":[{"href":"https:\/\/secureus.se\/fr\/wp-json\/wp\/v2\/product"}],"about":[{"href":"https:\/\/secureus.se\/fr\/wp-json\/wp\/v2\/types\/product"}],"wp:featuredmedia":[{"embeddable":true,"href":"https:\/\/secureus.se\/fr\/wp-json\/wp\/v2\/media\/146349"}],"wp:attachment":[{"href":"https:\/\/secureus.se\/fr\/wp-json\/wp\/v2\/media?parent=146350"}],"wp:term":[{"taxonomy":"product_brand","embeddable":true,"href":"https:\/\/secureus.se\/fr\/wp-json\/wp\/v2\/product_brand?post=146350"},{"taxonomy":"product_cat","embeddable":true,"href":"https:\/\/secureus.se\/fr\/wp-json\/wp\/v2\/product_cat?post=146350"},{"taxonomy":"product_tag","embeddable":true,"href":"https:\/\/secureus.se\/fr\/wp-json\/wp\/v2\/product_tag?post=146350"}],"curies":[{"name":"wp","href":"https:\/\/api.w.org\/{rel}","templated":true}]}}