{"id":146354,"date":"2025-01-09T18:37:25","date_gmt":"2025-01-09T17:37:25","guid":{"rendered":"https:\/\/secureus.se\/plastkort-em4200-mifare1k-classic-kombi-med-magnet-hico-6-siffror\/"},"modified":"2025-12-31T21:45:38","modified_gmt":"2025-12-31T20:45:38","slug":"plastkort-em4200-mifare1k-classic-kombi-med-magnet-hico-6-siffror","status":"publish","type":"product","link":"https:\/\/secureus.se\/fr\/plastkort-em4200-mifare1k-classic-kombi-med-magnet-hico-6-siffror\/","title":{"rendered":"Carte plastique EM4200 + MIFARE1k Classic\u00ae Combi avec aimant HiCo \u2013 6 chiffres"},"content":{"rendered":"<p>Carte RFID avec puce EM4200 + MIFARE1k Classic\u00ae combin\u00e9e en une seule, et avec Magnet HiCo et 6 chiffres grav\u00e9s dessus. (Vous n&#039;\u00eates pas oblig\u00e9 d&#039;utiliser les chiffres)<\/p>\n<p><span data-teams=\"true\">Ce produit est dot\u00e9 d&#039;une puce certifi\u00e9e par NXP\u00ae, une entreprise technologique mondiale dont le si\u00e8ge est aux Pays-Bas. NXP\u00ae est sp\u00e9cialis\u00e9 dans la RFID et le NFC et propose une gamme de produits en mati\u00e8re de s\u00e9curit\u00e9, de connectivit\u00e9 et de solutions embarqu\u00e9es<\/span><\/p>","protected":false},"excerpt":{"rendered":"<p>Carte RFID avec puce EM4200 + MIFARE1k Classic\u00ae combin\u00e9e en une seule, et avec Magnet HiCo et 6 chiffres grav\u00e9s dessus. (Vous n&#039;\u00eates pas oblig\u00e9 d&#039;utiliser les chiffres)<\/p>","protected":false},"featured_media":146355,"template":"","meta":{"_acf_changed":false},"product_brand":[],"product_cat":[1324,4234,4224],"product_tag":[],"class_list":{"0":"post-146354","1":"product","2":"type-product","3":"status-publish","4":"has-post-thumbnail","6":"product_cat-outlet","7":"product_cat-rfid-kort-magnet","8":"product_cat-rfid-kort-mifare1k-em4200-kombinerade","9":"pa_brands-stonehouse-security","10":"tm-has-options","12":"first","13":"instock","14":"sale","15":"taxable","16":"shipping-taxable","17":"purchasable","18":"product-type-simple"},"acf":[],"_links":{"self":[{"href":"https:\/\/secureus.se\/fr\/wp-json\/wp\/v2\/product\/146354","targetHints":{"allow":["GET"]}}],"collection":[{"href":"https:\/\/secureus.se\/fr\/wp-json\/wp\/v2\/product"}],"about":[{"href":"https:\/\/secureus.se\/fr\/wp-json\/wp\/v2\/types\/product"}],"wp:featuredmedia":[{"embeddable":true,"href":"https:\/\/secureus.se\/fr\/wp-json\/wp\/v2\/media\/146355"}],"wp:attachment":[{"href":"https:\/\/secureus.se\/fr\/wp-json\/wp\/v2\/media?parent=146354"}],"wp:term":[{"taxonomy":"product_brand","embeddable":true,"href":"https:\/\/secureus.se\/fr\/wp-json\/wp\/v2\/product_brand?post=146354"},{"taxonomy":"product_cat","embeddable":true,"href":"https:\/\/secureus.se\/fr\/wp-json\/wp\/v2\/product_cat?post=146354"},{"taxonomy":"product_tag","embeddable":true,"href":"https:\/\/secureus.se\/fr\/wp-json\/wp\/v2\/product_tag?post=146354"}],"curies":[{"name":"wp","href":"https:\/\/api.w.org\/{rel}","templated":true}]}}