{"id":146357,"date":"2025-01-09T18:41:26","date_gmt":"2025-01-09T17:41:26","guid":{"rendered":"https:\/\/secureus.se\/plastkort-med-magnet-hico-9-siffror\/"},"modified":"2026-03-13T13:27:49","modified_gmt":"2026-03-13T12:27:49","slug":"plastkort-med-magnet-hico-9-siffror","status":"publish","type":"product","link":"https:\/\/secureus.se\/fr\/plastkort-med-magnet-hico-9-siffror\/","title":{"rendered":"Carte plastique avec Magnet HiCo + 9 chiffres"},"content":{"rendered":"<p>Carte plastique CR80 avec aimant (HiCo).<\/p>\n<p>La bande magn\u00e9tique est cod\u00e9e dans un code \u00e0 9 chiffres qui est \u00e9galement imprim\u00e9 sur la carte.<\/p>","protected":false},"excerpt":{"rendered":"<p>Carte plastique CR80 avec aimant (HiCo).<\/p>\n<p>La bande magn\u00e9tique est cod\u00e9e dans un code \u00e0 9 chiffres qui est \u00e9galement imprim\u00e9 sur la carte.<\/p>","protected":false},"featured_media":146356,"template":"","meta":{"_acf_changed":false},"product_brand":[],"product_cat":[1324,4234],"product_tag":[3077,3075,2958],"class_list":{"0":"post-146357","1":"product","2":"type-product","3":"status-publish","4":"has-post-thumbnail","6":"product_cat-outlet","7":"product_cat-rfid-kort-magnet","8":"product_tag-rfid-desfire","9":"product_tag-rfid-magnetkort","10":"product_tag-stonehouse-produkt","11":"product_shipping_class-postnord-varubrev","12":"pa_brands-stonehouse-security","13":"pa_plastkort-teknik-magnetkort","14":"tm-no-options","16":"first","17":"instock","18":"sale","19":"featured","20":"taxable","21":"shipping-taxable","22":"purchasable","23":"product-type-simple"},"acf":[],"_links":{"self":[{"href":"https:\/\/secureus.se\/fr\/wp-json\/wp\/v2\/product\/146357","targetHints":{"allow":["GET"]}}],"collection":[{"href":"https:\/\/secureus.se\/fr\/wp-json\/wp\/v2\/product"}],"about":[{"href":"https:\/\/secureus.se\/fr\/wp-json\/wp\/v2\/types\/product"}],"wp:featuredmedia":[{"embeddable":true,"href":"https:\/\/secureus.se\/fr\/wp-json\/wp\/v2\/media\/146356"}],"wp:attachment":[{"href":"https:\/\/secureus.se\/fr\/wp-json\/wp\/v2\/media?parent=146357"}],"wp:term":[{"taxonomy":"product_brand","embeddable":true,"href":"https:\/\/secureus.se\/fr\/wp-json\/wp\/v2\/product_brand?post=146357"},{"taxonomy":"product_cat","embeddable":true,"href":"https:\/\/secureus.se\/fr\/wp-json\/wp\/v2\/product_cat?post=146357"},{"taxonomy":"product_tag","embeddable":true,"href":"https:\/\/secureus.se\/fr\/wp-json\/wp\/v2\/product_tag?post=146357"}],"curies":[{"name":"wp","href":"https:\/\/api.w.org\/{rel}","templated":true}]}}